{"id":25047,"date":"2024-11-30T11:59:49","date_gmt":"2024-11-30T11:59:49","guid":{"rendered":"https:\/\/motokary-karting.sk\/?post_type=product&#038;p=25047"},"modified":"2026-02-11T10:51:42","modified_gmt":"2026-02-11T10:51:42","slug":"rukavice-sparco-tide","status":"publish","type":"product","link":"https:\/\/motokary-karting.sk\/cz\/produkt\/sparco-rukavice-k-tide\/","title":{"rendered":"Rukavice Sparco K-TIDE+"},"content":{"rendered":"<p>Motok\u00e1rov\u00e9 rukavice Sparco K-TIDE+ jsou motok\u00e1rovou verz\u00ed ohnivzdorn\u00fdch z\u00e1vodn\u00edch rukavic TIDE a spl\u0148uj\u00ed nejnov\u011bj\u0161\u00ed motok\u00e1rovou normu FIA 8877-2022. D\u00edky ergonomicky p\u0159edtvarovan\u00e9 dlani a vn\u011bj\u0161\u00edm \u0161v\u016fm rukavice dokonale padnou a poskytuj\u00ed vysok\u00fd komfort. D\u00edky inovativn\u00edmu pota\u017een\u00ed vnit\u0159n\u00edho povrchu nov\u00fdm materi\u00e1lem HTX-3D motok\u00e1rov\u00e9 rukavice K-TIDE+ tlum\u00ed n\u00e1razy a vibrace volantu. Jemn\u00e9 vroubky ve tvaru sopky zaji\u0161\u0165uj\u00ed vynikaj\u00edc\u00ed p\u0159ilnavost a nejlep\u0161\u00ed tlumen\u00ed. D\u00edky dynamick\u00e9mu designu rukavice opticky tvo\u0159\u00ed ide\u00e1ln\u00ed zakon\u010den\u00ed kombin\u00e9zy.<\/p>\n<p>Standard FIA: 8877-2022<\/p>","protected":false},"excerpt":{"rendered":"<p>Motok\u00e1rov\u00e9 rukavice Sparco K-TIDE+ jsou motok\u00e1rovou verz\u00ed ohnivzdorn\u00fdch z\u00e1vodn\u00edch rukavic TIDE a spl\u0148uj\u00ed nejnov\u011bj\u0161\u00ed motok\u00e1rovou normu FIA 8877-2022. Jsou vybaveny ergonomicky p\u0159edtvarovanou dlan\u00ed a vn\u011bj\u0161\u00edm povrchem....<\/p>","protected":false},"featured_media":25102,"template":"","meta":[],"product_brand":[],"product_cat":[15,93,18],"product_tag":[142,1090,1344,1084,81,83,1083,472,1088,26,1089,1087],"class_list":{"0":"post-25047","1":"product","2":"type-product","3":"status-publish","4":"has-post-thumbnail","6":"product_cat-rukavice","7":"product_cat-sparco","8":"product_cat-vybava-pretekara","9":"product_tag-karting","10":"product_tag-karting-glooves","11":"product_tag-karting-shop","12":"product_tag-motokarove-rukavice","13":"product_tag-motokary","14":"product_tag-rukavice","15":"product_tag-rukavice-na-motokary","16":"product_tag-rukavice-sparco","17":"product_tag-rukavice-sparco-tide-k","18":"product_tag-sparco","19":"product_tag-sparco-tide-k","20":"product_tag-tide-k","22":"first","23":"onbackorder","24":"taxable","25":"shipping-taxable","26":"purchasable","27":"product-type-variable","28":"customify-col","29":"product-has-gallery"},"aioseo_notices":[],"_links":{"self":[{"href":"https:\/\/motokary-karting.sk\/cz\/wp-json\/wp\/v2\/product\/25047","targetHints":{"allow":["GET"]}}],"collection":[{"href":"https:\/\/motokary-karting.sk\/cz\/wp-json\/wp\/v2\/product"}],"about":[{"href":"https:\/\/motokary-karting.sk\/cz\/wp-json\/wp\/v2\/types\/product"}],"wp:featuredmedia":[{"embeddable":true,"href":"https:\/\/motokary-karting.sk\/cz\/wp-json\/wp\/v2\/media\/25102"}],"wp:attachment":[{"href":"https:\/\/motokary-karting.sk\/cz\/wp-json\/wp\/v2\/media?parent=25047"}],"wp:term":[{"taxonomy":"product_brand","embeddable":true,"href":"https:\/\/motokary-karting.sk\/cz\/wp-json\/wp\/v2\/product_brand?post=25047"},{"taxonomy":"product_cat","embeddable":true,"href":"https:\/\/motokary-karting.sk\/cz\/wp-json\/wp\/v2\/product_cat?post=25047"},{"taxonomy":"product_tag","embeddable":true,"href":"https:\/\/motokary-karting.sk\/cz\/wp-json\/wp\/v2\/product_tag?post=25047"}],"curies":[{"name":"wp","href":"https:\/\/api.w.org\/{rel}","templated":true}]}}