{"id":25103,"date":"2024-11-30T17:19:44","date_gmt":"2024-11-30T17:19:44","guid":{"rendered":"https:\/\/motokary-karting.sk\/?post_type=product&#038;p=25103"},"modified":"2026-04-13T10:24:45","modified_gmt":"2026-04-13T10:24:45","slug":"rukavice-sparco-k-utoku","status":"publish","type":"product","link":"https:\/\/motokary-karting.sk\/cz\/produkt\/sparco-rukavice-k-attack\/","title":{"rendered":"Rukavice Sparco K-Attack"},"content":{"rendered":"<p>Motok\u00e1rov\u00e9 rukavice Sparco K-ATTACK zaujmou sv\u011b\u017e\u00edm, stylov\u00fdm designem, kter\u00fd okam\u017eit\u011b upout\u00e1 pozornost na ka\u017ed\u00e9 motok\u00e1rov\u00e9 dr\u00e1ze. Krom\u011b modern\u00edho vzhledu nab\u00edzej\u00ed tak\u00e9 exkluzivn\u00ed vlastnosti: minim\u00e1ln\u00ed konstrukce vn\u011bj\u0161\u00edch \u0161v\u016f a p\u0159edtvarovan\u00e1 struktura prst\u016f zaji\u0161\u0165uj\u00ed dokonal\u00e9 padnut\u00ed a sni\u017euj\u00ed zn\u00e1mky \u00fanavy. Inovativn\u00ed 3D silikonov\u00e1 profilov\u00e1 struktura v dlani zaji\u0161\u0165uje vynikaj\u00edc\u00ed p\u0159ilnavost a p\u0159esnou citlivost ovl\u00e1d\u00e1n\u00ed.<\/p>","protected":false},"excerpt":{"rendered":"<p>Motok\u00e1rov\u00e9 rukavice Sparco K-ATTACK zaujmou sv\u011b\u017e\u00edm, stylov\u00fdm designem, kter\u00fd okam\u017eit\u011b upout\u00e1 pozornost na ka\u017ed\u00e9 motok\u00e1rov\u00e9 dr\u00e1ze. Krom\u011b modern\u00edho vzhledu nab\u00edz\u00ed tak\u00e9 exkluzivn\u00ed funkce.<\/p>","protected":false},"featured_media":25134,"template":"","meta":[],"product_brand":[],"product_cat":[15,93,18],"product_tag":[142,1344,1084,81,97,83,1083,472,1086,2095,26,3365,1081,2096],"class_list":{"0":"post-25103","1":"product","2":"type-product","3":"status-publish","4":"has-post-thumbnail","6":"product_cat-rukavice","7":"product_cat-sparco","8":"product_cat-vybava-pretekara","9":"product_tag-karting","10":"product_tag-karting-shop","11":"product_tag-motokarove-rukavice","12":"product_tag-motokary","13":"product_tag-record","14":"product_tag-rukavice","15":"product_tag-rukavice-na-motokary","16":"product_tag-rukavice-sparco","17":"product_tag-rukavice-sparco-record","18":"product_tag-rukavice-sparco-roceord","19":"product_tag-sparco","20":"product_tag-sparco-k-attack","21":"product_tag-sparco-record","22":"product_tag-sparco-record-rukavice","24":"first","25":"instock","26":"taxable","27":"shipping-taxable","28":"purchasable","29":"product-type-variable","30":"customify-col","31":"product-has-gallery"},"aioseo_notices":[],"_links":{"self":[{"href":"https:\/\/motokary-karting.sk\/cz\/wp-json\/wp\/v2\/product\/25103","targetHints":{"allow":["GET"]}}],"collection":[{"href":"https:\/\/motokary-karting.sk\/cz\/wp-json\/wp\/v2\/product"}],"about":[{"href":"https:\/\/motokary-karting.sk\/cz\/wp-json\/wp\/v2\/types\/product"}],"wp:featuredmedia":[{"embeddable":true,"href":"https:\/\/motokary-karting.sk\/cz\/wp-json\/wp\/v2\/media\/25134"}],"wp:attachment":[{"href":"https:\/\/motokary-karting.sk\/cz\/wp-json\/wp\/v2\/media?parent=25103"}],"wp:term":[{"taxonomy":"product_brand","embeddable":true,"href":"https:\/\/motokary-karting.sk\/cz\/wp-json\/wp\/v2\/product_brand?post=25103"},{"taxonomy":"product_cat","embeddable":true,"href":"https:\/\/motokary-karting.sk\/cz\/wp-json\/wp\/v2\/product_cat?post=25103"},{"taxonomy":"product_tag","embeddable":true,"href":"https:\/\/motokary-karting.sk\/cz\/wp-json\/wp\/v2\/product_tag?post=25103"}],"curies":[{"name":"wp","href":"https:\/\/api.w.org\/{rel}","templated":true}]}}