{"id":2515,"date":"2020-08-13T20:10:22","date_gmt":"2020-08-13T20:10:22","guid":{"rendered":"https:\/\/motokary-karting.sk\/?post_type=product&#038;p=2515"},"modified":"2025-03-27T18:32:54","modified_gmt":"2025-03-27T18:32:54","slug":"unasac-25-mm-cerny","status":"publish","type":"product","link":"https:\/\/motokary-karting.sk\/cz\/produkt\/unasac-25mm-cierny\/","title":{"rendered":"Nosi\u010d \u0159et\u011bzov\u00e9ho kola (\u0159et\u011bzov\u00e9 kolo) 25 mm \u010dern\u00fd"},"content":{"rendered":"","protected":false},"excerpt":{"rendered":"","protected":false},"featured_media":2516,"template":"","meta":[],"product_brand":[],"product_cat":[399,271,649],"product_tag":[142,81,322,321],"class_list":{"0":"post-2515","1":"product","2":"type-product","3":"status-publish","4":"has-post-thumbnail","6":"product_cat-naboje-a-unasace","7":"product_cat-nahradne-diely-na-podvozky","8":"product_cat-o-25mm","9":"product_tag-karting","10":"product_tag-motokary","11":"product_tag-unasac-ozubeneho-kola","12":"product_tag-unasac-rozety","14":"first","15":"onbackorder","16":"taxable","17":"shipping-taxable","18":"purchasable","19":"product-type-simple","20":"customify-col"},"aioseo_notices":[],"_links":{"self":[{"href":"https:\/\/motokary-karting.sk\/cz\/wp-json\/wp\/v2\/product\/2515","targetHints":{"allow":["GET"]}}],"collection":[{"href":"https:\/\/motokary-karting.sk\/cz\/wp-json\/wp\/v2\/product"}],"about":[{"href":"https:\/\/motokary-karting.sk\/cz\/wp-json\/wp\/v2\/types\/product"}],"wp:featuredmedia":[{"embeddable":true,"href":"https:\/\/motokary-karting.sk\/cz\/wp-json\/wp\/v2\/media\/2516"}],"wp:attachment":[{"href":"https:\/\/motokary-karting.sk\/cz\/wp-json\/wp\/v2\/media?parent=2515"}],"wp:term":[{"taxonomy":"product_brand","embeddable":true,"href":"https:\/\/motokary-karting.sk\/cz\/wp-json\/wp\/v2\/product_brand?post=2515"},{"taxonomy":"product_cat","embeddable":true,"href":"https:\/\/motokary-karting.sk\/cz\/wp-json\/wp\/v2\/product_cat?post=2515"},{"taxonomy":"product_tag","embeddable":true,"href":"https:\/\/motokary-karting.sk\/cz\/wp-json\/wp\/v2\/product_tag?post=2515"}],"curies":[{"name":"wp","href":"https:\/\/api.w.org\/{rel}","templated":true}]}}