{"id":25186,"date":"2024-12-01T08:34:22","date_gmt":"2024-12-01T08:34:22","guid":{"rendered":"https:\/\/motokary-karting.sk\/?post_type=product&#038;p=25186"},"modified":"2026-01-28T18:09:50","modified_gmt":"2026-01-28T18:09:50","slug":"rukavice-omp-ks-2-umeni","status":"publish","type":"product","link":"https:\/\/motokary-karting.sk\/cz\/produkt\/omp-rukavice-ks-2-art\/","title":{"rendered":"Rukavice OMP KS-2 Art"},"content":{"rendered":"<p>Superlehk\u00e9 motok\u00e1rov\u00e9 rukavice s nekompromisn\u011b dobr\u00fdm st\u0159ihem. Extr\u00e9mn\u011b tenk\u00fd a pru\u017en\u00fd vrchn\u00ed materi\u00e1l v kombinaci se speci\u00e1ln\u00edmi vn\u011bj\u0161\u00edmi \u0161vy zaru\u010duje nejvy\u0161\u0161\u00ed mo\u017en\u00fd komfort p\u0159i no\u0161en\u00ed. Velk\u00e9 silikonov\u00e9 potisky zaji\u0161\u0165uj\u00ed optim\u00e1ln\u00ed p\u0159ilnavost a p\u0159\u00edm\u00fd kontakt s volantem. Vizu\u00e1ln\u00ed rukavice KS-2 ART zaujmou mimo\u0159\u00e1dn\u011b propracovan\u00fdm st\u0159ihem a modern\u00edmi barevn\u00fdmi akcenty.<\/p>","protected":false},"excerpt":{"rendered":"<p>Superlehk\u00e9 motok\u00e1rov\u00e9 rukavice s nekompromisn\u011b dobr\u00fdm st\u0159ihem. Extr\u00e9mn\u011b tenk\u00fd a pru\u017en\u00fd vrchn\u00ed materi\u00e1l v kombinaci se speci\u00e1ln\u00edmi vn\u011bj\u0161\u00edmi \u0161vy zaru\u010duje nejvy\u0161\u0161\u00ed mo\u017en\u00fd komfort no\u0161en\u00ed.....<\/p>","protected":false},"featured_media":25239,"template":"","meta":[],"product_brand":[],"product_cat":[90,15,18],"product_tag":[2774,142,1344,2776,1084,81,25,2778,3366,2775,2779,1825,83,1083,2777],"class_list":{"0":"post-25186","1":"product","2":"type-product","3":"status-publish","4":"has-post-thumbnail","6":"product_cat-omp","7":"product_cat-rukavice","8":"product_cat-vybava-pretekara","9":"product_tag-diler-omp","10":"product_tag-karting","11":"product_tag-karting-shop","12":"product_tag-motokarove-omp-rukavice","13":"product_tag-motokarove-rukavice","14":"product_tag-motokary","15":"product_tag-omp","16":"product_tag-omp-ks-3-rukavice","17":"product_tag-omp-ks2-art","18":"product_tag-omp-rukavice","19":"product_tag-omp-rukavice-ks-3","20":"product_tag-omp-shop","21":"product_tag-rukavice","22":"product_tag-rukavice-na-motokary","23":"product_tag-rukavice-omp-na-motokary","25":"first","26":"onbackorder","27":"taxable","28":"shipping-taxable","29":"purchasable","30":"product-type-variable","31":"customify-col","32":"product-has-gallery"},"aioseo_notices":[],"_links":{"self":[{"href":"https:\/\/motokary-karting.sk\/cz\/wp-json\/wp\/v2\/product\/25186","targetHints":{"allow":["GET"]}}],"collection":[{"href":"https:\/\/motokary-karting.sk\/cz\/wp-json\/wp\/v2\/product"}],"about":[{"href":"https:\/\/motokary-karting.sk\/cz\/wp-json\/wp\/v2\/types\/product"}],"wp:featuredmedia":[{"embeddable":true,"href":"https:\/\/motokary-karting.sk\/cz\/wp-json\/wp\/v2\/media\/25239"}],"wp:attachment":[{"href":"https:\/\/motokary-karting.sk\/cz\/wp-json\/wp\/v2\/media?parent=25186"}],"wp:term":[{"taxonomy":"product_brand","embeddable":true,"href":"https:\/\/motokary-karting.sk\/cz\/wp-json\/wp\/v2\/product_brand?post=25186"},{"taxonomy":"product_cat","embeddable":true,"href":"https:\/\/motokary-karting.sk\/cz\/wp-json\/wp\/v2\/product_cat?post=25186"},{"taxonomy":"product_tag","embeddable":true,"href":"https:\/\/motokary-karting.sk\/cz\/wp-json\/wp\/v2\/product_tag?post=25186"}],"curies":[{"name":"wp","href":"https:\/\/api.w.org\/{rel}","templated":true}]}}