{"id":2525,"date":"2020-07-13T20:27:18","date_gmt":"2020-07-13T20:27:18","guid":{"rendered":"https:\/\/motokary-karting.sk\/?post_type=product&#038;p=2525"},"modified":"2022-01-05T20:59:38","modified_gmt":"2022-01-05T20:59:38","slug":"ozubene-kolo-pro-vodni-cerpadlo-na-zadni-naprave-40-mm","status":"publish","type":"product","link":"https:\/\/motokary-karting.sk\/cz\/produkt\/prevodove-kolecko-k-vodnej-pumpe-na-zadnu-os-40mm\/","title":{"rendered":"Ozuben\u00e9 kolo zadn\u00ed n\u00e1pravy pro vodn\u00ed \u010derpadlo 40 mm"},"content":{"rendered":"","protected":false},"excerpt":{"rendered":"<p>Dod\u00e1n\u00ed do 7 dn\u016f<\/p>","protected":false},"featured_media":2526,"template":"","meta":[],"product_brand":[],"product_cat":[280,271],"product_tag":[689,690,142,81,693,694,687,688,691,692],"class_list":{"0":"post-2525","1":"product","2":"type-product","3":"status-publish","4":"has-post-thumbnail","6":"product_cat-chladice-vody-prislusenstvo","7":"product_cat-nahradne-diely-na-podvozky","8":"product_tag-cidlo","9":"product_tag-cidlo-na-vodu","10":"product_tag-karting","11":"product_tag-motokary","12":"product_tag-pulley","13":"product_tag-pulley-waterpump","14":"product_tag-senzor","15":"product_tag-senzor-teploty-vody","16":"product_tag-system-snimania-teploty-vody","17":"product_tag-teplomer","19":"first","20":"onbackorder","21":"taxable","22":"shipping-taxable","23":"purchasable","24":"product-type-simple","25":"customify-col"},"aioseo_notices":[],"_links":{"self":[{"href":"https:\/\/motokary-karting.sk\/cz\/wp-json\/wp\/v2\/product\/2525","targetHints":{"allow":["GET"]}}],"collection":[{"href":"https:\/\/motokary-karting.sk\/cz\/wp-json\/wp\/v2\/product"}],"about":[{"href":"https:\/\/motokary-karting.sk\/cz\/wp-json\/wp\/v2\/types\/product"}],"wp:featuredmedia":[{"embeddable":true,"href":"https:\/\/motokary-karting.sk\/cz\/wp-json\/wp\/v2\/media\/2526"}],"wp:attachment":[{"href":"https:\/\/motokary-karting.sk\/cz\/wp-json\/wp\/v2\/media?parent=2525"}],"wp:term":[{"taxonomy":"product_brand","embeddable":true,"href":"https:\/\/motokary-karting.sk\/cz\/wp-json\/wp\/v2\/product_brand?post=2525"},{"taxonomy":"product_cat","embeddable":true,"href":"https:\/\/motokary-karting.sk\/cz\/wp-json\/wp\/v2\/product_cat?post=2525"},{"taxonomy":"product_tag","embeddable":true,"href":"https:\/\/motokary-karting.sk\/cz\/wp-json\/wp\/v2\/product_tag?post=2525"}],"curies":[{"name":"wp","href":"https:\/\/api.w.org\/{rel}","templated":true}]}}