{"id":2529,"date":"2020-07-13T20:34:27","date_gmt":"2020-07-13T20:34:27","guid":{"rendered":"https:\/\/motokary-karting.sk\/?post_type=product&#038;p=2529"},"modified":"2025-05-30T05:18:38","modified_gmt":"2025-05-30T05:18:38","slug":"ozubene-kolo-pro-vodni-cerpadlo-na-zadni-naprave-50-mm","status":"publish","type":"product","link":"https:\/\/motokary-karting.sk\/cz\/produkt\/prevodove-kolecko-k-vodnej-pumpe-na-zadnu-os-50mm\/","title":{"rendered":"Ozuben\u00e9 kolo pro vodn\u00ed \u010derpadlo na zadn\u00ed n\u00e1prav\u011b 50 mm"},"content":{"rendered":"","protected":false},"excerpt":{"rendered":"<p>Dod\u00e1n\u00ed do 7 dn\u016f<\/p>","protected":false},"featured_media":2528,"template":"","meta":[],"product_brand":[],"product_cat":[280,271],"product_tag":[142,81,695,693,694,687],"class_list":{"0":"post-2529","1":"product","2":"type-product","3":"status-publish","4":"has-post-thumbnail","6":"product_cat-chladice-vody-prislusenstvo","7":"product_cat-nahradne-diely-na-podvozky","8":"product_tag-karting","9":"product_tag-motokary","10":"product_tag-preovodove-kolecko-na-vodnu-pumpu","11":"product_tag-pulley","12":"product_tag-pulley-waterpump","13":"product_tag-senzor","15":"first","16":"onbackorder","17":"taxable","18":"shipping-taxable","19":"purchasable","20":"product-type-simple","21":"customify-col"},"aioseo_notices":[],"_links":{"self":[{"href":"https:\/\/motokary-karting.sk\/cz\/wp-json\/wp\/v2\/product\/2529","targetHints":{"allow":["GET"]}}],"collection":[{"href":"https:\/\/motokary-karting.sk\/cz\/wp-json\/wp\/v2\/product"}],"about":[{"href":"https:\/\/motokary-karting.sk\/cz\/wp-json\/wp\/v2\/types\/product"}],"wp:featuredmedia":[{"embeddable":true,"href":"https:\/\/motokary-karting.sk\/cz\/wp-json\/wp\/v2\/media\/2528"}],"wp:attachment":[{"href":"https:\/\/motokary-karting.sk\/cz\/wp-json\/wp\/v2\/media?parent=2529"}],"wp:term":[{"taxonomy":"product_brand","embeddable":true,"href":"https:\/\/motokary-karting.sk\/cz\/wp-json\/wp\/v2\/product_brand?post=2529"},{"taxonomy":"product_cat","embeddable":true,"href":"https:\/\/motokary-karting.sk\/cz\/wp-json\/wp\/v2\/product_cat?post=2529"},{"taxonomy":"product_tag","embeddable":true,"href":"https:\/\/motokary-karting.sk\/cz\/wp-json\/wp\/v2\/product_tag?post=2529"}],"curies":[{"name":"wp","href":"https:\/\/api.w.org\/{rel}","templated":true}]}}