{"id":2530,"date":"2020-08-13T20:35:19","date_gmt":"2020-08-13T20:35:19","guid":{"rendered":"https:\/\/motokary-karting.sk\/?post_type=product&#038;p=2530"},"modified":"2025-05-30T05:18:38","modified_gmt":"2025-05-30T05:18:38","slug":"sada-vodnich-cerpadel","status":"publish","type":"product","link":"https:\/\/motokary-karting.sk\/cz\/produkt\/vodna-pumpa-komplet\/","title":{"rendered":"Vodn\u00ed \u010derpadlo kompletn\u00ed hlin\u00edkov\u00e9"},"content":{"rendered":"","protected":false},"excerpt":{"rendered":"","protected":false},"featured_media":2531,"template":"","meta":[],"product_brand":[],"product_cat":[280,271],"product_tag":[698,142,81,693,694,697,699,700,701,696],"class_list":{"0":"post-2530","1":"product","2":"type-product","3":"status-publish","4":"has-post-thumbnail","6":"product_cat-chladice-vody-prislusenstvo","7":"product_cat-nahradne-diely-na-podvozky","8":"product_tag-cerpadlo-na-vodu","9":"product_tag-karting","10":"product_tag-motokary","11":"product_tag-pulley","12":"product_tag-pulley-waterpump","13":"product_tag-vodna-pumpa","14":"product_tag-vodne-cerpadlo","15":"product_tag-vodni-cerpadlo","16":"product_tag-vodni-duchadlo","17":"product_tag-waterpump","19":"first","20":"onbackorder","21":"taxable","22":"shipping-taxable","23":"purchasable","24":"product-type-simple","25":"customify-col"},"aioseo_notices":[],"_links":{"self":[{"href":"https:\/\/motokary-karting.sk\/cz\/wp-json\/wp\/v2\/product\/2530","targetHints":{"allow":["GET"]}}],"collection":[{"href":"https:\/\/motokary-karting.sk\/cz\/wp-json\/wp\/v2\/product"}],"about":[{"href":"https:\/\/motokary-karting.sk\/cz\/wp-json\/wp\/v2\/types\/product"}],"wp:featuredmedia":[{"embeddable":true,"href":"https:\/\/motokary-karting.sk\/cz\/wp-json\/wp\/v2\/media\/2531"}],"wp:attachment":[{"href":"https:\/\/motokary-karting.sk\/cz\/wp-json\/wp\/v2\/media?parent=2530"}],"wp:term":[{"taxonomy":"product_brand","embeddable":true,"href":"https:\/\/motokary-karting.sk\/cz\/wp-json\/wp\/v2\/product_brand?post=2530"},{"taxonomy":"product_cat","embeddable":true,"href":"https:\/\/motokary-karting.sk\/cz\/wp-json\/wp\/v2\/product_cat?post=2530"},{"taxonomy":"product_tag","embeddable":true,"href":"https:\/\/motokary-karting.sk\/cz\/wp-json\/wp\/v2\/product_tag?post=2530"}],"curies":[{"name":"wp","href":"https:\/\/api.w.org\/{rel}","templated":true}]}}