{"id":2535,"date":"2020-07-13T20:42:10","date_gmt":"2020-07-13T20:42:10","guid":{"rendered":"https:\/\/motokary-karting.sk\/?post_type=product&#038;p=2535"},"modified":"2022-01-05T19:29:59","modified_gmt":"2022-01-05T19:29:59","slug":"sada-vodnich-cerpadel-plastova-transparentni-transparentni","status":"publish","type":"product","link":"https:\/\/motokary-karting.sk\/cz\/produkt\/vodna-pumpa-komplet-plastova-transparent-priesvitna\/","title":{"rendered":"Vodn\u00ed \u010derpadlo kompletn\u00ed plastov\u00e9 transparentn\u00ed"},"content":{"rendered":"","protected":false},"excerpt":{"rendered":"<p>Dod\u00e1n\u00ed do 7 dn\u016f<\/p>","protected":false},"featured_media":2537,"template":"","meta":[],"product_brand":[],"product_cat":[280,271],"product_tag":[698,142,81,693,694,697,699,700,701,696],"class_list":{"0":"post-2535","1":"product","2":"type-product","3":"status-publish","4":"has-post-thumbnail","6":"product_cat-chladice-vody-prislusenstvo","7":"product_cat-nahradne-diely-na-podvozky","8":"product_tag-cerpadlo-na-vodu","9":"product_tag-karting","10":"product_tag-motokary","11":"product_tag-pulley","12":"product_tag-pulley-waterpump","13":"product_tag-vodna-pumpa","14":"product_tag-vodne-cerpadlo","15":"product_tag-vodni-cerpadlo","16":"product_tag-vodni-duchadlo","17":"product_tag-waterpump","19":"first","20":"onbackorder","21":"taxable","22":"shipping-taxable","23":"purchasable","24":"product-type-simple","25":"customify-col","26":"product-has-gallery"},"aioseo_notices":[],"_links":{"self":[{"href":"https:\/\/motokary-karting.sk\/cz\/wp-json\/wp\/v2\/product\/2535","targetHints":{"allow":["GET"]}}],"collection":[{"href":"https:\/\/motokary-karting.sk\/cz\/wp-json\/wp\/v2\/product"}],"about":[{"href":"https:\/\/motokary-karting.sk\/cz\/wp-json\/wp\/v2\/types\/product"}],"wp:featuredmedia":[{"embeddable":true,"href":"https:\/\/motokary-karting.sk\/cz\/wp-json\/wp\/v2\/media\/2537"}],"wp:attachment":[{"href":"https:\/\/motokary-karting.sk\/cz\/wp-json\/wp\/v2\/media?parent=2535"}],"wp:term":[{"taxonomy":"product_brand","embeddable":true,"href":"https:\/\/motokary-karting.sk\/cz\/wp-json\/wp\/v2\/product_brand?post=2535"},{"taxonomy":"product_cat","embeddable":true,"href":"https:\/\/motokary-karting.sk\/cz\/wp-json\/wp\/v2\/product_cat?post=2535"},{"taxonomy":"product_tag","embeddable":true,"href":"https:\/\/motokary-karting.sk\/cz\/wp-json\/wp\/v2\/product_tag?post=2535"}],"curies":[{"name":"wp","href":"https:\/\/api.w.org\/{rel}","templated":true}]}}