{"id":25493,"date":"2024-12-01T10:33:35","date_gmt":"2024-12-01T10:33:35","guid":{"rendered":"https:\/\/motokary-karting.sk\/?post_type=product&#038;p=25493"},"modified":"2026-04-27T05:55:29","modified_gmt":"2026-04-27T05:55:29","slug":"sparco-suit-thunder-advanced","status":"publish","type":"product","link":"https:\/\/motokary-karting.sk\/cz\/produkt\/sparco-kombineza-thunder-advanced\/","title":{"rendered":"Kombin\u00e9za Sparco Thunder Advanced"},"content":{"rendered":"<p>Kombin\u00e9za Sparco THUNDER je ide\u00e1ln\u00ed volbou pro ambici\u00f3zn\u00ed motok\u00e1rov\u00e9 jezdce, kte\u0159\u00ed si zakl\u00e1daj\u00ed na dlouhodob\u00e9 kvalit\u011b a modern\u00edm designu. Spl\u0148uje nejnov\u011bj\u0161\u00ed normu FIA 8877-2022 pro motok\u00e1ry. Nab\u00edz\u00ed vynikaj\u00edc\u00ed prody\u0161nost d\u00edky prody\u0161n\u00fdm vlo\u017ek\u00e1m v podpa\u017e\u00ed a v oblasti stehen.<\/p>\n<p>Speci\u00e1ln\u00ed stre\u010dov\u00e9 vlo\u017eky zaji\u0161\u0165uj\u00ed maxim\u00e1ln\u00ed volnost pohybu, zat\u00edmco sportovn\u00ed st\u0159ih obep\u00ednaj\u00edc\u00ed t\u011blo zaji\u0161\u0165uje optim\u00e1ln\u00ed p\u0159izp\u016fsoben\u00ed. Otev\u0159en\u00fd p\u0159edn\u00ed zip, kontrastn\u00ed aplikace a vykrojen\u00fd l\u00edmec dod\u00e1vaj\u00ed kombin\u00e9ze dynamick\u00fd vzhled. Ide\u00e1ln\u00ed od z\u00e1kladn\u00ed \u00farovn\u011b a\u017e po profesion\u00e1ln\u00ed z\u00e1vodn\u00ed pou\u017eit\u00ed.<\/p>\n<p>Standard FIA: 8877-2022<\/p>","protected":false},"excerpt":{"rendered":"<p>Kombin\u00e9za Sparco THUNDER je ide\u00e1ln\u00ed volbou pro ambici\u00f3zn\u00ed motok\u00e1rov\u00e9 jezdce, kte\u0159\u00ed si zakl\u00e1daj\u00ed na dlouhodob\u00e9 kvalit\u011b a modern\u00edm designu. Spl\u0148uje nejnov\u011bj\u0161\u00ed normu FIA 8877-2022 pro...<\/p>","protected":false},"featured_media":25621,"template":"","meta":[],"product_brand":[],"product_cat":[22,98,18],"product_tag":[142,1344,85,482,1255,1258,81,2083,2085,26,1257,1256,100,2084],"class_list":{"0":"post-25493","1":"product","2":"type-product","3":"status-publish","4":"has-post-thumbnail","6":"product_cat-kombinezy","7":"product_cat-sparco-kombinezy","8":"product_cat-vybava-pretekara","9":"product_tag-karting","10":"product_tag-karting-shop","11":"product_tag-kombineza","12":"product_tag-kombineza-na-motokary","13":"product_tag-kombineza-sparco-thunder","14":"product_tag-motokarova-kombineza","15":"product_tag-motokary","16":"product_tag-overal-sparco-thunder","17":"product_tag-saprco-shop","18":"product_tag-sparco","19":"product_tag-sparco-kombineza-thunder","20":"product_tag-sparco-thunder","21":"product_tag-thunder","22":"product_tag-thunder-sparco","24":"first","25":"instock","26":"taxable","27":"shipping-taxable","28":"purchasable","29":"product-type-variable","30":"customify-col","31":"product-has-gallery"},"aioseo_notices":[],"_links":{"self":[{"href":"https:\/\/motokary-karting.sk\/cz\/wp-json\/wp\/v2\/product\/25493","targetHints":{"allow":["GET"]}}],"collection":[{"href":"https:\/\/motokary-karting.sk\/cz\/wp-json\/wp\/v2\/product"}],"about":[{"href":"https:\/\/motokary-karting.sk\/cz\/wp-json\/wp\/v2\/types\/product"}],"wp:featuredmedia":[{"embeddable":true,"href":"https:\/\/motokary-karting.sk\/cz\/wp-json\/wp\/v2\/media\/25621"}],"wp:attachment":[{"href":"https:\/\/motokary-karting.sk\/cz\/wp-json\/wp\/v2\/media?parent=25493"}],"wp:term":[{"taxonomy":"product_brand","embeddable":true,"href":"https:\/\/motokary-karting.sk\/cz\/wp-json\/wp\/v2\/product_brand?post=25493"},{"taxonomy":"product_cat","embeddable":true,"href":"https:\/\/motokary-karting.sk\/cz\/wp-json\/wp\/v2\/product_cat?post=25493"},{"taxonomy":"product_tag","embeddable":true,"href":"https:\/\/motokary-karting.sk\/cz\/wp-json\/wp\/v2\/product_tag?post=25493"}],"curies":[{"name":"wp","href":"https:\/\/api.w.org\/{rel}","templated":true}]}}