{"id":2562,"date":"2020-07-13T21:31:13","date_gmt":"2020-07-13T21:31:13","guid":{"rendered":"https:\/\/motokary-karting.sk\/?post_type=product&#038;p=2562"},"modified":"2026-01-28T19:12:03","modified_gmt":"2026-01-28T19:12:03","slug":"zavodni-odev-s-chranicem-zeber-fr-1","status":"publish","type":"product","link":"https:\/\/motokary-karting.sk\/cz\/produkt\/rebrovy-chranic-racewear-fr-1\/","title":{"rendered":"Chr\u00e1ni\u010d \u017eeber Racewear FR-1"},"content":{"rendered":"<p>-profesion\u00e1ln\u00ed chr\u00e1ni\u010d \u017eeber (bez homologace FIA)<br \/>\n-optim\u00e1ln\u00ed ochrana \u017eeber, hrudn\u00edku a zad -pln\u00fd chr\u00e1ni\u010d zad pro ochranu p\u00e1te\u0159e<br \/>\n-pln\u00fd prsn\u00ed chr\u00e1ni\u010d chr\u00e1n\u00ed p\u0159ed n\u00e1razem do volantu ze dvou \u010d\u00e1st\u00ed, tak\u017ee je dokonale p\u0159izp\u016fsobiteln\u00fd<br \/>\n-optim\u00e1ln\u011b nastaviteln\u00e9 pomoc\u00ed such\u00fdch zip\u016f<br \/>\n-maxim\u00e1ln\u00ed ochrana s p\u0159\u00edjemn\u00fdm komfortem<br \/>\n-lze nosit p\u0159es nebo pod kombin\u00e9zou<\/p>","protected":false},"excerpt":{"rendered":"<p>-profesion\u00e1ln\u00ed chr\u00e1ni\u010d \u017eeber (bez homologace FIA) -optim\u00e1ln\u00ed ochrana \u017eeber, hrudn\u00edku a zad -pln\u00fd chr\u00e1ni\u010d p\u00e1te\u0159e pro ochranu p\u00e1te\u0159e -pln\u00fd chr\u00e1ni\u010d hrudn\u00edku chr\u00e1n\u00ed p\u0159ed n\u00e1razem na...<\/p>","protected":false},"featured_media":2571,"template":"","meta":[],"product_brand":[],"product_cat":[88,18],"product_tag":[1243,721,155,142,1344,1545,1546,81,720,153,1030,1203],"class_list":{"0":"post-2562","1":"product","2":"type-product","3":"status-publish","4":"has-post-thumbnail","6":"product_cat-ochrana-rebier","7":"product_cat-vybava-pretekara","8":"product_tag-chranic-na-rebra","9":"product_tag-chranic-rebier","10":"product_tag-chranicrebier","11":"product_tag-karting","12":"product_tag-karting-shop","13":"product_tag-motokarovy-chranic-rebier","14":"product_tag-motokarovy-rebrovy-chranic","15":"product_tag-motokary","16":"product_tag-ochrana-rebier","17":"product_tag-racewear","18":"product_tag-rebrovy-chranic","19":"product_tag-rebrovy-chranic-na-motokary","21":"first","22":"instock","23":"taxable","24":"shipping-taxable","25":"purchasable","26":"product-type-variable","27":"customify-col","28":"product-has-gallery"},"aioseo_notices":[],"_links":{"self":[{"href":"https:\/\/motokary-karting.sk\/cz\/wp-json\/wp\/v2\/product\/2562","targetHints":{"allow":["GET"]}}],"collection":[{"href":"https:\/\/motokary-karting.sk\/cz\/wp-json\/wp\/v2\/product"}],"about":[{"href":"https:\/\/motokary-karting.sk\/cz\/wp-json\/wp\/v2\/types\/product"}],"wp:featuredmedia":[{"embeddable":true,"href":"https:\/\/motokary-karting.sk\/cz\/wp-json\/wp\/v2\/media\/2571"}],"wp:attachment":[{"href":"https:\/\/motokary-karting.sk\/cz\/wp-json\/wp\/v2\/media?parent=2562"}],"wp:term":[{"taxonomy":"product_brand","embeddable":true,"href":"https:\/\/motokary-karting.sk\/cz\/wp-json\/wp\/v2\/product_brand?post=2562"},{"taxonomy":"product_cat","embeddable":true,"href":"https:\/\/motokary-karting.sk\/cz\/wp-json\/wp\/v2\/product_cat?post=2562"},{"taxonomy":"product_tag","embeddable":true,"href":"https:\/\/motokary-karting.sk\/cz\/wp-json\/wp\/v2\/product_tag?post=2562"}],"curies":[{"name":"wp","href":"https:\/\/api.w.org\/{rel}","templated":true}]}}