{"id":25697,"date":"2024-12-02T15:42:35","date_gmt":"2024-12-02T15:42:35","guid":{"rendered":"https:\/\/motokary-karting.sk\/?post_type=product&#038;p=25697"},"modified":"2026-03-25T10:45:57","modified_gmt":"2026-03-25T10:45:57","slug":"kombineza-sparco-kerb-advanced-lady","status":"publish","type":"product","link":"https:\/\/motokary-karting.sk\/cz\/produkt\/sparco-kombineza-kerb-advanced-lady\/","title":{"rendered":"Sparco Coverall Kerb Advanced LADY"},"content":{"rendered":"<p>Tato motok\u00e1rov\u00e1 kombin\u00e9za zaujme modern\u00edm designem a vynikaj\u00edc\u00edm komfortem p\u0159i no\u0161en\u00ed. Nov\u00fd st\u0159ih zaji\u0161\u0165uje ide\u00e1ln\u00ed p\u0159ilnut\u00ed k t\u011blu, zat\u00edmco elastick\u00e9 vlo\u017eky v podpa\u017e\u00ed a v oblasti zad nab\u00edzej\u00ed maxim\u00e1ln\u00ed volnost pohybu - ide\u00e1ln\u00ed pro jakoukoli polohu v motok\u00e1\u0159e.<\/p>\n<p>V\u011btrac\u00ed otvory v oblasti stehen zaru\u010duj\u00ed c\u00edlen\u00e9 v\u011btr\u00e1n\u00ed, kter\u00e9 zaji\u0161\u0165uje p\u0159\u00edjemn\u00e9 pohodl\u00ed i p\u0159i vysok\u00fdch teplot\u00e1ch. Bo\u010dn\u00ed poutka v oblasti pasu lze snadno nastavit pro individu\u00e1ln\u00ed p\u0159izp\u016fsoben\u00ed. Barevn\u011b kontrastn\u00ed aplikace a \u0161ikm\u00e9 kontrastn\u00ed \u0161vy podtrhuj\u00ed sportovn\u00ed a modern\u00ed vzhled kombin\u00e9zy. Sportovn\u00ed design a ergonomick\u00fd celkov\u00fd tvar d\u011blaj\u00ed z kombin\u00e9zy Sparco CURB \u0161pi\u010dkov\u00fd model ve sv\u00e9 t\u0159\u00edd\u011b, a to jak po vizu\u00e1ln\u00ed str\u00e1nce, tak z hlediska pohodl\u00ed.<\/p>\n<p>Standard FIA: 8877-2022<\/p>","protected":false},"excerpt":{"rendered":"<p>Tato motok\u00e1rov\u00e1 kombin\u00e9za zaujme modern\u00edm designem a vynikaj\u00edc\u00edm komfortem p\u0159i no\u0161en\u00ed. Nov\u00fd st\u0159ih zaji\u0161\u0165uje ide\u00e1ln\u00ed p\u0159ilnut\u00ed k t\u011blu, zat\u00edmco elastick\u00e9 vycp\u00e1vky v podpa\u017e\u00ed a...<\/p>","protected":false},"featured_media":25734,"template":"","meta":[],"product_brand":[],"product_cat":[22,98,18],"product_tag":[142,1344,1042,1254,81,2082,26,1252,2769,1043,1253,1755],"class_list":{"0":"post-25697","1":"product","2":"type-product","3":"status-publish","4":"has-post-thumbnail","6":"product_cat-kombinezy","7":"product_cat-sparco-kombinezy","8":"product_cat-vybava-pretekara","9":"product_tag-karting","10":"product_tag-karting-shop","11":"product_tag-kombineza-sparco","12":"product_tag-kombineza-sparco-kerb","13":"product_tag-motokary","14":"product_tag-overal-sparco-kerb","15":"product_tag-sparco","16":"product_tag-sparco-kerb","17":"product_tag-sparco-kerb-lady","18":"product_tag-sparco-kombineza","19":"product_tag-sparco-kombineza-kerb","20":"product_tag-sparco-shop","22":"first","23":"instock","24":"taxable","25":"shipping-taxable","26":"purchasable","27":"product-type-variable","28":"customify-col","29":"product-has-gallery"},"aioseo_notices":[],"_links":{"self":[{"href":"https:\/\/motokary-karting.sk\/cz\/wp-json\/wp\/v2\/product\/25697","targetHints":{"allow":["GET"]}}],"collection":[{"href":"https:\/\/motokary-karting.sk\/cz\/wp-json\/wp\/v2\/product"}],"about":[{"href":"https:\/\/motokary-karting.sk\/cz\/wp-json\/wp\/v2\/types\/product"}],"wp:featuredmedia":[{"embeddable":true,"href":"https:\/\/motokary-karting.sk\/cz\/wp-json\/wp\/v2\/media\/25734"}],"wp:attachment":[{"href":"https:\/\/motokary-karting.sk\/cz\/wp-json\/wp\/v2\/media?parent=25697"}],"wp:term":[{"taxonomy":"product_brand","embeddable":true,"href":"https:\/\/motokary-karting.sk\/cz\/wp-json\/wp\/v2\/product_brand?post=25697"},{"taxonomy":"product_cat","embeddable":true,"href":"https:\/\/motokary-karting.sk\/cz\/wp-json\/wp\/v2\/product_cat?post=25697"},{"taxonomy":"product_tag","embeddable":true,"href":"https:\/\/motokary-karting.sk\/cz\/wp-json\/wp\/v2\/product_tag?post=25697"}],"curies":[{"name":"wp","href":"https:\/\/api.w.org\/{rel}","templated":true}]}}