{"id":2591,"date":"2020-06-13T21:45:50","date_gmt":"2020-06-13T21:45:50","guid":{"rendered":"https:\/\/motokary-karting.sk\/?post_type=product&#038;p=2591"},"modified":"2026-01-28T18:50:06","modified_gmt":"2026-01-28T18:50:06","slug":"zavodni-obleceni-zavodni-obuv-rs-1","status":"publish","type":"product","link":"https:\/\/motokary-karting.sk\/cz\/produkt\/racewear-navleky-do-dazda-rs-1\/","title":{"rendered":"N\u00e1vleky na boty do de\u0161t\u011b Racewear RS-1"},"content":{"rendered":"","protected":false},"excerpt":{"rendered":"","protected":false},"featured_media":2603,"template":"","meta":[],"product_brand":[],"product_cat":[28,18],"product_tag":[133,142,81,726,727,26,87,725],"class_list":{"0":"post-2591","1":"product","2":"type-product","3":"status-publish","4":"has-post-thumbnail","6":"product_cat-topanky","7":"product_cat-vybava-pretekara","8":"product_tag-dodazda","9":"product_tag-karting","10":"product_tag-motokary","11":"product_tag-navleky","12":"product_tag-navleky-na-topanky","13":"product_tag-sparco","14":"product_tag-topanky","15":"product_tag-topanky-do-dazda","17":"first","18":"instock","19":"taxable","20":"shipping-taxable","21":"purchasable","22":"product-type-variable","23":"customify-col"},"aioseo_notices":[],"_links":{"self":[{"href":"https:\/\/motokary-karting.sk\/cz\/wp-json\/wp\/v2\/product\/2591","targetHints":{"allow":["GET"]}}],"collection":[{"href":"https:\/\/motokary-karting.sk\/cz\/wp-json\/wp\/v2\/product"}],"about":[{"href":"https:\/\/motokary-karting.sk\/cz\/wp-json\/wp\/v2\/types\/product"}],"wp:featuredmedia":[{"embeddable":true,"href":"https:\/\/motokary-karting.sk\/cz\/wp-json\/wp\/v2\/media\/2603"}],"wp:attachment":[{"href":"https:\/\/motokary-karting.sk\/cz\/wp-json\/wp\/v2\/media?parent=2591"}],"wp:term":[{"taxonomy":"product_brand","embeddable":true,"href":"https:\/\/motokary-karting.sk\/cz\/wp-json\/wp\/v2\/product_brand?post=2591"},{"taxonomy":"product_cat","embeddable":true,"href":"https:\/\/motokary-karting.sk\/cz\/wp-json\/wp\/v2\/product_cat?post=2591"},{"taxonomy":"product_tag","embeddable":true,"href":"https:\/\/motokary-karting.sk\/cz\/wp-json\/wp\/v2\/product_tag?post=2591"}],"curies":[{"name":"wp","href":"https:\/\/api.w.org\/{rel}","templated":true}]}}