{"id":25919,"date":"2024-12-04T10:48:41","date_gmt":"2024-12-04T10:48:41","guid":{"rendered":"https:\/\/motokary-karting.sk\/?post_type=product&#038;p=25919"},"modified":"2026-03-04T12:25:55","modified_gmt":"2026-03-04T12:25:55","slug":"kombineza-omp-3x","status":"publish","type":"product","link":"https:\/\/motokary-karting.sk\/cz\/produkt\/omp-kombineza-ks-3x\/","title":{"rendered":"Kombin\u00e9za OMP KS-3X"},"content":{"rendered":"<p>Nov\u00fd OMP Kartoverall KS-3 zaujme modern\u00edm dvoubarevn\u00fdm designem a robustn\u00edm vn\u011bj\u0161\u00edm materi\u00e1lem. M\u00edrn\u011b zdrsn\u011bn\u00fd povrch zaji\u0161\u0165uje pohodln\u00e9 uchopen\u00ed a zvy\u0161uje odolnost.<\/p>\n<p>D\u00edky prody\u0161n\u00fdm vlo\u017ek\u00e1m na vnit\u0159n\u00ed stran\u011b stehen nab\u00edz\u00ed kombin\u00e9za lep\u0161\u00ed prody\u0161nost i p\u0159i intenzivn\u00edch j\u00edzd\u00e1ch. Nov\u00fd, optimalizovan\u00fd a p\u0159edtvarovan\u00fd st\u0159ih a stre\u010dov\u00e9 vlo\u017eky v oblasti ramen zaru\u010duj\u00ed dokonal\u00e9 padnut\u00ed a maxim\u00e1ln\u00ed volnost pohybu. M\u011bkk\u00e1 vnit\u0159n\u00ed pod\u0161\u00edvka a vysoce kvalitn\u00ed materi\u00e1ly zavr\u0161uj\u00ed vynikaj\u00edc\u00ed pohodl\u00ed t\u00e9to obl\u00edben\u00e9 motok\u00e1rov\u00e9 kombin\u00e9zy.<\/p>\n<p>Standard FIA: 8877-2022<\/p>","protected":false},"excerpt":{"rendered":"<p>Nov\u00fd OMP Kartoverall KS-3 zaujme modern\u00edm dvoubarevn\u00fdm designem a robustn\u00edm vn\u011bj\u0161\u00edm materi\u00e1lem. M\u00edrn\u011b zdrsn\u011bn\u00fd povrch zaji\u0161\u0165uje pohodln\u00e9 uchopen\u00ed a zvy\u0161uje odolnost. D\u00edky prody\u0161n\u00fdm vsadk\u00e1m na povrchu je...<\/p>","protected":false},"featured_media":25985,"template":"","meta":[],"product_brand":[],"product_cat":[22,91,18],"product_tag":[142,1344,2117,1258,2118,81,2119,2116,2115,1828,1825],"class_list":{"0":"post-25919","1":"product","2":"type-product","3":"status-publish","4":"has-post-thumbnail","6":"product_cat-kombinezy","7":"product_cat-omp-kombinezy","8":"product_cat-vybava-pretekara","9":"product_tag-karting","10":"product_tag-karting-shop","11":"product_tag-kombinezqa-na-motokary","12":"product_tag-motokarova-kombineza","13":"product_tag-motokarovy-shop","14":"product_tag-motokary","15":"product_tag-motokary-obchod","16":"product_tag-omp-karting-kombineza","17":"product_tag-omp-kombineza-ks-3","18":"product_tag-omp-ks-3","19":"product_tag-omp-shop","21":"first","22":"instock","23":"taxable","24":"shipping-taxable","25":"purchasable","26":"product-type-variable","27":"customify-col","28":"product-has-gallery"},"aioseo_notices":[],"_links":{"self":[{"href":"https:\/\/motokary-karting.sk\/cz\/wp-json\/wp\/v2\/product\/25919","targetHints":{"allow":["GET"]}}],"collection":[{"href":"https:\/\/motokary-karting.sk\/cz\/wp-json\/wp\/v2\/product"}],"about":[{"href":"https:\/\/motokary-karting.sk\/cz\/wp-json\/wp\/v2\/types\/product"}],"wp:featuredmedia":[{"embeddable":true,"href":"https:\/\/motokary-karting.sk\/cz\/wp-json\/wp\/v2\/media\/25985"}],"wp:attachment":[{"href":"https:\/\/motokary-karting.sk\/cz\/wp-json\/wp\/v2\/media?parent=25919"}],"wp:term":[{"taxonomy":"product_brand","embeddable":true,"href":"https:\/\/motokary-karting.sk\/cz\/wp-json\/wp\/v2\/product_brand?post=25919"},{"taxonomy":"product_cat","embeddable":true,"href":"https:\/\/motokary-karting.sk\/cz\/wp-json\/wp\/v2\/product_cat?post=25919"},{"taxonomy":"product_tag","embeddable":true,"href":"https:\/\/motokary-karting.sk\/cz\/wp-json\/wp\/v2\/product_tag?post=25919"}],"curies":[{"name":"wp","href":"https:\/\/api.w.org\/{rel}","templated":true}]}}