{"id":2609,"date":"2020-08-13T21:57:43","date_gmt":"2020-08-13T21:57:43","guid":{"rendered":"https:\/\/motokary-karting.sk\/?post_type=product&#038;p=2609"},"modified":"2026-03-09T09:21:40","modified_gmt":"2026-03-09T09:21:40","slug":"batoh-na-helmu-2","status":"publish","type":"product","link":"https:\/\/motokary-karting.sk\/cz\/produkt\/taska-na-prilbu-ruksak-na-chrbat\/","title":{"rendered":"Ta\u0161ka na helmu a boty Z\u00e1vodn\u00ed oble\u010den\u00ed - batoh"},"content":{"rendered":"<p>Rozm\u011bry: 52 x 32 x 20 cm<br \/>\nRozm\u011bry p\u0159ihr\u00e1dky na boty: 32 x 20 x 15 cm<br \/>\nS p\u0159ihr\u00e1dkou na obuv<br \/>\nNosn\u00fd syst\u00e9m batohu<\/p>","protected":false},"excerpt":{"rendered":"<p>Dod\u00e1n\u00ed do 7 dn\u016f<\/p>","protected":false},"featured_media":32968,"template":"","meta":[],"product_brand":[],"product_cat":[32,734,1579,18],"product_tag":[732,733,81,730,731,728,729],"class_list":{"0":"post-2609","1":"product","2":"type-product","3":"status-publish","4":"has-post-thumbnail","6":"product_cat-lifestyle-oblecenie-a-produkty-na-volny-cas","7":"product_cat-ruksaky-tasky-na-prilby","8":"product_cat-tasky-na-prilby","9":"product_cat-vybava-pretekara","10":"product_tag-kabela-na-helmu","11":"product_tag-kartimg","12":"product_tag-motokary","13":"product_tag-ruksak","14":"product_tag-ruksak-na-prilbu","15":"product_tag-taska-na-helmu","16":"product_tag-taska-na-prilbu","18":"first","19":"instock","20":"taxable","21":"shipping-taxable","22":"purchasable","23":"product-type-simple","24":"customify-col","25":"product-has-gallery"},"aioseo_notices":[],"_links":{"self":[{"href":"https:\/\/motokary-karting.sk\/cz\/wp-json\/wp\/v2\/product\/2609","targetHints":{"allow":["GET"]}}],"collection":[{"href":"https:\/\/motokary-karting.sk\/cz\/wp-json\/wp\/v2\/product"}],"about":[{"href":"https:\/\/motokary-karting.sk\/cz\/wp-json\/wp\/v2\/types\/product"}],"wp:featuredmedia":[{"embeddable":true,"href":"https:\/\/motokary-karting.sk\/cz\/wp-json\/wp\/v2\/media\/32968"}],"wp:attachment":[{"href":"https:\/\/motokary-karting.sk\/cz\/wp-json\/wp\/v2\/media?parent=2609"}],"wp:term":[{"taxonomy":"product_brand","embeddable":true,"href":"https:\/\/motokary-karting.sk\/cz\/wp-json\/wp\/v2\/product_brand?post=2609"},{"taxonomy":"product_cat","embeddable":true,"href":"https:\/\/motokary-karting.sk\/cz\/wp-json\/wp\/v2\/product_cat?post=2609"},{"taxonomy":"product_tag","embeddable":true,"href":"https:\/\/motokary-karting.sk\/cz\/wp-json\/wp\/v2\/product_tag?post=2609"}],"curies":[{"name":"wp","href":"https:\/\/api.w.org\/{rel}","templated":true}]}}