{"id":26257,"date":"2024-12-04T15:01:03","date_gmt":"2024-12-04T15:01:03","guid":{"rendered":"https:\/\/motokary-karting.sk\/?post_type=product&#038;p=26257"},"modified":"2026-02-11T10:56:45","modified_gmt":"2026-02-11T10:56:45","slug":"boty-sparco-pro-rychle-snerovani-a-zatahovaci-system","status":"publish","type":"product","link":"https:\/\/motokary-karting.sk\/cz\/produkt\/sparco-topanky-k-rapid-snurovacie-aj-zatahovaci-system\/","title":{"rendered":"Boty Sparco K-Rapid (\u0161n\u011brovac\u00ed i zatahovac\u00ed syst\u00e9m)"},"content":{"rendered":"<p>Motok\u00e1rov\u00e9 boty Sparco K-RAPID se vyzna\u010duj\u00ed v\u00fdjime\u010dnou lehkost\u00ed a pohodl\u00edm. Tenk\u00fd svr\u0161ek z mikrovl\u00e1kna a prody\u0161n\u00e1 pod\u0161\u00edvka ze s\u00ed\u0165oviny zaji\u0161\u0165uj\u00ed optim\u00e1ln\u00ed p\u0159izp\u016fsoben\u00ed a vysok\u00fd komfort p\u0159i no\u0161en\u00ed. Robustn\u00ed podr\u00e1\u017eka z p\u0159\u00edrodn\u00edho kau\u010duku nab\u00edz\u00ed maxim\u00e1ln\u00ed p\u0159ilnavost i na mokr\u00e9m nebo mastn\u00e9m povrchu a zaji\u0161\u0165uje vynikaj\u00edc\u00ed cit pro ped\u00e1ly.<\/p>\n<p>D\u011btsk\u00e9 velikosti jsou k dispozici pouze v \u201c\u010dern\u00e9\/b\u00edl\u00e9\u201d.<\/p>\n<p>Standard FIA: 8877-2022<\/p>","protected":false},"excerpt":{"rendered":"<p>Motok\u00e1rov\u00e9 boty Sparco K-RAPID se vyzna\u010duj\u00ed v\u00fdjime\u010dnou lehkost\u00ed a pohodl\u00edm. Tenk\u00fd svr\u0161ek z mikrovl\u00e1kna a prody\u0161n\u00e1 pod\u0161\u00edvka ze s\u00ed\u0165oviny zaji\u0161\u0165uj\u00ed optim\u00e1ln\u00ed p\u0159izp\u016fsoben\u00ed a vysok\u00fd komfort...<\/p>","protected":false},"featured_media":26537,"template":"","meta":[],"product_brand":[],"product_cat":[95,28,18],"product_tag":[937,142,940,81,938,26,3324,87,939],"class_list":{"0":"post-26257","1":"product","2":"type-product","3":"status-publish","4":"has-post-thumbnail","6":"product_cat-sparco-topanky","7":"product_cat-topanky","8":"product_cat-vybava-pretekara","9":"product_tag-jazdecke-topanky","10":"product_tag-karting","11":"product_tag-motokarove-topanky","12":"product_tag-motokary","13":"product_tag-pretekarske-topanky","14":"product_tag-sparco","15":"product_tag-sparco-k-prime","16":"product_tag-topanky","17":"product_tag-topanky-na-motokary","19":"first","20":"onbackorder","21":"taxable","22":"shipping-taxable","23":"purchasable","24":"product-type-variable","25":"customify-col","26":"product-has-gallery"},"aioseo_notices":[],"_links":{"self":[{"href":"https:\/\/motokary-karting.sk\/cz\/wp-json\/wp\/v2\/product\/26257","targetHints":{"allow":["GET"]}}],"collection":[{"href":"https:\/\/motokary-karting.sk\/cz\/wp-json\/wp\/v2\/product"}],"about":[{"href":"https:\/\/motokary-karting.sk\/cz\/wp-json\/wp\/v2\/types\/product"}],"wp:featuredmedia":[{"embeddable":true,"href":"https:\/\/motokary-karting.sk\/cz\/wp-json\/wp\/v2\/media\/26537"}],"wp:attachment":[{"href":"https:\/\/motokary-karting.sk\/cz\/wp-json\/wp\/v2\/media?parent=26257"}],"wp:term":[{"taxonomy":"product_brand","embeddable":true,"href":"https:\/\/motokary-karting.sk\/cz\/wp-json\/wp\/v2\/product_brand?post=26257"},{"taxonomy":"product_cat","embeddable":true,"href":"https:\/\/motokary-karting.sk\/cz\/wp-json\/wp\/v2\/product_cat?post=26257"},{"taxonomy":"product_tag","embeddable":true,"href":"https:\/\/motokary-karting.sk\/cz\/wp-json\/wp\/v2\/product_tag?post=26257"}],"curies":[{"name":"wp","href":"https:\/\/api.w.org\/{rel}","templated":true}]}}