{"id":26594,"date":"2024-12-05T14:07:49","date_gmt":"2024-12-05T14:07:49","guid":{"rendered":"https:\/\/motokary-karting.sk\/?post_type=product&#038;p=26594"},"modified":"2026-01-28T18:29:08","modified_gmt":"2026-01-28T18:29:08","slug":"boty-sparco-to-rock","status":"publish","type":"product","link":"https:\/\/motokary-karting.sk\/cz\/produkt\/sparco-topanky-k-rock\/","title":{"rendered":"Boty Sparco K-Rock"},"content":{"rendered":"<p>Velmi m\u00f3dn\u00ed, robustn\u00ed motok\u00e1rov\u00e9 boty vyroben\u00e9 z 3D s\u00ed\u0165oviny reguluj\u00edc\u00ed klima. Anatomicky p\u0159edtvarovan\u00e1 st\u00e9lka zaru\u010duje nejlep\u0161\u00ed pohodl\u00ed p\u0159i no\u0161en\u00ed. Inovativn\u00ed gumov\u00e1 podr\u00e1\u017eka s tlumic\u00edmi vlastnostmi zaji\u0161\u0165uje maxim\u00e1ln\u00ed p\u0159ilnavost i na mokr\u00e9m nebo mastn\u00e9m povrchu. Barevn\u00e9 kontrastn\u00ed prvky dod\u00e1vaj\u00ed bot\u011b sportovn\u00ed vzhled. St\u0159edn\u011b vysok\u00fd st\u0159ih, vysok\u00e9 \u0161n\u011brov\u00e1n\u00ed a ploch\u00fd p\u00e1sek na such\u00fd zip zaji\u0161\u0165uj\u00ed dokonal\u00e9 p\u0159izp\u016fsoben\u00ed a stabiln\u00ed dr\u017een\u00ed na kotn\u00edku.<\/p>","protected":false},"excerpt":{"rendered":"<p>Velmi m\u00f3dn\u00ed, robustn\u00ed motok\u00e1rov\u00e9 boty z 3D s\u00ed\u0165oviny reguluj\u00edc\u00ed klima. Anatomicky p\u0159edtvarovan\u00e1 st\u00e9lka zaru\u010duje nejlep\u0161\u00ed pohodl\u00ed p\u0159i no\u0161en\u00ed. Inovativn\u00ed gumov\u00e1 podr\u00e1\u017eka s tlumic\u00edmi vlastnostmi...<\/p>","protected":false},"featured_media":26657,"template":"","meta":[],"product_brand":[],"product_cat":[95,28,18],"product_tag":[937,101,142,1344,940,81,938,26,3370,1755,941,3369,87,939,3371],"class_list":{"0":"post-26594","1":"product","2":"type-product","3":"status-publish","4":"has-post-thumbnail","6":"product_cat-sparco-topanky","7":"product_cat-topanky","8":"product_cat-vybava-pretekara","9":"product_tag-jazdecke-topanky","10":"product_tag-k-run","11":"product_tag-karting","12":"product_tag-karting-shop","13":"product_tag-motokarove-topanky","14":"product_tag-motokary","15":"product_tag-pretekarske-topanky","16":"product_tag-sparco","17":"product_tag-sparco-k-rock","18":"product_tag-sparco-shop","19":"product_tag-sparco-topanky","20":"product_tag-sparco-topanky-k-rock","21":"product_tag-topanky","22":"product_tag-topanky-na-motokary","23":"product_tag-topanky-sparco-k-rock","25":"first","26":"instock","27":"taxable","28":"shipping-taxable","29":"purchasable","30":"product-type-variable","31":"customify-col","32":"product-has-gallery"},"aioseo_notices":[],"_links":{"self":[{"href":"https:\/\/motokary-karting.sk\/cz\/wp-json\/wp\/v2\/product\/26594","targetHints":{"allow":["GET"]}}],"collection":[{"href":"https:\/\/motokary-karting.sk\/cz\/wp-json\/wp\/v2\/product"}],"about":[{"href":"https:\/\/motokary-karting.sk\/cz\/wp-json\/wp\/v2\/types\/product"}],"wp:featuredmedia":[{"embeddable":true,"href":"https:\/\/motokary-karting.sk\/cz\/wp-json\/wp\/v2\/media\/26657"}],"wp:attachment":[{"href":"https:\/\/motokary-karting.sk\/cz\/wp-json\/wp\/v2\/media?parent=26594"}],"wp:term":[{"taxonomy":"product_brand","embeddable":true,"href":"https:\/\/motokary-karting.sk\/cz\/wp-json\/wp\/v2\/product_brand?post=26594"},{"taxonomy":"product_cat","embeddable":true,"href":"https:\/\/motokary-karting.sk\/cz\/wp-json\/wp\/v2\/product_cat?post=26594"},{"taxonomy":"product_tag","embeddable":true,"href":"https:\/\/motokary-karting.sk\/cz\/wp-json\/wp\/v2\/product_tag?post=26594"}],"curies":[{"name":"wp","href":"https:\/\/api.w.org\/{rel}","templated":true}]}}