{"id":26719,"date":"2024-12-05T14:35:54","date_gmt":"2024-12-05T14:35:54","guid":{"rendered":"https:\/\/motokary-karting.sk\/?post_type=product&#038;p=26719"},"modified":"2026-01-28T19:01:56","modified_gmt":"2026-01-28T19:01:56","slug":"sparco-zebra-guard-sj-pro-k-3","status":"publish","type":"product","link":"https:\/\/motokary-karting.sk\/cz\/produkt\/sparco-zebrovy-chranic-sj-pro-k-3\/","title":{"rendered":"Chr\u00e1ni\u010d \u017eeber Sparco SJ PRO K-3"},"content":{"rendered":"<p>Ergonomick\u00e1 ochrann\u00e1 vesta z pru\u017en\u00e9ho stre\u010dov\u00e9ho materi\u00e1lu, kter\u00e1 dob\u0159e padne. Chr\u00e1ni\u010dov\u00e9 vlo\u017eky s p\u011bnou EPDM tlum\u00edc\u00ed n\u00e1razy chr\u00e1n\u00ed \u017eebra, p\u00e1te\u0159, kl\u00ed\u010dn\u00ed kost a oblast ramen.<\/p>","protected":false},"excerpt":{"rendered":"<p>Ergonomick\u00e1 ochrann\u00e1 vesta z pru\u017en\u00e9ho stre\u010dov\u00e9ho materi\u00e1lu, kter\u00e1 dob\u0159e padne. Chr\u00e1ni\u010dov\u00e9 vlo\u017eky s ochranou z p\u011bny EPDM tlum\u00edc\u00ed n\u00e1razy chr\u00e1n\u00ed \u017eebra, p\u00e1te\u0159,...<\/p>","protected":false},"featured_media":26740,"template":"","meta":[],"product_brand":[],"product_cat":[88,18],"product_tag":[142,1344,2657,81,2867,2868,2865,471],"class_list":{"0":"post-26719","1":"product","2":"type-product","3":"status-publish","4":"has-post-thumbnail","6":"product_cat-ochrana-rebier","7":"product_cat-vybava-pretekara","8":"product_tag-karting","9":"product_tag-karting-shop","10":"product_tag-karting-shop-pezinok","11":"product_tag-motokary","12":"product_tag-rebrove-chranice-sparco","13":"product_tag-sparco-rebrove-chranice","14":"product_tag-sparco-rebrovy-chranic-k-track","15":"product_tag-sparco-sj-pro-k-3","17":"first","18":"onbackorder","19":"taxable","20":"shipping-taxable","21":"purchasable","22":"product-type-variable","23":"customify-col","24":"product-has-gallery"},"aioseo_notices":[],"_links":{"self":[{"href":"https:\/\/motokary-karting.sk\/cz\/wp-json\/wp\/v2\/product\/26719","targetHints":{"allow":["GET"]}}],"collection":[{"href":"https:\/\/motokary-karting.sk\/cz\/wp-json\/wp\/v2\/product"}],"about":[{"href":"https:\/\/motokary-karting.sk\/cz\/wp-json\/wp\/v2\/types\/product"}],"wp:featuredmedia":[{"embeddable":true,"href":"https:\/\/motokary-karting.sk\/cz\/wp-json\/wp\/v2\/media\/26740"}],"wp:attachment":[{"href":"https:\/\/motokary-karting.sk\/cz\/wp-json\/wp\/v2\/media?parent=26719"}],"wp:term":[{"taxonomy":"product_brand","embeddable":true,"href":"https:\/\/motokary-karting.sk\/cz\/wp-json\/wp\/v2\/product_brand?post=26719"},{"taxonomy":"product_cat","embeddable":true,"href":"https:\/\/motokary-karting.sk\/cz\/wp-json\/wp\/v2\/product_cat?post=26719"},{"taxonomy":"product_tag","embeddable":true,"href":"https:\/\/motokary-karting.sk\/cz\/wp-json\/wp\/v2\/product_tag?post=26719"}],"curies":[{"name":"wp","href":"https:\/\/api.w.org\/{rel}","templated":true}]}}