{"id":26898,"date":"2024-12-12T13:19:27","date_gmt":"2024-12-12T13:19:27","guid":{"rendered":"https:\/\/motokary-karting.sk\/?post_type=product&#038;p=26898"},"modified":"2026-02-11T10:24:56","modified_gmt":"2026-02-11T10:24:56","slug":"prilba-sparco-stealth-k-carbon","status":"publish","type":"product","link":"https:\/\/motokary-karting.sk\/cz\/produkt\/sparco-prilba-stealth-k-carbon\/","title":{"rendered":"P\u0159ilba Sparco Stealth-K Carbon"},"content":{"rendered":"<p>Karbonov\u00e1 motok\u00e1rov\u00e1 p\u0159ilba Stealth-K Carbon od spole\u010dnosti Sparco je homologovan\u00e1 podle normy FIA8878-2024 - je mimo\u0159\u00e1dn\u011b odoln\u00e1, ale p\u0159esto lehk\u00e1. Efektivn\u00ed ventilace prost\u0159ednictv\u00edm celkem 10 v\u011btrac\u00edch otvor\u016f. Nov\u00fd praktick\u00fd syst\u00e9m zap\u00edn\u00e1n\u00ed hled\u00ed poskytuje dodate\u010dnou bezpe\u010dnost.<\/p>\n<p>Lep\u0161\u00ed padnut\u00ed d\u00edky optimalizovan\u00e9mu syst\u00e9mu vnit\u0159n\u00ed pod\u0161\u00edvky.<\/p>","protected":false},"excerpt":{"rendered":"<p>Karbonov\u00e1 motok\u00e1rov\u00e1 p\u0159ilba Stealth-K Carbon od spole\u010dnosti Sparco je homologovan\u00e1 podle normy FIA8878-2024 - je mimo\u0159\u00e1dn\u011b odoln\u00e1, ale p\u0159esto lehk\u00e1. Efektivn\u00ed ventilace prost\u0159ednictv\u00edm celkem 10...<\/p>","protected":false},"featured_media":26913,"template":"","meta":[],"product_brand":[],"product_cat":[21,986,158,18],"product_tag":[142,1344,984,81,985,987,3303,26,988,3302,3304],"class_list":{"0":"post-26898","1":"product","2":"type-product","3":"status-publish","4":"has-post-thumbnail","6":"product_cat-prilby","7":"product_cat-sparco-prilby","8":"product_cat-tip-na-darcek","9":"product_cat-vybava-pretekara","10":"product_tag-karting","11":"product_tag-karting-shop","12":"product_tag-motokarova-prilba","13":"product_tag-motokary","14":"product_tag-prilba-na-motokary","15":"product_tag-prilba-sparco","16":"product_tag-prilba-sparcox-pro","17":"product_tag-sparco","18":"product_tag-sparco-prilba","19":"product_tag-sparco-x-pro","20":"product_tag-sparco-x-pro-prilba","22":"first","23":"onbackorder","24":"taxable","25":"shipping-taxable","26":"purchasable","27":"product-type-variable","28":"customify-col","29":"product-has-gallery"},"aioseo_notices":[],"_links":{"self":[{"href":"https:\/\/motokary-karting.sk\/cz\/wp-json\/wp\/v2\/product\/26898","targetHints":{"allow":["GET"]}}],"collection":[{"href":"https:\/\/motokary-karting.sk\/cz\/wp-json\/wp\/v2\/product"}],"about":[{"href":"https:\/\/motokary-karting.sk\/cz\/wp-json\/wp\/v2\/types\/product"}],"wp:featuredmedia":[{"embeddable":true,"href":"https:\/\/motokary-karting.sk\/cz\/wp-json\/wp\/v2\/media\/26913"}],"wp:attachment":[{"href":"https:\/\/motokary-karting.sk\/cz\/wp-json\/wp\/v2\/media?parent=26898"}],"wp:term":[{"taxonomy":"product_brand","embeddable":true,"href":"https:\/\/motokary-karting.sk\/cz\/wp-json\/wp\/v2\/product_brand?post=26898"},{"taxonomy":"product_cat","embeddable":true,"href":"https:\/\/motokary-karting.sk\/cz\/wp-json\/wp\/v2\/product_cat?post=26898"},{"taxonomy":"product_tag","embeddable":true,"href":"https:\/\/motokary-karting.sk\/cz\/wp-json\/wp\/v2\/product_tag?post=26898"}],"curies":[{"name":"wp","href":"https:\/\/api.w.org\/{rel}","templated":true}]}}