{"id":26950,"date":"2024-12-12T14:12:31","date_gmt":"2024-12-12T14:12:31","guid":{"rendered":"https:\/\/motokary-karting.sk\/?post_type=product&#038;p=26950"},"modified":"2026-02-11T10:10:56","modified_gmt":"2026-02-11T10:10:56","slug":"prilba-bell-hp7-evo-iv","status":"publish","type":"product","link":"https:\/\/motokary-karting.sk\/cz\/produkt\/bell-prilba-hp7-evo-iv\/","title":{"rendered":"P\u0159ilba Bell HP7 EVO IV"},"content":{"rendered":"<p>Nejvy\u0161\u0161\u00ed model zna\u010dky Bell je homologov\u00e1n podle normy FIA8860. Vyvinut\u00fd pro nejvy\u0161\u0161\u00ed n\u00e1roky. HP7 EVO IV je v\u00fdsledkem intenzivn\u00ed v\u00fdzkumn\u00e9 a v\u00fdvojov\u00e9 pr\u00e1ce mezin\u00e1rodn\u00edho t\u00fdmu in\u017een\u00fdr\u016f ve spolupr\u00e1ci s p\u0159edn\u00edmi jezdci Formule 1 a Formule 2.<\/p>\n<p>Vysoce pevn\u00e1 vn\u011bj\u0161\u00ed sko\u0159epina z kompozitu uhl\u00edkov\u00fdch vl\u00e1ken a titanu nab\u00edz\u00ed \u0159idi\u010di vy\u0161\u0161\u00ed bezpe\u010dnost p\u0159i extr\u00e9mn\u011b n\u00edzk\u00e9 hmotnosti. Optimalizovan\u00fd tvar a inovativn\u00ed konstrukce hled\u00ed pro lep\u0161\u00ed aerodynamiku. 14 v\u011btrac\u00edch kan\u00e1lk\u016f zaji\u0161\u0165uje vynikaj\u00edc\u00ed ventilaci. Sou\u010d\u00e1st\u00ed balen\u00ed je kvalitn\u00ed bra\u0161na na p\u0159ilbu Bell. Standardem je hled\u00ed proti zaml\u017eov\u00e1n\u00ed s dvojit\u00fdm vnit\u0159n\u00edm zorn\u00edkem. P\u0159ezky H.A.N.S jsou ji\u017e nainstalov\u00e1ny z v\u00fdroby.<\/p>\n<p>Standard FIA: 8860-2018<\/p>","protected":false},"excerpt":{"rendered":"<p>Nejvy\u0161\u0161\u00ed model zna\u010dky Bell je homologov\u00e1n podle normy FIA8860. Vyvinut\u00fd pro nejvy\u0161\u0161\u00ed n\u00e1roky. Model HP7 EVO IV je v\u00fdsledkem intenzivn\u00ed v\u00fdzkumn\u00e9 a v\u00fdvojov\u00e9 pr\u00e1ce mezin\u00e1rodn\u00edho t\u00fdmu in\u017een\u00fdr\u016f, kte\u0159\u00ed se zab\u00fdvali...<\/p>","protected":false},"featured_media":26972,"template":"","meta":[],"product_brand":[],"product_cat":[962,21,18],"product_tag":[963,964,3372,965,1689,967,1728,142,2019,2018,984,2022,81,1690,985,1675],"class_list":{"0":"post-26950","1":"product","2":"type-product","3":"status-publish","4":"has-post-thumbnail","6":"product_cat-bell","7":"product_cat-prilby","8":"product_cat-vybava-pretekara","9":"product_tag-bell","10":"product_tag-bell-helmets","11":"product_tag-bell-hp7-iv-evo","12":"product_tag-bell-prilba","13":"product_tag-bell-prilba-rs7-k","14":"product_tag-bell-rs7-k","15":"product_tag-kart-shop","16":"product_tag-karting","17":"product_tag-kartingova-helma","18":"product_tag-kartingovs-prilba","19":"product_tag-motokarova-prilba","20":"product_tag-motokarova-prilba-bell","21":"product_tag-motokary","22":"product_tag-prilba-bell-rs7-k","23":"product_tag-prilba-na-motokary","24":"product_tag-prilby-bell","26":"first","27":"onbackorder","28":"taxable","29":"shipping-taxable","30":"purchasable","31":"product-type-variable","32":"customify-col","33":"product-has-gallery"},"aioseo_notices":[],"_links":{"self":[{"href":"https:\/\/motokary-karting.sk\/cz\/wp-json\/wp\/v2\/product\/26950","targetHints":{"allow":["GET"]}}],"collection":[{"href":"https:\/\/motokary-karting.sk\/cz\/wp-json\/wp\/v2\/product"}],"about":[{"href":"https:\/\/motokary-karting.sk\/cz\/wp-json\/wp\/v2\/types\/product"}],"wp:featuredmedia":[{"embeddable":true,"href":"https:\/\/motokary-karting.sk\/cz\/wp-json\/wp\/v2\/media\/26972"}],"wp:attachment":[{"href":"https:\/\/motokary-karting.sk\/cz\/wp-json\/wp\/v2\/media?parent=26950"}],"wp:term":[{"taxonomy":"product_brand","embeddable":true,"href":"https:\/\/motokary-karting.sk\/cz\/wp-json\/wp\/v2\/product_brand?post=26950"},{"taxonomy":"product_cat","embeddable":true,"href":"https:\/\/motokary-karting.sk\/cz\/wp-json\/wp\/v2\/product_cat?post=26950"},{"taxonomy":"product_tag","embeddable":true,"href":"https:\/\/motokary-karting.sk\/cz\/wp-json\/wp\/v2\/product_tag?post=26950"}],"curies":[{"name":"wp","href":"https:\/\/api.w.org\/{rel}","templated":true}]}}