{"id":27087,"date":"2024-12-13T14:21:04","date_gmt":"2024-12-13T14:21:04","guid":{"rendered":"https:\/\/motokary-karting.sk\/?post_type=product&#038;p=27087"},"modified":"2025-01-01T15:51:36","modified_gmt":"2025-01-01T15:51:36","slug":"zvonek-robustni-taska-na-helmu-a-hans","status":"publish","type":"product","link":"https:\/\/motokary-karting.sk\/cz\/produkt\/bell-robustna-taska-na-prilbu-a-hans\/","title":{"rendered":"Robustn\u00ed bra\u0161na na p\u0159ilbu Bell a HANS"},"content":{"rendered":"<p>Robustn\u00ed a kompaktn\u00ed bra\u0161na na helmu od spole\u010dnosti Bell pro helmu a H.A.N.S.<\/p>\n<p>S integrovan\u00fdmi s\u00ed\u0165ovan\u00fdmi vlo\u017ekami pro optim\u00e1ln\u00ed v\u011btr\u00e1n\u00ed a vysou\u0161en\u00ed helmy. Obsahuje poutka na p\u0159en\u00e1\u0161en\u00ed a odn\u00edmateln\u00fd popruh. Bo\u010dn\u00ed kapsa na zip.<\/p>\n<p>Rozm\u011bry (Vx\u0160xH): 37 x 37 x 33 cm<\/p>","protected":false},"excerpt":{"rendered":"<p>Robustn\u00ed a kompaktn\u00ed bra\u0161na na helmu od spole\u010dnosti Bell pro helmu a H.A.N.S. S integrovan\u00fdmi s\u00ed\u0165ovan\u00fdmi vlo\u017ekami pro optim\u00e1ln\u00ed v\u011btr\u00e1n\u00ed a su\u0161en\u00ed p\u0159ilby. Obsahuje poutka na...<\/p>","protected":false},"featured_media":27088,"template":"","meta":[],"product_brand":[],"product_cat":[32,734,1579],"product_tag":[1863,1864,1865,1860,1728,142,81,1862,728,1861],"class_list":{"0":"post-27087","1":"product","2":"type-product","3":"status-publish","4":"has-post-thumbnail","6":"product_cat-lifestyle-oblecenie-a-produkty-na-volny-cas","7":"product_cat-ruksaky-tasky-na-prilby","8":"product_cat-tasky-na-prilby","9":"product_tag-bell-helmet-bag","10":"product_tag-bell-kabela-na-prilbu","11":"product_tag-bell-taska-na-helmu","12":"product_tag-bell-taska-na-prilbu","13":"product_tag-kart-shop","14":"product_tag-karting","15":"product_tag-motokary","16":"product_tag-obal-na-prilbu-bell","17":"product_tag-taska-na-helmu","18":"product_tag-taska-na-prilbu-bell","20":"first","21":"onbackorder","22":"taxable","23":"shipping-taxable","24":"purchasable","25":"product-type-simple","26":"customify-col"},"aioseo_notices":[],"_links":{"self":[{"href":"https:\/\/motokary-karting.sk\/cz\/wp-json\/wp\/v2\/product\/27087","targetHints":{"allow":["GET"]}}],"collection":[{"href":"https:\/\/motokary-karting.sk\/cz\/wp-json\/wp\/v2\/product"}],"about":[{"href":"https:\/\/motokary-karting.sk\/cz\/wp-json\/wp\/v2\/types\/product"}],"wp:featuredmedia":[{"embeddable":true,"href":"https:\/\/motokary-karting.sk\/cz\/wp-json\/wp\/v2\/media\/27088"}],"wp:attachment":[{"href":"https:\/\/motokary-karting.sk\/cz\/wp-json\/wp\/v2\/media?parent=27087"}],"wp:term":[{"taxonomy":"product_brand","embeddable":true,"href":"https:\/\/motokary-karting.sk\/cz\/wp-json\/wp\/v2\/product_brand?post=27087"},{"taxonomy":"product_cat","embeddable":true,"href":"https:\/\/motokary-karting.sk\/cz\/wp-json\/wp\/v2\/product_cat?post=27087"},{"taxonomy":"product_tag","embeddable":true,"href":"https:\/\/motokary-karting.sk\/cz\/wp-json\/wp\/v2\/product_tag?post=27087"}],"curies":[{"name":"wp","href":"https:\/\/api.w.org\/{rel}","templated":true}]}}