{"id":27089,"date":"2024-12-13T14:26:51","date_gmt":"2024-12-13T14:26:51","guid":{"rendered":"https:\/\/motokary-karting.sk\/?post_type=product&#038;p=27089"},"modified":"2025-01-01T15:50:54","modified_gmt":"2025-01-01T15:50:54","slug":"brasna-na-helmu-stylo-racegear","status":"publish","type":"product","link":"https:\/\/motokary-karting.sk\/cz\/produkt\/stilo-taska-na-prilbu-racegear\/","title":{"rendered":"Bra\u0161na na p\u0159ilbu Stilo Racegear"},"content":{"rendered":"<p>Robustn\u00ed bra\u0161na na p\u0159ilbu od spole\u010dnosti Stilo, prostorn\u00e1 pro p\u0159ilbu a H.A.N.S. nebo z\u00e1vodn\u00ed oble\u010den\u00ed. S v\u011btrac\u00edmi otvory pro optim\u00e1ln\u00ed cirkulaci vzduchu.<\/p>\n<p>Rozm\u011bry (Vx\u0160xH): 31\/27 x 47 x 31 cm<\/p>","protected":false},"excerpt":{"rendered":"<p>Robustn\u00ed bra\u0161na na p\u0159ilbu od spole\u010dnosti Stilo, prostorn\u00e1 pro p\u0159ilbu a H.A.N.S. nebo z\u00e1vodn\u00ed oble\u010den\u00ed. S v\u011btrac\u00edmi otvory pro optim\u00e1ln\u00ed cirkulaci vzduchu. Rozm\u011bry (Vx\u0160xH): 31\/27...<\/p>","protected":false},"featured_media":27090,"template":"","meta":[],"product_brand":[],"product_cat":[32,734,1579],"product_tag":[1728,142,81,1590,1859,1858,1856,1857,728,1855],"class_list":{"0":"post-27089","1":"product","2":"type-product","3":"status-publish","4":"has-post-thumbnail","6":"product_cat-lifestyle-oblecenie-a-produkty-na-volny-cas","7":"product_cat-ruksaky-tasky-na-prilby","8":"product_cat-tasky-na-prilby","9":"product_tag-kart-shop","10":"product_tag-karting","11":"product_tag-motokary","12":"product_tag-stilo","13":"product_tag-stilo-helmet-bag","14":"product_tag-stilo-obal-na-prilbu","15":"product_tag-stilo-shop","16":"product_tag-stilo-taska-na-prilbu","17":"product_tag-taska-na-helmu","18":"product_tag-taska-na-prilbu-stilo","20":"first","21":"onbackorder","22":"taxable","23":"shipping-taxable","24":"purchasable","25":"product-type-simple","26":"customify-col","27":"product-has-gallery"},"aioseo_notices":[],"_links":{"self":[{"href":"https:\/\/motokary-karting.sk\/cz\/wp-json\/wp\/v2\/product\/27089","targetHints":{"allow":["GET"]}}],"collection":[{"href":"https:\/\/motokary-karting.sk\/cz\/wp-json\/wp\/v2\/product"}],"about":[{"href":"https:\/\/motokary-karting.sk\/cz\/wp-json\/wp\/v2\/types\/product"}],"wp:featuredmedia":[{"embeddable":true,"href":"https:\/\/motokary-karting.sk\/cz\/wp-json\/wp\/v2\/media\/27090"}],"wp:attachment":[{"href":"https:\/\/motokary-karting.sk\/cz\/wp-json\/wp\/v2\/media?parent=27089"}],"wp:term":[{"taxonomy":"product_brand","embeddable":true,"href":"https:\/\/motokary-karting.sk\/cz\/wp-json\/wp\/v2\/product_brand?post=27089"},{"taxonomy":"product_cat","embeddable":true,"href":"https:\/\/motokary-karting.sk\/cz\/wp-json\/wp\/v2\/product_cat?post=27089"},{"taxonomy":"product_tag","embeddable":true,"href":"https:\/\/motokary-karting.sk\/cz\/wp-json\/wp\/v2\/product_tag?post=27089"}],"curies":[{"name":"wp","href":"https:\/\/api.w.org\/{rel}","templated":true}]}}