{"id":27098,"date":"2024-12-14T11:14:46","date_gmt":"2024-12-14T11:14:46","guid":{"rendered":"https:\/\/motokary-karting.sk\/?post_type=product&#038;p=27098"},"modified":"2026-01-19T10:20:10","modified_gmt":"2026-01-19T10:20:10","slug":"topinkovac-sparco-gulf","status":"publish","type":"product","link":"https:\/\/motokary-karting.sk\/cz\/produkt\/sparco-dazdnik-gulf\/","title":{"rendered":"De\u0161tn\u00edk Sparco GULF"},"content":{"rendered":"<p>Sportovn\u00ed skl\u00e1dac\u00ed kapesn\u00ed de\u0161tn\u00edk v legend\u00e1rn\u00edm designu GULF Racing.<\/p>\n<p>Pr\u016fm\u011br: 95 cm<\/p>","protected":false},"excerpt":{"rendered":"<p>Sportovn\u00ed skl\u00e1dac\u00ed kapesn\u00ed de\u0161tn\u00edk v legend\u00e1rn\u00edm designu GULF Racing. Pr\u016fm\u011br: 95 cm<\/p>","protected":false},"featured_media":27102,"template":"","meta":[],"product_brand":[],"product_cat":[32,742],"product_tag":[79,2726,2725,142,1344,81,945,946,955],"class_list":{"0":"post-27098","1":"product","2":"type-product","3":"status-publish","4":"has-post-thumbnail","6":"product_cat-lifestyle-oblecenie-a-produkty-na-volny-cas","7":"product_cat-ostatne-lifestyloblecenieadoplnky","8":"product_tag-alpinestars","9":"product_tag-alpinestars-dazdnik","10":"product_tag-dazdnik-alpinestars","11":"product_tag-karting","12":"product_tag-karting-shop","13":"product_tag-motokary","14":"product_tag-predajna-sparco","15":"product_tag-sparco-dealer","16":"product_tag-sparco-predajna","18":"first","19":"onbackorder","20":"sale","21":"taxable","22":"shipping-taxable","23":"purchasable","24":"product-type-simple","25":"customify-col","26":"product-has-gallery"},"aioseo_notices":[],"_links":{"self":[{"href":"https:\/\/motokary-karting.sk\/cz\/wp-json\/wp\/v2\/product\/27098","targetHints":{"allow":["GET"]}}],"collection":[{"href":"https:\/\/motokary-karting.sk\/cz\/wp-json\/wp\/v2\/product"}],"about":[{"href":"https:\/\/motokary-karting.sk\/cz\/wp-json\/wp\/v2\/types\/product"}],"wp:featuredmedia":[{"embeddable":true,"href":"https:\/\/motokary-karting.sk\/cz\/wp-json\/wp\/v2\/media\/27102"}],"wp:attachment":[{"href":"https:\/\/motokary-karting.sk\/cz\/wp-json\/wp\/v2\/media?parent=27098"}],"wp:term":[{"taxonomy":"product_brand","embeddable":true,"href":"https:\/\/motokary-karting.sk\/cz\/wp-json\/wp\/v2\/product_brand?post=27098"},{"taxonomy":"product_cat","embeddable":true,"href":"https:\/\/motokary-karting.sk\/cz\/wp-json\/wp\/v2\/product_cat?post=27098"},{"taxonomy":"product_tag","embeddable":true,"href":"https:\/\/motokary-karting.sk\/cz\/wp-json\/wp\/v2\/product_tag?post=27098"}],"curies":[{"name":"wp","href":"https:\/\/api.w.org\/{rel}","templated":true}]}}