{"id":27103,"date":"2024-12-14T11:21:53","date_gmt":"2024-12-14T11:21:53","guid":{"rendered":"https:\/\/motokary-karting.sk\/?post_type=product&#038;p=27103"},"modified":"2025-02-02T12:11:26","modified_gmt":"2025-02-02T12:11:26","slug":"ponozky-sparco-gulf","status":"publish","type":"product","link":"https:\/\/motokary-karting.sk\/cz\/produkt\/sparco-ponozky-gulf\/","title":{"rendered":"Pono\u017eky Sparco GULF"},"content":{"rendered":"<p>Sportovn\u00ed, elegantn\u00ed pono\u017eky z bavln\u011bn\u00e9 sm\u011bsi v legend\u00e1rn\u00edm t\u0159\u00edbarevn\u00e9m retro vzhledu GULF. Beze\u0161v\u00e9 proveden\u00ed zaji\u0161\u0165uje vysok\u00fd komfort a d\u011bl\u00e1 z t\u011bchto pono\u017eek ide\u00e1ln\u00edho spole\u010dn\u00edka pro ka\u017edou p\u0159\u00edle\u017eitost.<\/p>\n<p>80% \u010desan\u00e1 bavlna, 17% polyamid, 3% elastan.<\/p>\n<p>Velikosti: S\/M (36-40), L\/XL (41-46)<\/p>","protected":false},"excerpt":{"rendered":"<p>Sportovn\u00ed, elegantn\u00ed pono\u017eky z bavln\u011bn\u00e9 sm\u011bsi v legend\u00e1rn\u00edm t\u0159\u00edbarevn\u00e9m retro vzhledu GULF. Beze\u0161v\u00e9 proveden\u00ed zaji\u0161\u0165uje vysok\u00fd komfort a d\u011bl\u00e1 z t\u011bchto pono\u017eek ide\u00e1ln\u00edho spole\u010dn\u00edka pro...<\/p>","protected":false},"featured_media":27112,"template":"","meta":[],"product_brand":[],"product_cat":[32,742,158],"product_tag":[142,81,3335,945,959,26,1425,946,1428,3336,955],"class_list":{"0":"post-27103","1":"product","2":"type-product","3":"status-publish","4":"has-post-thumbnail","6":"product_cat-lifestyle-oblecenie-a-produkty-na-volny-cas","7":"product_cat-ostatne-lifestyloblecenieadoplnky","8":"product_cat-tip-na-darcek","9":"product_tag-karting","10":"product_tag-motokary","11":"product_tag-ponozky-sparco","12":"product_tag-predajna-sparco","13":"product_tag-skoba-na-kluce","14":"product_tag-sparco","15":"product_tag-sparco-dazdnik","16":"product_tag-sparco-dealer","17":"product_tag-sparco-flasa","18":"product_tag-sparco-ponozky","19":"product_tag-sparco-predajna","21":"first","22":"onbackorder","23":"taxable","24":"shipping-taxable","25":"purchasable","26":"product-type-variable","27":"customify-col","28":"product-has-gallery"},"aioseo_notices":[],"_links":{"self":[{"href":"https:\/\/motokary-karting.sk\/cz\/wp-json\/wp\/v2\/product\/27103","targetHints":{"allow":["GET"]}}],"collection":[{"href":"https:\/\/motokary-karting.sk\/cz\/wp-json\/wp\/v2\/product"}],"about":[{"href":"https:\/\/motokary-karting.sk\/cz\/wp-json\/wp\/v2\/types\/product"}],"wp:featuredmedia":[{"embeddable":true,"href":"https:\/\/motokary-karting.sk\/cz\/wp-json\/wp\/v2\/media\/27112"}],"wp:attachment":[{"href":"https:\/\/motokary-karting.sk\/cz\/wp-json\/wp\/v2\/media?parent=27103"}],"wp:term":[{"taxonomy":"product_brand","embeddable":true,"href":"https:\/\/motokary-karting.sk\/cz\/wp-json\/wp\/v2\/product_brand?post=27103"},{"taxonomy":"product_cat","embeddable":true,"href":"https:\/\/motokary-karting.sk\/cz\/wp-json\/wp\/v2\/product_cat?post=27103"},{"taxonomy":"product_tag","embeddable":true,"href":"https:\/\/motokary-karting.sk\/cz\/wp-json\/wp\/v2\/product_tag?post=27103"}],"curies":[{"name":"wp","href":"https:\/\/api.w.org\/{rel}","templated":true}]}}