{"id":2721,"date":"2020-07-21T18:07:36","date_gmt":"2020-07-21T18:07:36","guid":{"rendered":"https:\/\/motokary-karting.sk\/?post_type=product&#038;p=2721"},"modified":"2022-01-05T21:43:19","modified_gmt":"2022-01-05T21:43:19","slug":"naboj-prodlouzeni-volantu-cerny-hlinik","status":"publish","type":"product","link":"https:\/\/motokary-karting.sk\/cz\/produkt\/nadstavec-pod-volant-hub-cierny-hlinikovy\/","title":{"rendered":"Dr\u017e\u00e1k volantu rovn\u00fd (n\u00e1boj) \u010dern\u00fd hlin\u00edk"},"content":{"rendered":"","protected":false},"excerpt":{"rendered":"<p>Dod\u00e1n\u00ed do 7 dn\u016f<\/p>","protected":false},"featured_media":2722,"template":"","meta":[],"product_brand":[],"product_cat":[271,378],"product_tag":[272,142,81,273],"class_list":{"0":"post-2721","1":"product","2":"type-product","3":"status-publish","4":"has-post-thumbnail","6":"product_cat-nahradne-diely-na-podvozky","7":"product_cat-riadenie-prislusenstvo","8":"product_tag-hub-pod-volant","9":"product_tag-karting","10":"product_tag-motokary","11":"product_tag-nadstavec-pod-volant","13":"first","14":"onbackorder","15":"taxable","16":"shipping-taxable","17":"purchasable","18":"product-type-simple","19":"customify-col"},"aioseo_notices":[],"_links":{"self":[{"href":"https:\/\/motokary-karting.sk\/cz\/wp-json\/wp\/v2\/product\/2721","targetHints":{"allow":["GET"]}}],"collection":[{"href":"https:\/\/motokary-karting.sk\/cz\/wp-json\/wp\/v2\/product"}],"about":[{"href":"https:\/\/motokary-karting.sk\/cz\/wp-json\/wp\/v2\/types\/product"}],"wp:featuredmedia":[{"embeddable":true,"href":"https:\/\/motokary-karting.sk\/cz\/wp-json\/wp\/v2\/media\/2722"}],"wp:attachment":[{"href":"https:\/\/motokary-karting.sk\/cz\/wp-json\/wp\/v2\/media?parent=2721"}],"wp:term":[{"taxonomy":"product_brand","embeddable":true,"href":"https:\/\/motokary-karting.sk\/cz\/wp-json\/wp\/v2\/product_brand?post=2721"},{"taxonomy":"product_cat","embeddable":true,"href":"https:\/\/motokary-karting.sk\/cz\/wp-json\/wp\/v2\/product_cat?post=2721"},{"taxonomy":"product_tag","embeddable":true,"href":"https:\/\/motokary-karting.sk\/cz\/wp-json\/wp\/v2\/product_tag?post=2721"}],"curies":[{"name":"wp","href":"https:\/\/api.w.org\/{rel}","templated":true}]}}