{"id":2734,"date":"2020-07-21T18:31:08","date_gmt":"2020-07-21T18:31:08","guid":{"rendered":"https:\/\/motokary-karting.sk\/?post_type=product&#038;p=2734"},"modified":"2026-04-08T14:17:59","modified_gmt":"2026-04-08T14:17:59","slug":"8mm-lozisko-pro-tyc-rizeni","status":"publish","type":"product","link":"https:\/\/motokary-karting.sk\/cz\/produkt\/lozisko-8mm-pre-volantovu-tyc\/","title":{"rendered":"Lo\u017eisko 8 mm\/10 mm pro ty\u010d \u0159\u00edzen\u00ed"},"content":{"rendered":"","protected":false},"excerpt":{"rendered":"","protected":false},"featured_media":2735,"template":"","meta":[],"product_brand":[],"product_cat":[271,378],"product_tag":[142,1344,410,833,81,2023,304],"class_list":{"0":"post-2734","1":"product","2":"type-product","3":"status-publish","4":"has-post-thumbnail","6":"product_cat-nahradne-diely-na-podvozky","7":"product_cat-riadenie-prislusenstvo","8":"product_tag-karting","9":"product_tag-karting-shop","10":"product_tag-lozisko","11":"product_tag-lozisko-volantovej-tyce","12":"product_tag-motokary","13":"product_tag-nahradne-diely-na-motokaru","14":"product_tag-volantova-tyc","16":"first","17":"instock","18":"taxable","19":"shipping-taxable","20":"purchasable","21":"product-type-variable","22":"customify-col"},"aioseo_notices":[],"_links":{"self":[{"href":"https:\/\/motokary-karting.sk\/cz\/wp-json\/wp\/v2\/product\/2734","targetHints":{"allow":["GET"]}}],"collection":[{"href":"https:\/\/motokary-karting.sk\/cz\/wp-json\/wp\/v2\/product"}],"about":[{"href":"https:\/\/motokary-karting.sk\/cz\/wp-json\/wp\/v2\/types\/product"}],"wp:featuredmedia":[{"embeddable":true,"href":"https:\/\/motokary-karting.sk\/cz\/wp-json\/wp\/v2\/media\/2735"}],"wp:attachment":[{"href":"https:\/\/motokary-karting.sk\/cz\/wp-json\/wp\/v2\/media?parent=2734"}],"wp:term":[{"taxonomy":"product_brand","embeddable":true,"href":"https:\/\/motokary-karting.sk\/cz\/wp-json\/wp\/v2\/product_brand?post=2734"},{"taxonomy":"product_cat","embeddable":true,"href":"https:\/\/motokary-karting.sk\/cz\/wp-json\/wp\/v2\/product_cat?post=2734"},{"taxonomy":"product_tag","embeddable":true,"href":"https:\/\/motokary-karting.sk\/cz\/wp-json\/wp\/v2\/product_tag?post=2734"}],"curies":[{"name":"wp","href":"https:\/\/api.w.org\/{rel}","templated":true}]}}