{"id":27358,"date":"2024-12-14T13:03:35","date_gmt":"2024-12-14T13:03:35","guid":{"rendered":"https:\/\/motokary-karting.sk\/?post_type=product&#038;p=27358"},"modified":"2025-10-28T15:59:57","modified_gmt":"2025-10-28T15:59:57","slug":"mikina-sparco-martini-racing-1-2-zip","status":"publish","type":"product","link":"https:\/\/motokary-karting.sk\/cz\/produkt\/sparco-mikina-martini-racing-1-2-zips\/","title":{"rendered":"Sparco Mikina MARTINI RACING - 1\/2 zip"},"content":{"rendered":"<p>Mikina Sparco s polovi\u010dn\u00edm zipem - inspirovan\u00e1 legend\u00e1rn\u00ed z\u00e1vodn\u00ed kombin\u00e9zou Sparco MARTINI RACING. Elegantn\u011b vy\u0161it\u00e1 loga a pruhy MARTINI RACING.<\/p>\n<p>65% bavlna, 35% polyester<\/p>","protected":false},"excerpt":{"rendered":"<p>Mikina Sparco s polovi\u010dn\u00edm zipem - inspirovan\u00e1 legend\u00e1rn\u00ed z\u00e1vodn\u00ed kombin\u00e9zou Sparco MARTINI RACING. Elegantn\u011b vy\u0161it\u00e1 loga a pruhy MARTINI RACING. Materi\u00e1l: 65% bavlna, 35% polyester.<\/p>","protected":false},"featured_media":27368,"template":"","meta":[],"product_brand":[],"product_cat":[32,1008],"product_tag":[2847,142,2848,1011,1124,81,26,2846,1107,1123,2849],"class_list":{"0":"post-27358","1":"product","2":"type-product","3":"status-publish","4":"has-post-thumbnail","6":"product_cat-lifestyle-oblecenie-a-produkty-na-volny-cas","7":"product_cat-mikiny","8":"product_tag-damska-mikina-sparco","9":"product_tag-karting","10":"product_tag-mikina-pre-zeny","11":"product_tag-mikina-sparco","12":"product_tag-mikina-sparco-motorsport","13":"product_tag-motokary","14":"product_tag-sparco","15":"product_tag-sparco-damska-mikina","16":"product_tag-sparco-mikina","17":"product_tag-sparco-motorsport","18":"product_tag-zenska-mikina","20":"first","21":"instock","22":"taxable","23":"shipping-taxable","24":"purchasable","25":"product-type-variable","26":"customify-col","27":"product-has-gallery"},"aioseo_notices":[],"_links":{"self":[{"href":"https:\/\/motokary-karting.sk\/cz\/wp-json\/wp\/v2\/product\/27358","targetHints":{"allow":["GET"]}}],"collection":[{"href":"https:\/\/motokary-karting.sk\/cz\/wp-json\/wp\/v2\/product"}],"about":[{"href":"https:\/\/motokary-karting.sk\/cz\/wp-json\/wp\/v2\/types\/product"}],"wp:featuredmedia":[{"embeddable":true,"href":"https:\/\/motokary-karting.sk\/cz\/wp-json\/wp\/v2\/media\/27368"}],"wp:attachment":[{"href":"https:\/\/motokary-karting.sk\/cz\/wp-json\/wp\/v2\/media?parent=27358"}],"wp:term":[{"taxonomy":"product_brand","embeddable":true,"href":"https:\/\/motokary-karting.sk\/cz\/wp-json\/wp\/v2\/product_brand?post=27358"},{"taxonomy":"product_cat","embeddable":true,"href":"https:\/\/motokary-karting.sk\/cz\/wp-json\/wp\/v2\/product_cat?post=27358"},{"taxonomy":"product_tag","embeddable":true,"href":"https:\/\/motokary-karting.sk\/cz\/wp-json\/wp\/v2\/product_tag?post=27358"}],"curies":[{"name":"wp","href":"https:\/\/api.w.org\/{rel}","templated":true}]}}