{"id":27420,"date":"2024-12-30T16:17:05","date_gmt":"2024-12-30T16:17:05","guid":{"rendered":"https:\/\/motokary-karting.sk\/?post_type=product&#038;p=27420"},"modified":"2026-02-11T10:09:45","modified_gmt":"2026-02-11T10:09:45","slug":"prilba-bell-rs7-carbon","status":"publish","type":"product","link":"https:\/\/motokary-karting.sk\/cz\/produkt\/bell-prilba-rs7-carbon\/","title":{"rendered":"P\u0159ilba Bell RS7 Carbon"},"content":{"rendered":"<p>Lehk\u00e1 celoobli\u010dejov\u00e1 p\u0159ilba z uhl\u00edkov\u00fdch vl\u00e1ken s p\u0159esv\u011bd\u010div\u00fdm st\u0159ihem. Stejn\u00fd, aerodynamicky optimalizovan\u00fd tvar sko\u0159epiny jako u \u0161pi\u010dkov\u00e9ho modelu HP7 spole\u010dnosti Bell. D\u00edky ultralehk\u00e9 karbonov\u00e9 vn\u011bj\u0161\u00ed sko\u0159epin\u011b je tato celoobli\u010dejov\u00e1 p\u0159ilba RS7 Carbon mimo\u0159\u00e1dn\u011b odoln\u00e1 a z\u00e1rove\u0148 pohodln\u00e1. Mimo\u0159\u00e1dn\u011b dobr\u00e1 ventilace d\u00edky 14 kan\u00e1lkov\u00fdm v\u011btrac\u00edm otvor\u016fm. Roz\u0161\u00ed\u0159en\u00ed pomoc\u00ed r\u016fzn\u00fdch spoiler\u016f a dal\u0161\u00edch ventila\u010dn\u00edch vlo\u017eek je snadno mo\u017en\u00e9. Standardn\u00ed v\u00fdbava zahrnuje hled\u00ed proti zaml\u017eov\u00e1n\u00ed s dvojit\u00fdm vnit\u0159n\u00edm zorn\u00edkem. Klipy HANS jsou nainstalov\u00e1ny ji\u017e z v\u00fdroby.<\/p>\n<p>Standard FIA: 8859-2024 | SNELL SA2020<\/p>\n<p>Barva: p\u0159\u00edrodn\u00ed karbonov\u00e9 vl\u00e1kno s bezbarv\u00fdm lakem<\/p>","protected":false},"excerpt":{"rendered":"<p>Lehk\u00e1 celoobli\u010dejov\u00e1 p\u0159ilba z uhl\u00edkov\u00fdch vl\u00e1ken s p\u0159esv\u011bd\u010div\u00fdm st\u0159ihem. Stejn\u00fd, aerodynamicky optimalizovan\u00fd tvar sko\u0159epiny jako u \u0161pi\u010dkov\u00e9ho modelu HP7 spole\u010dnosti Bell. D\u00edky ultralehk\u00e9 karbonov\u00e9 vn\u011bj\u0161\u00ed sko\u0159epin\u011b...<\/p>","protected":false},"featured_media":27433,"template":"","meta":[],"product_brand":[],"product_cat":[962,21,18],"product_tag":[963,964,965,1689,967,1728,142,2019,2018,984,2022,81,1690,985,1675],"class_list":{"0":"post-27420","1":"product","2":"type-product","3":"status-publish","4":"has-post-thumbnail","6":"product_cat-bell","7":"product_cat-prilby","8":"product_cat-vybava-pretekara","9":"product_tag-bell","10":"product_tag-bell-helmets","11":"product_tag-bell-prilba","12":"product_tag-bell-prilba-rs7-k","13":"product_tag-bell-rs7-k","14":"product_tag-kart-shop","15":"product_tag-karting","16":"product_tag-kartingova-helma","17":"product_tag-kartingovs-prilba","18":"product_tag-motokarova-prilba","19":"product_tag-motokarova-prilba-bell","20":"product_tag-motokary","21":"product_tag-prilba-bell-rs7-k","22":"product_tag-prilba-na-motokary","23":"product_tag-prilby-bell","25":"first","26":"onbackorder","27":"taxable","28":"shipping-taxable","29":"purchasable","30":"product-type-variable","31":"customify-col","32":"product-has-gallery"},"aioseo_notices":[],"_links":{"self":[{"href":"https:\/\/motokary-karting.sk\/cz\/wp-json\/wp\/v2\/product\/27420","targetHints":{"allow":["GET"]}}],"collection":[{"href":"https:\/\/motokary-karting.sk\/cz\/wp-json\/wp\/v2\/product"}],"about":[{"href":"https:\/\/motokary-karting.sk\/cz\/wp-json\/wp\/v2\/types\/product"}],"wp:featuredmedia":[{"embeddable":true,"href":"https:\/\/motokary-karting.sk\/cz\/wp-json\/wp\/v2\/media\/27433"}],"wp:attachment":[{"href":"https:\/\/motokary-karting.sk\/cz\/wp-json\/wp\/v2\/media?parent=27420"}],"wp:term":[{"taxonomy":"product_brand","embeddable":true,"href":"https:\/\/motokary-karting.sk\/cz\/wp-json\/wp\/v2\/product_brand?post=27420"},{"taxonomy":"product_cat","embeddable":true,"href":"https:\/\/motokary-karting.sk\/cz\/wp-json\/wp\/v2\/product_cat?post=27420"},{"taxonomy":"product_tag","embeddable":true,"href":"https:\/\/motokary-karting.sk\/cz\/wp-json\/wp\/v2\/product_tag?post=27420"}],"curies":[{"name":"wp","href":"https:\/\/api.w.org\/{rel}","templated":true}]}}