{"id":27511,"date":"2025-01-01T14:00:24","date_gmt":"2025-01-01T14:00:24","guid":{"rendered":"https:\/\/motokary-karting.sk\/?post_type=product&#038;p=27511"},"modified":"2025-01-01T14:06:46","modified_gmt":"2025-01-01T14:06:46","slug":"tricko-sparco-s-dlouhym-rukavem-martini-racing","status":"publish","type":"product","link":"https:\/\/motokary-karting.sk\/cz\/produkt\/sparco-tricko-dlhy-rukav-martini-racing\/","title":{"rendered":"Ko\u0161ile s dlouh\u00fdm ruk\u00e1vem Sparco MARTINI RACING"},"content":{"rendered":"<p>Lehk\u00e9 a elastick\u00e9 tri\u010dko Sparco s dlouh\u00fdm ruk\u00e1vem a l\u00edme\u010dkem v legend\u00e1rn\u00edm retro vzhledu MARTINI RACING.<\/p>\n<p>100% bavlna<\/p>\n<p>Nen\u00ed odoln\u00fd proti plameni, nen\u00ed homologov\u00e1n FIA.<\/p>","protected":false},"excerpt":{"rendered":"<p>Lehk\u00e9 a elastick\u00e9 tri\u010dko Sparco s dlouh\u00fdm ruk\u00e1vem a l\u00edme\u010dkem v legend\u00e1rn\u00edm retro vzhledu MARTINI RACING. 100% bavlna Nen\u00ed odoln\u00e9 proti plameni, nen\u00ed...<\/p>","protected":false},"featured_media":27517,"template":"","meta":[],"product_brand":[],"product_cat":[465,18],"product_tag":[79,1737,1747,142,81,454,261,1736,457],"class_list":{"0":"post-27511","1":"product","2":"type-product","3":"status-publish","4":"has-post-thumbnail","6":"product_cat-tricka-a-spodne-pradlo","7":"product_cat-vybava-pretekara","8":"product_tag-alpinestars","9":"product_tag-alpinestars-ride-tech-v2-summer","10":"product_tag-alpinestars-t-shirt-ride-tech-v2-summer","11":"product_tag-karting","12":"product_tag-motokary","13":"product_tag-spodne-tricko","14":"product_tag-tricko","15":"product_tag-tricko-alpinestars","16":"product_tag-tricko-pod-kombinezu","18":"first","19":"onbackorder","20":"taxable","21":"shipping-taxable","22":"purchasable","23":"product-type-variable","24":"customify-col","25":"product-has-gallery"},"aioseo_notices":[],"_links":{"self":[{"href":"https:\/\/motokary-karting.sk\/cz\/wp-json\/wp\/v2\/product\/27511","targetHints":{"allow":["GET"]}}],"collection":[{"href":"https:\/\/motokary-karting.sk\/cz\/wp-json\/wp\/v2\/product"}],"about":[{"href":"https:\/\/motokary-karting.sk\/cz\/wp-json\/wp\/v2\/types\/product"}],"wp:featuredmedia":[{"embeddable":true,"href":"https:\/\/motokary-karting.sk\/cz\/wp-json\/wp\/v2\/media\/27517"}],"wp:attachment":[{"href":"https:\/\/motokary-karting.sk\/cz\/wp-json\/wp\/v2\/media?parent=27511"}],"wp:term":[{"taxonomy":"product_brand","embeddable":true,"href":"https:\/\/motokary-karting.sk\/cz\/wp-json\/wp\/v2\/product_brand?post=27511"},{"taxonomy":"product_cat","embeddable":true,"href":"https:\/\/motokary-karting.sk\/cz\/wp-json\/wp\/v2\/product_cat?post=27511"},{"taxonomy":"product_tag","embeddable":true,"href":"https:\/\/motokary-karting.sk\/cz\/wp-json\/wp\/v2\/product_tag?post=27511"}],"curies":[{"name":"wp","href":"https:\/\/api.w.org\/{rel}","templated":true}]}}