{"id":27520,"date":"2025-01-11T07:11:13","date_gmt":"2025-01-11T07:11:13","guid":{"rendered":"https:\/\/motokary-karting.sk\/?post_type=product&#038;p=27520"},"modified":"2025-01-23T11:05:51","modified_gmt":"2025-01-23T11:05:51","slug":"mikina-sparco-gulf-edition","status":"publish","type":"product","link":"https:\/\/motokary-karting.sk\/cz\/produkt\/sparco-mikina-gulf-edition\/","title":{"rendered":"Sparco Mikina GULF edition"},"content":{"rendered":"<p>Tato pohodln\u00e1 mikina s kapuc\u00ed v legend\u00e1rn\u00edm retro designu GULF Racing je naprostou nezbytnost\u00ed pro tv\u016fj b\u011b\u017en\u00fd \u0161atn\u00edk. D\u00edky p\u0159\u00edjemn\u011b m\u011bkk\u00e9 vnit\u0159n\u00ed pod\u0161\u00edvce v kontrastn\u00edm barevn\u00e9m proveden\u00ed nab\u00edz\u00ed dokonal\u00e9 pohodl\u00ed. D\u00edky n\u00e1dhern\u00fdm barevn\u00fdm kombinac\u00edm je skute\u010dn\u011b poutav\u00e1!<\/p>\n<p>Materi\u00e1l: 90% bavlna, 10% polyester<\/p>\n<p>Kolekce GULF Lifestyle<br \/>\nLegend\u00e1rn\u00ed barevn\u00e1 kombinace GULF Racing je symbolem historie a inovace motoristick\u00e9ho sportu. Historie z\u00e1vod\u016f Gulf Racing je jedine\u010dn\u00e1 a sah\u00e1 a\u017e do 30. let 20. stolet\u00ed. Zna\u010dka se dostala do pop\u0159ed\u00ed z\u00e1jmu zejm\u00e9na v 60. letech 20. stolet\u00ed sv\u00fdmi charakteristick\u00fdmi modr\u00fdmi a oran\u017eov\u00fdmi barvami a dos\u00e1hla ikonick\u00e9ho postaven\u00ed, kter\u00e9 m\u00e1 dodnes. V t\u00e9to zlat\u00e9 \u00e9\u0159e motorsportu z\u00edskaly vozy Ford GT40 a Porsche 917 t\u0159i tituly mistra sv\u011bta a t\u0159i v\u00edt\u011bzstv\u00ed v Le Mans. Tyto \u00fasp\u011bchy vytvo\u0159ily vazby na nejv\u011bt\u0161\u00ed jezdce t\u00e9 doby, v\u010detn\u011b Jackyho Ickxe, Dereka Bella a Jo Sifferta.<\/p>\n<p>Film \u201eLe Mans\u201c se Stevem McQueenem dal vozu Porsche 917 Gulf kultovn\u00ed status a upevnil odkaz zna\u010dky. Nov\u00e1 kolekce GULF Lifestyle spole\u010dnosti Sparco p\u0159en\u00e1\u0161\u00ed tohoto jedine\u010dn\u00e9ho ducha do modern\u00edho sv\u011bta. Ka\u017ed\u00fd kus v kolekci kombinuje legend\u00e1rn\u00ed styl s vysoce kvalitn\u00edm \u0159emesln\u00fdm zpracov\u00e1n\u00edm a modern\u00edm komfortem. Fascinace motoristick\u00fdm sportem se setk\u00e1v\u00e1 s designem, kter\u00fd zaujme v pit lane i v ka\u017edodenn\u00edm \u017eivot\u011b. Objevte kolekci GULF a za\u017eijte v\u00e1\u0161e\u0148 a d\u011bdictv\u00ed z\u00e1vod\u016f v ka\u017ed\u00e9m detailu.<\/p>","protected":false},"excerpt":{"rendered":"<p>Tato pohodln\u00e1 mikina s kapuc\u00ed v legend\u00e1rn\u00edm retro designu GULF Racing je naprostou nezbytnost\u00ed pro tv\u016fj b\u011b\u017en\u00fd \u0161atn\u00edk. D\u00edky n\u00e1dhern\u011b m\u011bkk\u00e9 vnit\u0159n\u00ed pod\u0161\u00edvce v kontrastn\u00ed barv\u011b je mikina...<\/p>","protected":false},"featured_media":27561,"template":"","meta":[],"product_brand":[],"product_cat":[32,1008],"product_tag":[2847,142,2848,1011,1124,81,26,2846,1107,1123,2849],"class_list":{"0":"post-27520","1":"product","2":"type-product","3":"status-publish","4":"has-post-thumbnail","6":"product_cat-lifestyle-oblecenie-a-produkty-na-volny-cas","7":"product_cat-mikiny","8":"product_tag-damska-mikina-sparco","9":"product_tag-karting","10":"product_tag-mikina-pre-zeny","11":"product_tag-mikina-sparco","12":"product_tag-mikina-sparco-motorsport","13":"product_tag-motokary","14":"product_tag-sparco","15":"product_tag-sparco-damska-mikina","16":"product_tag-sparco-mikina","17":"product_tag-sparco-motorsport","18":"product_tag-zenska-mikina","20":"first","21":"onbackorder","22":"taxable","23":"shipping-taxable","24":"purchasable","25":"product-type-variable","26":"customify-col","27":"product-has-gallery"},"aioseo_notices":[],"_links":{"self":[{"href":"https:\/\/motokary-karting.sk\/cz\/wp-json\/wp\/v2\/product\/27520","targetHints":{"allow":["GET"]}}],"collection":[{"href":"https:\/\/motokary-karting.sk\/cz\/wp-json\/wp\/v2\/product"}],"about":[{"href":"https:\/\/motokary-karting.sk\/cz\/wp-json\/wp\/v2\/types\/product"}],"wp:featuredmedia":[{"embeddable":true,"href":"https:\/\/motokary-karting.sk\/cz\/wp-json\/wp\/v2\/media\/27561"}],"wp:attachment":[{"href":"https:\/\/motokary-karting.sk\/cz\/wp-json\/wp\/v2\/media?parent=27520"}],"wp:term":[{"taxonomy":"product_brand","embeddable":true,"href":"https:\/\/motokary-karting.sk\/cz\/wp-json\/wp\/v2\/product_brand?post=27520"},{"taxonomy":"product_cat","embeddable":true,"href":"https:\/\/motokary-karting.sk\/cz\/wp-json\/wp\/v2\/product_cat?post=27520"},{"taxonomy":"product_tag","embeddable":true,"href":"https:\/\/motokary-karting.sk\/cz\/wp-json\/wp\/v2\/product_tag?post=27520"}],"curies":[{"name":"wp","href":"https:\/\/api.w.org\/{rel}","templated":true}]}}