{"id":2767,"date":"2020-07-22T06:17:55","date_gmt":"2020-07-22T06:17:55","guid":{"rendered":"https:\/\/motokary-karting.sk\/?post_type=product&#038;p=2767"},"modified":"2026-01-29T16:11:10","modified_gmt":"2026-01-29T16:11:10","slug":"maly-gumovy-vrsek-s-gumou","status":"publish","type":"product","link":"https:\/\/motokary-karting.sk\/cz\/produkt\/mala-nadobka-nadrzka-s-gumickou\/","title":{"rendered":"Mal\u00e1 n\u00e1doba (z\u00e1sobn\u00edk) s gumi\u010dkou a dr\u017e\u00e1kem"},"content":{"rendered":"","protected":false},"excerpt":{"rendered":"","protected":false},"featured_media":2765,"template":"","meta":[],"product_brand":[],"product_cat":[280,380,271],"product_tag":[142,846,81,845,1106,848,847],"class_list":{"0":"post-2767","1":"product","2":"type-product","3":"status-publish","4":"has-post-thumbnail","6":"product_cat-chladice-vody-prislusenstvo","7":"product_cat-nadrze-prislusenstvo","8":"product_cat-nahradne-diely-na-podvozky","9":"product_tag-karting","10":"product_tag-mala-nadobka","11":"product_tag-motokary","12":"product_tag-nadobka","13":"product_tag-nadrzka-s-gumickou","14":"product_tag-recovery-tank","15":"product_tag-spatna-nadobka","17":"first","18":"instock","19":"taxable","20":"shipping-taxable","21":"purchasable","22":"product-type-simple","23":"customify-col"},"aioseo_notices":[],"_links":{"self":[{"href":"https:\/\/motokary-karting.sk\/cz\/wp-json\/wp\/v2\/product\/2767","targetHints":{"allow":["GET"]}}],"collection":[{"href":"https:\/\/motokary-karting.sk\/cz\/wp-json\/wp\/v2\/product"}],"about":[{"href":"https:\/\/motokary-karting.sk\/cz\/wp-json\/wp\/v2\/types\/product"}],"wp:featuredmedia":[{"embeddable":true,"href":"https:\/\/motokary-karting.sk\/cz\/wp-json\/wp\/v2\/media\/2765"}],"wp:attachment":[{"href":"https:\/\/motokary-karting.sk\/cz\/wp-json\/wp\/v2\/media?parent=2767"}],"wp:term":[{"taxonomy":"product_brand","embeddable":true,"href":"https:\/\/motokary-karting.sk\/cz\/wp-json\/wp\/v2\/product_brand?post=2767"},{"taxonomy":"product_cat","embeddable":true,"href":"https:\/\/motokary-karting.sk\/cz\/wp-json\/wp\/v2\/product_cat?post=2767"},{"taxonomy":"product_tag","embeddable":true,"href":"https:\/\/motokary-karting.sk\/cz\/wp-json\/wp\/v2\/product_tag?post=2767"}],"curies":[{"name":"wp","href":"https:\/\/api.w.org\/{rel}","templated":true}]}}