{"id":27688,"date":"2024-01-09T12:55:18","date_gmt":"2024-01-09T12:55:18","guid":{"rendered":"https:\/\/motokary-karting.sk\/?post_type=product&#038;p=27688"},"modified":"2026-04-24T16:23:06","modified_gmt":"2026-04-24T16:23:06","slug":"kukla-zavodni-cerna-200g-bavlna-baleni-2ks-10ks-50ks-100ks","status":"publish","type":"product","link":"https:\/\/motokary-karting.sk\/cz\/produkt\/kukla-racewear-cierna-200g-bavlna-balenie-2ks-10ks-50ks-100ks\/","title":{"rendered":"Kukla RACEWEAR - 200g bavlna - balen\u00ed po 2ks | 10ks | 50ks | 100ks"},"content":{"rendered":"<p>Kvalita tkaniny, precizn\u00ed zpracov\u00e1n\u00ed. Antibakteri\u00e1ln\u00ed bavlna 200 g<\/p>\n<p>&nbsp;<\/p>","protected":false},"excerpt":{"rendered":"<p>Kvalita tkaniny, precizn\u00ed zpracov\u00e1n\u00ed. Antibakteri\u00e1ln\u00ed bavlna 200 g &nbsp;<\/p>","protected":false},"featured_media":32502,"template":"","meta":[],"product_brand":[],"product_cat":[212,138,77,158,18],"product_tag":[543,142,139,140,1480,1483,1479,1481,1482,81],"class_list":{"0":"post-27688","1":"product","2":"type-product","3":"status-publish","4":"has-post-thumbnail","6":"product_cat-kukly","7":"product_cat-kukly-pozicovna","8":"product_cat-rental-karting","9":"product_cat-tip-na-darcek","10":"product_cat-vybava-pretekara","11":"product_tag-balaclava","12":"product_tag-karting","13":"product_tag-kukla","14":"product_tag-kukly","15":"product_tag-kukly-do-pozicovne-motokar","16":"product_tag-kukly-do-prilby-pozicovna","17":"product_tag-kukly-pre-pozicvne-motokar","18":"product_tag-motokarova-pozicovne-kukly","19":"product_tag-motokarove-kukly","20":"product_tag-motokary","22":"first","23":"instock","24":"taxable","25":"shipping-taxable","26":"purchasable","27":"product-type-variable","28":"customify-col","29":"product-has-gallery"},"aioseo_notices":[],"_links":{"self":[{"href":"https:\/\/motokary-karting.sk\/cz\/wp-json\/wp\/v2\/product\/27688","targetHints":{"allow":["GET"]}}],"collection":[{"href":"https:\/\/motokary-karting.sk\/cz\/wp-json\/wp\/v2\/product"}],"about":[{"href":"https:\/\/motokary-karting.sk\/cz\/wp-json\/wp\/v2\/types\/product"}],"wp:featuredmedia":[{"embeddable":true,"href":"https:\/\/motokary-karting.sk\/cz\/wp-json\/wp\/v2\/media\/32502"}],"wp:attachment":[{"href":"https:\/\/motokary-karting.sk\/cz\/wp-json\/wp\/v2\/media?parent=27688"}],"wp:term":[{"taxonomy":"product_brand","embeddable":true,"href":"https:\/\/motokary-karting.sk\/cz\/wp-json\/wp\/v2\/product_brand?post=27688"},{"taxonomy":"product_cat","embeddable":true,"href":"https:\/\/motokary-karting.sk\/cz\/wp-json\/wp\/v2\/product_cat?post=27688"},{"taxonomy":"product_tag","embeddable":true,"href":"https:\/\/motokary-karting.sk\/cz\/wp-json\/wp\/v2\/product_tag?post=27688"}],"curies":[{"name":"wp","href":"https:\/\/api.w.org\/{rel}","templated":true}]}}