{"id":2772,"date":"2020-08-20T06:24:45","date_gmt":"2020-08-20T06:24:45","guid":{"rendered":"https:\/\/motokary-karting.sk\/?post_type=product&#038;p=2772"},"modified":"2026-03-25T17:52:39","modified_gmt":"2026-03-25T17:52:39","slug":"rucni-palivove-cerpadlo-pro-odber-z-horni-casti-nadrze","status":"publish","type":"product","link":"https:\/\/motokary-karting.sk\/cz\/produkt\/manualna-palivova-pumpa-na-odsavanie-z-nadrze\/","title":{"rendered":"Ru\u010dn\u00ed palivov\u00e9 \u010derpadlo pro s\u00e1n\u00ed z n\u00e1dr\u017ee"},"content":{"rendered":"<p>Praktick\u00fd pomocn\u00edk pro \u010derp\u00e1n\u00ed benzinu z n\u00e1dr\u017ee.<\/p>","protected":false},"excerpt":{"rendered":"<p>Zbo\u017e\u00ed na sklad\u011b je expedov\u00e1no okam\u017eit\u011b<\/p>","protected":false},"featured_media":2773,"template":"","meta":[],"product_brand":[],"product_cat":[3360,58],"product_tag":[142,81,1299,1298,854,856,855],"class_list":{"0":"post-2772","1":"product","2":"type-product","3":"status-publish","4":"has-post-thumbnail","6":"product_cat-ostatne-vybava-do-garaze","7":"product_cat-vybava-do-garaze","8":"product_tag-karting","9":"product_tag-motokary","10":"product_tag-odsavacka-benzinu","11":"product_tag-odsavacka-paliva","12":"product_tag-palivova-pumpa","13":"product_tag-pumpa-na-odsavanie-paliva","14":"product_tag-pumpa-na-palivo","16":"first","17":"instock","18":"taxable","19":"shipping-taxable","20":"purchasable","21":"product-type-simple","22":"customify-col"},"aioseo_notices":[],"_links":{"self":[{"href":"https:\/\/motokary-karting.sk\/cz\/wp-json\/wp\/v2\/product\/2772","targetHints":{"allow":["GET"]}}],"collection":[{"href":"https:\/\/motokary-karting.sk\/cz\/wp-json\/wp\/v2\/product"}],"about":[{"href":"https:\/\/motokary-karting.sk\/cz\/wp-json\/wp\/v2\/types\/product"}],"wp:featuredmedia":[{"embeddable":true,"href":"https:\/\/motokary-karting.sk\/cz\/wp-json\/wp\/v2\/media\/2773"}],"wp:attachment":[{"href":"https:\/\/motokary-karting.sk\/cz\/wp-json\/wp\/v2\/media?parent=2772"}],"wp:term":[{"taxonomy":"product_brand","embeddable":true,"href":"https:\/\/motokary-karting.sk\/cz\/wp-json\/wp\/v2\/product_brand?post=2772"},{"taxonomy":"product_cat","embeddable":true,"href":"https:\/\/motokary-karting.sk\/cz\/wp-json\/wp\/v2\/product_cat?post=2772"},{"taxonomy":"product_tag","embeddable":true,"href":"https:\/\/motokary-karting.sk\/cz\/wp-json\/wp\/v2\/product_tag?post=2772"}],"curies":[{"name":"wp","href":"https:\/\/api.w.org\/{rel}","templated":true}]}}