{"id":2774,"date":"2020-07-22T06:28:44","date_gmt":"2020-07-22T06:28:44","guid":{"rendered":"https:\/\/motokary-karting.sk\/?post_type=product&#038;p=2774"},"modified":"2026-04-24T18:01:37","modified_gmt":"2026-04-24T18:01:37","slug":"elektricke-palivove-cerpadlo-pro-odsavani-z-horni-casti-nadrze","status":"publish","type":"product","link":"https:\/\/motokary-karting.sk\/cz\/produkt\/elektricka-palivova-pumpa-na-odsavanie-z-nadrze\/","title":{"rendered":"Elektrick\u00e9 palivov\u00e9 \u010derpadlo pro s\u00e1n\u00ed z n\u00e1dr\u017ee"},"content":{"rendered":"","protected":false},"excerpt":{"rendered":"","protected":false},"featured_media":2775,"template":"","meta":[],"product_brand":[],"product_cat":[3360,58],"product_tag":[857,142,1344,81,854,856,855],"class_list":{"0":"post-2774","1":"product","2":"type-product","3":"status-publish","4":"has-post-thumbnail","6":"product_cat-ostatne-vybava-do-garaze","7":"product_cat-vybava-do-garaze","8":"product_tag-elektricka-pumpa-na-palivo","9":"product_tag-karting","10":"product_tag-karting-shop","11":"product_tag-motokary","12":"product_tag-palivova-pumpa","13":"product_tag-pumpa-na-odsavanie-paliva","14":"product_tag-pumpa-na-palivo","16":"first","17":"instock","18":"taxable","19":"shipping-taxable","20":"purchasable","21":"product-type-simple","22":"customify-col"},"aioseo_notices":[],"_links":{"self":[{"href":"https:\/\/motokary-karting.sk\/cz\/wp-json\/wp\/v2\/product\/2774","targetHints":{"allow":["GET"]}}],"collection":[{"href":"https:\/\/motokary-karting.sk\/cz\/wp-json\/wp\/v2\/product"}],"about":[{"href":"https:\/\/motokary-karting.sk\/cz\/wp-json\/wp\/v2\/types\/product"}],"wp:featuredmedia":[{"embeddable":true,"href":"https:\/\/motokary-karting.sk\/cz\/wp-json\/wp\/v2\/media\/2775"}],"wp:attachment":[{"href":"https:\/\/motokary-karting.sk\/cz\/wp-json\/wp\/v2\/media?parent=2774"}],"wp:term":[{"taxonomy":"product_brand","embeddable":true,"href":"https:\/\/motokary-karting.sk\/cz\/wp-json\/wp\/v2\/product_brand?post=2774"},{"taxonomy":"product_cat","embeddable":true,"href":"https:\/\/motokary-karting.sk\/cz\/wp-json\/wp\/v2\/product_cat?post=2774"},{"taxonomy":"product_tag","embeddable":true,"href":"https:\/\/motokary-karting.sk\/cz\/wp-json\/wp\/v2\/product_tag?post=2774"}],"curies":[{"name":"wp","href":"https:\/\/api.w.org\/{rel}","templated":true}]}}