{"id":27792,"date":"2025-01-30T19:21:10","date_gmt":"2025-01-30T19:21:10","guid":{"rendered":"https:\/\/motokary-karting.sk\/?post_type=product&#038;p=27792"},"modified":"2026-04-21T10:38:45","modified_gmt":"2026-04-21T10:38:45","slug":"meric-tlaku-v-pneumatikach-alfano-tyrecontrol-junior","status":"publish","type":"product","link":"https:\/\/motokary-karting.sk\/cz\/produkt\/alfano-tlakomer-pneu-tyrecontrol-junior\/","title":{"rendered":"M\u011b\u0159i\u010d tlaku v pneumatik\u00e1ch Alfano - Tyrecontrol Junior II"},"content":{"rendered":"<p>Tyrecontrol Junior od spole\u010dnosti Alfano p\u0159edstavuje nejnov\u011bj\u0161\u00ed kombinaci p\u0159esnosti a prakti\u010dnosti. Tento p\u0159\u00edstroj je navr\u017een tak, aby vyhovoval v\u0161em pot\u0159eb\u00e1m, a vyzna\u010duje se p\u0159esnost\u00ed, kompaktnost\u00ed a snadn\u00fdm pou\u017e\u00edv\u00e1n\u00edm. Robustn\u00ed a odoln\u00fd v\u016f\u010di vn\u011bj\u0161\u00edm vliv\u016fm, jako je voda, prach a p\u00e1dy, je tento m\u011b\u0159ic\u00ed syst\u00e9m spolehliv\u00fdm spole\u010dn\u00edkem pro ka\u017edou situaci. D\u00edky samokalibraci p\u0159i spu\u0161t\u011bn\u00ed je v\u017edy zaru\u010dena p\u0159esnost m\u011b\u0159en\u00ed.<\/p>\n<p>rozsah m\u011b\u0159en\u00ed a\u017e 7 bar\u016f<br \/>\nVodot\u011bsn\u00e9<br \/>\nA\u017e 200 sad<br \/>\nre\u017eim proti \u0161pion\u00e1\u017ei<br \/>\nVhodn\u00e9 pro dvoukolov\u00e1 i \u010dty\u0159kolov\u00e1 vozidla<br \/>\nrychlospojka pro upevn\u011bn\u00ed ventilu<br \/>\ntla\u010d\u00edtko pro v\u00fdb\u011br ka\u017ed\u00e9ho kola<br \/>\nSyst\u00e9m rychl\u00e9 v\u00fdm\u011bny baterie<br \/>\nSamokalibrace p\u0159i ka\u017ed\u00e9m zapnut\u00ed<br \/>\n99 pam\u011b\u0165ov\u00fdch m\u00edst pro m\u011b\u0159en\u00ed za studena a za tepla<br \/>\nP\u0159esnost +\/-0,002 bar nebo +\/-0,029 psi<br \/>\nV\u010detn\u011b ta\u0161ky<\/p>","protected":false},"excerpt":{"rendered":"<p>Tyrecontrol Junior od spole\u010dnosti Alfano p\u0159edstavuje nejnov\u011bj\u0161\u00ed kombinaci p\u0159esnosti a prakti\u010dnosti. Tento p\u0159\u00edstroj je navr\u017een tak, aby vyhovoval v\u0161em pot\u0159eb\u00e1m, a vyzna\u010duje se p\u0159esnost\u00ed, kompaktnost\u00ed a...<\/p>","protected":false},"featured_media":27797,"template":"","meta":[],"product_brand":[],"product_cat":[1142,3223,58],"product_tag":[2930,3374,2136,2138,2137,142,1344,2140,2141,81,560,2931,2932,2139],"class_list":{"0":"post-27792","1":"product","2":"type-product","3":"status-publish","4":"has-post-thumbnail","6":"product_cat-prislusenstvo-pneumatiky","7":"product_cat-tlakomery-pneu","8":"product_cat-vybava-do-garaze","9":"product_tag-alfano-tyrecontrol-2","10":"product_tag-alfano-tyrecontrol-junior","11":"product_tag-hiprema","12":"product_tag-hiprema-4-digital","13":"product_tag-hiprema-digital","14":"product_tag-karting","15":"product_tag-karting-shop","16":"product_tag-motokarovy-tlakomer","17":"product_tag-motokarovy-tlakomer-hiprema","18":"product_tag-motokary","19":"product_tag-tlakomer","20":"product_tag-tlakomer-alfano","21":"product_tag-tlakomer-alfano-tyrecontrol-2","22":"product_tag-tlakomer-pneu-hiprema","24":"first","25":"onbackorder","26":"taxable","27":"shipping-taxable","28":"purchasable","29":"product-type-simple","30":"customify-col","31":"product-has-gallery"},"aioseo_notices":[],"_links":{"self":[{"href":"https:\/\/motokary-karting.sk\/cz\/wp-json\/wp\/v2\/product\/27792","targetHints":{"allow":["GET"]}}],"collection":[{"href":"https:\/\/motokary-karting.sk\/cz\/wp-json\/wp\/v2\/product"}],"about":[{"href":"https:\/\/motokary-karting.sk\/cz\/wp-json\/wp\/v2\/types\/product"}],"wp:featuredmedia":[{"embeddable":true,"href":"https:\/\/motokary-karting.sk\/cz\/wp-json\/wp\/v2\/media\/27797"}],"wp:attachment":[{"href":"https:\/\/motokary-karting.sk\/cz\/wp-json\/wp\/v2\/media?parent=27792"}],"wp:term":[{"taxonomy":"product_brand","embeddable":true,"href":"https:\/\/motokary-karting.sk\/cz\/wp-json\/wp\/v2\/product_brand?post=27792"},{"taxonomy":"product_cat","embeddable":true,"href":"https:\/\/motokary-karting.sk\/cz\/wp-json\/wp\/v2\/product_cat?post=27792"},{"taxonomy":"product_tag","embeddable":true,"href":"https:\/\/motokary-karting.sk\/cz\/wp-json\/wp\/v2\/product_tag?post=27792"}],"curies":[{"name":"wp","href":"https:\/\/api.w.org\/{rel}","templated":true}]}}