{"id":27897,"date":"2025-02-10T14:54:40","date_gmt":"2025-02-10T14:54:40","guid":{"rendered":"https:\/\/motokary-karting.sk\/?post_type=product&#038;p=27897"},"modified":"2025-04-09T14:43:58","modified_gmt":"2025-04-09T14:43:58","slug":"tlakomer-hiprema-prism-hpm5","status":"publish","type":"product","link":"https:\/\/motokary-karting.sk\/cz\/produkt\/hiprema-prisma-tlakomer-hpm5\/","title":{"rendered":"Tlakom\u011br Hiprema Prisma HPM5"},"content":{"rendered":"<p>Digit\u00e1ln\u00ed tlakom\u011br HPM5 - HiPrema Prisma Electronics<\/p>\n<p>S p\u0159ilo\u017een\u00fdm pouzdrem!<\/p>\n<p>P\u0159esn\u00fd digit\u00e1ln\u00ed m\u011b\u0159i\u010d tlaku v pneumatik\u00e1ch pro motoristick\u00fd sport.<\/p>\n<p>Rozli\u0161en\u00ed tlaku: 0,001 BAR \/ 0,01 PSI<br \/>\nRozsah m\u011b\u0159en\u00ed: 0 - 7 BAR (100 PSI)<br \/>\nHlin\u00edkov\u00e1 hlava navr\u017een\u00e1 pro m\u011b\u0159en\u00ed bez ztr\u00e1ty vzduchu z ventilu r\u00e1fku.<br \/>\nBezdr\u00e1tov\u011b p\u0159ipojte p\u0159\u00edstroj prost\u0159ednictv\u00edm aplikace Prisma Electronics APP a zobrazte a exportujte v\u0161echny ulo\u017een\u00e9 relace.<br \/>\nPOSUNUT\u00cd TLAKU<\/p>\n<p>Tato funkce umo\u017e\u0148uje nastavit hodnotu tlakov\u00e9ho posunu a skr\u00fdt skute\u010dnou hodnotu.<\/p>\n<p>To je u\u017eite\u010dn\u00e9 nap\u0159\u00edklad v boxov\u00e9 uli\u010dce nebo na startovn\u00edm ro\u0161tu, kdy\u017e chcete ze strategick\u00fdch d\u016fvod\u016f skr\u00fdt skute\u010dnou hodnotu tlaku.<\/p>\n<p>Kdy\u017e je offset aktivn\u00ed, zobraz\u00ed se na displeji nastaven\u00e1 hodnota a indik\u00e1tor OFFSET, kter\u00fd v\u00e1s informuje, \u017ee m\u011b\u0159\u00edte \u201enere\u00e1ln\u00fd\u201c tlak.<\/p>\n<p>Tuto funkci lze kdykoli rychle aktivovat nebo deaktivovat pomoc\u00ed tla\u010d\u00edtek rychl\u00fdch funkc\u00ed.<\/p>\n<p>RE\u017dIM PITSTOP<\/p>\n<p>Kdy\u017e je tato funkce povolena, na obrazovce se zobraz\u00ed symbol PIT.<\/p>\n<p>B\u011bhem zast\u00e1vky v boxech je d\u016fle\u017eit\u00e9 m\u011b\u0159it a zaznamen\u00e1vat tlak p\u0159i vjezdu do box\u016f a pot\u00e9 jej upravit na c\u00edlov\u00fd tlak (nap\u0159. po v\u00fdm\u011bn\u011b \u0159idi\u010de). Sta\u010d\u00ed vlo\u017eit n\u00e1stroj, nastavit c\u00edlov\u00fd tlak a vyjmout m\u011b\u0159idlo bez stisknut\u00ed jak\u00e9hokoli tla\u010d\u00edtka.<\/p>\n<p>Hodnoty Pit In (vstupn\u00ed tlak do j\u00edmky) a Pit Out (nastaven\u00fd tlak pro Pit Out) se automaticky ulo\u017e\u00ed.<\/p>\n<p>TLAK HORK\u00dd\/STUDEN\u00dd<\/p>\n<p>M\u016f\u017eete si vybrat, zda chcete ulo\u017eit 8 hodnot tlaku (studen\u00fd a hork\u00fd), nebo pouze 4 hodnoty tlaku.<\/p>\n<p>To je u\u017eite\u010dn\u00e9, pokud chcete m\u011b\u0159it pouze tlaky Pit-Out nebo Pit-In.<\/p>\n<p>BEZDR\u00c1TOV\u00c9 P\u0158IPOJEN\u00cd S APLIKAC\u00cd<\/p>\n<p>S novou aplikac\u00ed pro tlakom\u011bry HiPreMa5 m\u016f\u017eete p\u0159ipojit sv\u00e9 za\u0159\u00edzen\u00ed k aplikaci Prisma Electronics APP.<\/p>\n<p>Pro ka\u017edou relaci, pro ka\u017edou stopu a pro v\u0161echny stopy m\u016f\u017eete exportovat soubor EXCEL nebo PDF.<\/p>\n<p>KONFIGUROVAT A AKTUALIZOVAT ZA\u0158\u00cdZEN\u00cd PROST\u0158EDNICTV\u00cdM APLIKACE NEBO Z NAB\u00cdDKY ZA\u0158\u00cdZEN\u00cd.<\/p>","protected":false},"excerpt":{"rendered":"<p>Digit\u00e1ln\u00ed tlakom\u011br HPM5 - HiPrema Prisma Electronics S p\u0159ilo\u017een\u00fdm pouzdrem! P\u0159esn\u00fd digit\u00e1ln\u00ed m\u011b\u0159i\u010d tlaku v pneumatik\u00e1ch pro motoristick\u00fd sport. Rozli\u0161en\u00ed tlaku: 0,001 BAR \/ 0,01...<\/p>","protected":false},"featured_media":27908,"template":"","meta":[],"product_brand":[],"product_cat":[1142,3223,58],"product_tag":[2136,2138,2137,142,1344,2140,2141,81,560,2139],"class_list":{"0":"post-27897","1":"product","2":"type-product","3":"status-publish","4":"has-post-thumbnail","6":"product_cat-prislusenstvo-pneumatiky","7":"product_cat-tlakomery-pneu","8":"product_cat-vybava-do-garaze","9":"product_tag-hiprema","10":"product_tag-hiprema-4-digital","11":"product_tag-hiprema-digital","12":"product_tag-karting","13":"product_tag-karting-shop","14":"product_tag-motokarovy-tlakomer","15":"product_tag-motokarovy-tlakomer-hiprema","16":"product_tag-motokary","17":"product_tag-tlakomer","18":"product_tag-tlakomer-pneu-hiprema","20":"first","21":"onbackorder","22":"taxable","23":"shipping-taxable","24":"purchasable","25":"product-type-simple","26":"customify-col","27":"product-has-gallery"},"aioseo_notices":[],"_links":{"self":[{"href":"https:\/\/motokary-karting.sk\/cz\/wp-json\/wp\/v2\/product\/27897","targetHints":{"allow":["GET"]}}],"collection":[{"href":"https:\/\/motokary-karting.sk\/cz\/wp-json\/wp\/v2\/product"}],"about":[{"href":"https:\/\/motokary-karting.sk\/cz\/wp-json\/wp\/v2\/types\/product"}],"wp:featuredmedia":[{"embeddable":true,"href":"https:\/\/motokary-karting.sk\/cz\/wp-json\/wp\/v2\/media\/27908"}],"wp:attachment":[{"href":"https:\/\/motokary-karting.sk\/cz\/wp-json\/wp\/v2\/media?parent=27897"}],"wp:term":[{"taxonomy":"product_brand","embeddable":true,"href":"https:\/\/motokary-karting.sk\/cz\/wp-json\/wp\/v2\/product_brand?post=27897"},{"taxonomy":"product_cat","embeddable":true,"href":"https:\/\/motokary-karting.sk\/cz\/wp-json\/wp\/v2\/product_cat?post=27897"},{"taxonomy":"product_tag","embeddable":true,"href":"https:\/\/motokary-karting.sk\/cz\/wp-json\/wp\/v2\/product_tag?post=27897"}],"curies":[{"name":"wp","href":"https:\/\/api.w.org\/{rel}","templated":true}]}}