{"id":27917,"date":"2025-02-10T15:11:59","date_gmt":"2025-02-10T15:11:59","guid":{"rendered":"https:\/\/motokary-karting.sk\/?post_type=product&#038;p=27917"},"modified":"2025-04-14T16:31:36","modified_gmt":"2025-04-14T16:31:36","slug":"hyprema-prizmaticky-tlakomer-hpm5-s-infracervenym-pyrometrem","status":"publish","type":"product","link":"https:\/\/motokary-karting.sk\/cz\/produkt\/hiprema-prisma-tlakomer-hpm5-s-infracervenym-pyrometrom\/","title":{"rendered":"Tlakom\u011br Hiprema Prisma HPM5 s infra\u010derven\u00fdm pyrometrem"},"content":{"rendered":"<p>HPM5 Digit\u00e1ln\u00ed m\u011b\u0159i\u010d tlaku v pneumatik\u00e1ch s infra\u010derven\u00fdm pyrometrem - HiPrema Prisma Electronics<\/p>\n<p>V\u010detn\u011b pouzdra!<\/p>\n<p>M\u016f\u017eete m\u011b\u0159it a ukl\u00e1dat tlak v pneumatik\u00e1ch, 12 bod\u016f teploty b\u011bhounu, teplotu asfaltu a teplotu okoln\u00edho vzduchu.<\/p>\n<p>M\u00edry a sklady:<\/p>\n<p>Tlak v pneumatik\u00e1ch<br \/>\n12 teplotn\u00edch bod\u016f b\u011bhounu<br \/>\nTeplota okoln\u00edho vzduchu<br \/>\nTeplota asfaltu<br \/>\n50 sezen\u00ed tlak + teplota<br \/>\nTechnick\u00e9 specifikace:<\/p>\n<p>Rozli\u0161en\u00ed tlaku: 0,001 BAR \/ 0,01 PSI<br \/>\nRozsah tlaku: 0 - 7 BAR (100 PSI)<br \/>\nHlin\u00edkov\u00e1 tryska navr\u017een\u00e1 tak, aby umo\u017e\u0148ovala m\u011b\u0159en\u00ed bez ztr\u00e1ty vzduchu z okrajov\u00e9ho ventilu.<br \/>\nTla\u010d\u00edtko rychl\u00e9 funkce<br \/>\nBezdr\u00e1tov\u00e9 p\u0159ipojen\u00ed p\u0159es APP<\/p>\n<p>Pomoc\u00ed aplikace Prisma Electronics APP m\u016f\u017eete zobrazit a exportovat v\u0161echny ulo\u017een\u00e9 relace.<\/p>\n<p>POSUNUT\u00cd TLAKU<\/p>\n<p>Tato funkce umo\u017e\u0148uje nastavit hodnotu tlakov\u00e9ho posunu a skr\u00fdt skute\u010dnou hodnotu.<\/p>\n<p>To je u\u017eite\u010dn\u00e9 nap\u0159\u00edklad v boxov\u00e9 uli\u010dce nebo na startovn\u00edm ro\u0161tu, kdy\u017e chcete ze strategick\u00fdch d\u016fvod\u016f skr\u00fdt aktu\u00e1ln\u00ed hodnotu tlaku.<\/p>\n<p>Kdy\u017e je offset aktivn\u00ed, zobraz\u00ed se na displeji nastaven\u00e1 hodnota a indik\u00e1tor OFFSET, kter\u00fd v\u00e1s informuje, \u017ee m\u011b\u0159\u00edte \u201enere\u00e1ln\u00fd\u201c tlak.<\/p>\n<p>Tuto funkci lze kdykoli rychle aktivovat nebo deaktivovat pomoc\u00ed tla\u010d\u00edtek rychl\u00fdch funkc\u00ed.<\/p>\n<p>RE\u017dIM PITSTOP<\/p>\n<p>Povolen\u00ed t\u00e9to funkce zp\u016fsob\u00ed, \u017ee se na displeji p\u0159\u00edstroje zobraz\u00ed symbol PIT.<\/p>\n<p>B\u011bhem zast\u00e1vky v boxech je nezbytn\u00e9 m\u011b\u0159it a zaznamen\u00e1vat tlak p\u0159i vjezdu do box\u016f a pozd\u011bji jej upravit na c\u00edlov\u00fd tlak (nap\u0159. po v\u00fdm\u011bn\u011b \u0159idi\u010de). Jednodu\u0161e vlo\u017ete p\u0159\u00edstroj, nastavte c\u00edlov\u00fd tlak a vyjm\u011bte tlakom\u011br bez stisknut\u00ed jak\u00e9hokoli tla\u010d\u00edtka.<\/p>\n<p>Hodnoty Pit In (tlak v j\u00e1m\u011b) a Pit Out (nastaven\u00fd tlak v j\u00e1m\u011b) se automaticky ulo\u017e\u00ed.<\/p>\n<p>TLAK HORK\u00dd\/STUDEN\u00dd<\/p>\n<p>M\u016f\u017eete si vybrat, zda chcete ulo\u017eit 8 hodnot tlaku (studen\u00fd a hork\u00fd), nebo pouze 4 hodnoty tlaku.<\/p>\n<p>To je u\u017eite\u010dn\u00e9, pokud chcete m\u011b\u0159it pouze tlaky Pit-Out nebo Pit-In.<\/p>\n<p>BEZDR\u00c1TOV\u00c9 P\u0158IPOJEN\u00cd S APLIKAC\u00cd<\/p>\n<p>S novou aplikac\u00ed APP pro tlakom\u011bry HiPreMa5 m\u016f\u017eete sv\u016fj p\u0159\u00edstroj p\u0159ipojit k aplikaci Prisma Electronics APP.<\/p>\n<p>Soubor EXCEL nebo PDF lze exportovat pro ka\u017edou relaci, pro ka\u017edou stopu a pro v\u0161echny stopy.<\/p>\n<p>KONFIGUROVAT A AKTUALIZOVAT P\u0158\u00cdSTROJ POMOC\u00cd APLIKACE NEBO NAB\u00cdDKY ZA\u0158\u00cdZEN\u00cd.<\/p>","protected":false},"excerpt":{"rendered":"<p>HPM5 Digit\u00e1ln\u00ed m\u011b\u0159i\u010d tlaku v pneumatik\u00e1ch s infra\u010derven\u00fdm pyrometrem - HiPrema Prisma Electronics V\u010detn\u011b pouzdra! M\u016f\u017eete m\u011b\u0159it a ukl\u00e1dat tlak v pneumatik\u00e1ch, 12 bod\u016f...<\/p>","protected":false},"featured_media":27923,"template":"","meta":[],"product_brand":[],"product_cat":[1142,3223,58],"product_tag":[2136,2138,2137,142,1344,2140,2141,81,560,2139],"class_list":{"0":"post-27917","1":"product","2":"type-product","3":"status-publish","4":"has-post-thumbnail","6":"product_cat-prislusenstvo-pneumatiky","7":"product_cat-tlakomery-pneu","8":"product_cat-vybava-do-garaze","9":"product_tag-hiprema","10":"product_tag-hiprema-4-digital","11":"product_tag-hiprema-digital","12":"product_tag-karting","13":"product_tag-karting-shop","14":"product_tag-motokarovy-tlakomer","15":"product_tag-motokarovy-tlakomer-hiprema","16":"product_tag-motokary","17":"product_tag-tlakomer","18":"product_tag-tlakomer-pneu-hiprema","20":"first","21":"onbackorder","22":"taxable","23":"shipping-taxable","24":"purchasable","25":"product-type-simple","26":"customify-col","27":"product-has-gallery"},"aioseo_notices":[],"_links":{"self":[{"href":"https:\/\/motokary-karting.sk\/cz\/wp-json\/wp\/v2\/product\/27917","targetHints":{"allow":["GET"]}}],"collection":[{"href":"https:\/\/motokary-karting.sk\/cz\/wp-json\/wp\/v2\/product"}],"about":[{"href":"https:\/\/motokary-karting.sk\/cz\/wp-json\/wp\/v2\/types\/product"}],"wp:featuredmedia":[{"embeddable":true,"href":"https:\/\/motokary-karting.sk\/cz\/wp-json\/wp\/v2\/media\/27923"}],"wp:attachment":[{"href":"https:\/\/motokary-karting.sk\/cz\/wp-json\/wp\/v2\/media?parent=27917"}],"wp:term":[{"taxonomy":"product_brand","embeddable":true,"href":"https:\/\/motokary-karting.sk\/cz\/wp-json\/wp\/v2\/product_brand?post=27917"},{"taxonomy":"product_cat","embeddable":true,"href":"https:\/\/motokary-karting.sk\/cz\/wp-json\/wp\/v2\/product_cat?post=27917"},{"taxonomy":"product_tag","embeddable":true,"href":"https:\/\/motokary-karting.sk\/cz\/wp-json\/wp\/v2\/product_tag?post=27917"}],"curies":[{"name":"wp","href":"https:\/\/api.w.org\/{rel}","templated":true}]}}