{"id":2805,"date":"2020-08-22T10:51:35","date_gmt":"2020-08-22T10:51:35","guid":{"rendered":"https:\/\/motokary-karting.sk\/?post_type=product&#038;p=2805"},"modified":"2026-04-08T12:58:51","modified_gmt":"2026-04-08T12:58:51","slug":"zapalovaci-svicka-ngk-pro-rotax","status":"publish","type":"product","link":"https:\/\/motokary-karting.sk\/cz\/produkt\/zapalovacia-sviecka-ngk-pre-rotax\/","title":{"rendered":"Zapalovac\u00ed sv\u00ed\u010dka NGK pro Rotax"},"content":{"rendered":"<p>Od roku 2015<\/p>\n<p>ORIGIN\u00c1LN\u00cd ROTAX<\/p>\n<p>&nbsp;<\/p>","protected":false},"excerpt":{"rendered":"<p>Od roku 2015 ORIGIN\u00c1LN\u00cd ROTAX &nbsp;<\/p>","protected":false},"featured_media":11360,"template":"","meta":[],"product_brand":[],"product_cat":[645,744,2683,2685,2692,2680,1311],"product_tag":[142,81,867,618,754,786,887],"class_list":{"0":"post-2805","1":"product","2":"type-product","3":"status-publish","4":"has-post-thumbnail","6":"product_cat-nahradne-diely-na-motory","7":"product_cat-rotax-max","8":"product_cat-sekcia-elekricka-sustava","9":"product_cat-sekcia-kabelaz","10":"product_cat-sekcia-prislusenstvo","11":"product_cat-sekcia-valec-hlava-valca-nasavanie","12":"product_cat-zapalovacie-sviecky","13":"product_tag-karting","14":"product_tag-motokary","15":"product_tag-ngk","16":"product_tag-rotax","17":"product_tag-rotax-diely","18":"product_tag-rotax-nahradne-diely","19":"product_tag-sviecka-ngk-rotax","21":"first","22":"instock","23":"taxable","24":"shipping-taxable","25":"purchasable","26":"product-type-variable","27":"customify-col"},"aioseo_notices":[],"_links":{"self":[{"href":"https:\/\/motokary-karting.sk\/cz\/wp-json\/wp\/v2\/product\/2805","targetHints":{"allow":["GET"]}}],"collection":[{"href":"https:\/\/motokary-karting.sk\/cz\/wp-json\/wp\/v2\/product"}],"about":[{"href":"https:\/\/motokary-karting.sk\/cz\/wp-json\/wp\/v2\/types\/product"}],"wp:featuredmedia":[{"embeddable":true,"href":"https:\/\/motokary-karting.sk\/cz\/wp-json\/wp\/v2\/media\/11360"}],"wp:attachment":[{"href":"https:\/\/motokary-karting.sk\/cz\/wp-json\/wp\/v2\/media?parent=2805"}],"wp:term":[{"taxonomy":"product_brand","embeddable":true,"href":"https:\/\/motokary-karting.sk\/cz\/wp-json\/wp\/v2\/product_brand?post=2805"},{"taxonomy":"product_cat","embeddable":true,"href":"https:\/\/motokary-karting.sk\/cz\/wp-json\/wp\/v2\/product_cat?post=2805"},{"taxonomy":"product_tag","embeddable":true,"href":"https:\/\/motokary-karting.sk\/cz\/wp-json\/wp\/v2\/product_tag?post=2805"}],"curies":[{"name":"wp","href":"https:\/\/api.w.org\/{rel}","templated":true}]}}