{"id":28087,"date":"2024-01-10T16:00:07","date_gmt":"2024-01-10T16:00:07","guid":{"rendered":"https:\/\/motokary-karting.sk\/?post_type=product&#038;p=28087"},"modified":"2026-03-25T06:31:47","modified_gmt":"2026-03-25T06:31:47","slug":"zamp-plexi-pro-vsechny-prilby-zamp-proti-zamlzovani-pri-desti","status":"publish","type":"product","link":"https:\/\/motokary-karting.sk\/cz\/produkt\/zamp-plexi-na-vsetky-prilby-zamp-fog-do-dazda-proti-zahmlievaniu\/","title":{"rendered":"ZAMP - plexi pro v\u0161echny p\u0159ilby ZAMP - FOG (zaml\u017eov\u00e1n\u00ed p\u0159i de\u0161ti)"},"content":{"rendered":"<p>\u0160t\u00edty \u0159ady Zamp Z-20 jsou ur\u010deny pro v\u0161echny p\u0159ilby \u0159ady Zamp RZ. \u0160t\u00edty Zamp Z-20 jsou 3 mm siln\u00e9 a maj\u00ed odtrh\u00e1vac\u00ed kol\u00edky. V\u0161echny \u0161t\u00edty Z-20 jsou tak\u00e9 vybaveny pr\u00e9miovou vrstvou proti zaml\u017eov\u00e1n\u00ed.<\/p>","protected":false},"excerpt":{"rendered":"<p>\u0160t\u00edty \u0159ady Zamp Z-20 jsou ur\u010deny pro v\u0161echny p\u0159ilby \u0159ady Zamp RZ. \u0160t\u00edty Zamp Z-20 jsou 3 mm siln\u00e9 a maj\u00ed odtrh\u00e1vac\u00ed kol\u00edky. V\u0161echny...<\/p>","protected":false},"featured_media":28104,"template":"","meta":[],"product_brand":[],"product_cat":[21,18,3342,3348],"product_tag":[142,1344,3343,977,984,81,3344,985,3347,3345,3346],"class_list":{"0":"post-28087","1":"product","2":"type-product","3":"status-publish","4":"has-post-thumbnail","6":"product_cat-prilby","7":"product_cat-vybava-pretekara","8":"product_cat-zamp-helmets","9":"product_cat-zamp-prislusenstvo","10":"product_tag-karting","11":"product_tag-karting-shop","12":"product_tag-kartingova-prilba","13":"product_tag-lewis-hamilton","14":"product_tag-motokarova-prilba","15":"product_tag-motokary","16":"product_tag-prilba-na-karting","17":"product_tag-prilba-na-motokary","18":"product_tag-prilba-zamp","19":"product_tag-zamp-helmets","20":"product_tag-zamp-prilby","22":"first","23":"onbackorder","24":"taxable","25":"shipping-taxable","26":"purchasable","27":"product-type-variable","28":"customify-col","29":"product-has-gallery"},"aioseo_notices":[],"_links":{"self":[{"href":"https:\/\/motokary-karting.sk\/cz\/wp-json\/wp\/v2\/product\/28087","targetHints":{"allow":["GET"]}}],"collection":[{"href":"https:\/\/motokary-karting.sk\/cz\/wp-json\/wp\/v2\/product"}],"about":[{"href":"https:\/\/motokary-karting.sk\/cz\/wp-json\/wp\/v2\/types\/product"}],"wp:featuredmedia":[{"embeddable":true,"href":"https:\/\/motokary-karting.sk\/cz\/wp-json\/wp\/v2\/media\/28104"}],"wp:attachment":[{"href":"https:\/\/motokary-karting.sk\/cz\/wp-json\/wp\/v2\/media?parent=28087"}],"wp:term":[{"taxonomy":"product_brand","embeddable":true,"href":"https:\/\/motokary-karting.sk\/cz\/wp-json\/wp\/v2\/product_brand?post=28087"},{"taxonomy":"product_cat","embeddable":true,"href":"https:\/\/motokary-karting.sk\/cz\/wp-json\/wp\/v2\/product_cat?post=28087"},{"taxonomy":"product_tag","embeddable":true,"href":"https:\/\/motokary-karting.sk\/cz\/wp-json\/wp\/v2\/product_tag?post=28087"}],"curies":[{"name":"wp","href":"https:\/\/api.w.org\/{rel}","templated":true}]}}