{"id":28307,"date":"2025-12-05T16:13:00","date_gmt":"2025-12-05T16:13:00","guid":{"rendered":"https:\/\/motokary-karting.sk\/?post_type=product&#038;p=28307"},"modified":"2026-02-11T10:08:13","modified_gmt":"2026-02-11T10:08:13","slug":"bell-kc7-cmr-lando-norris-edition","status":"publish","type":"product","link":"https:\/\/motokary-karting.sk\/cz\/produkt\/bell-kc7-cmr-lando-norris-edition\/","title":{"rendered":"P\u0159ilba Bell KC7 CMR PRO Lando Norris Edition"},"content":{"rendered":"<p>P\u0159ilba BELL KC7 CMR v jedine\u010dn\u00e9 edici Lando Norris - design t\u00e9to p\u0159ilby je inspirov\u00e1n designem sou\u010dasn\u00e9ho jezdce t\u00fdmu McLaren Formule 1 Lando Norrise. M\u00e1 robustn\u00ed, n\u00e1razuvzdornou a extr\u00e9mn\u011b lehkou sko\u0159epinu vyrobenou z kompozitn\u00edho lamin\u00e1tu z karbonu, kevlaru a skeln\u00fdch vl\u00e1ken. \u010ctrn\u00e1ct kan\u00e1lkov\u00fdch v\u011btrac\u00edch otvor\u016f zaji\u0161\u0165uje vynikaj\u00edc\u00ed proud\u011bn\u00ed vzduchu, zat\u00edmco progresivn\u011b pohodln\u00e9 polstrov\u00e1n\u00ed se dokonale p\u0159izp\u016fsob\u00ed hlav\u011b - bez jak\u00fdchkoli tlakov\u00fdch bod\u016f.<\/p>\n<p>Standardn\u00ed v\u00fdbava zahrnuje kompletn\u00ed sadu spoiler\u016f, hled\u00ed a kvalitn\u00ed pouzdro na p\u0159ilbu Bell.<\/p>\n<p>Homologace: SNELL CMR2016<\/p>","protected":false},"excerpt":{"rendered":"<p>P\u0159ilba BELL KC7 CMR v jedine\u010dn\u00e9 edici Lando Norris - design t\u00e9to p\u0159ilby je inspirov\u00e1n designem sou\u010dasn\u00e9ho jezdce t\u00fdmu McLaren Formule 1 Lando Norrise. Je vybavena...<\/p>","protected":false},"featured_media":30335,"template":"","meta":[],"product_brand":[],"product_cat":[962,21,18],"product_tag":[963,964,3422,3420,969,976,3421,3419,965,975,142,1344,968,81],"class_list":{"0":"post-28307","1":"product","2":"type-product","3":"status-publish","4":"has-post-thumbnail","6":"product_cat-bell","7":"product_cat-prilby","8":"product_cat-vybava-pretekara","9":"product_tag-bell","10":"product_tag-bell-helmets","11":"product_tag-bell-kc7-cmr-lando-norris","12":"product_tag-bell-kc7-lando","13":"product_tag-bell-kc7-cmr","14":"product_tag-bell-kc7-cmr-carbon","15":"product_tag-bell-lando","16":"product_tag-bell-lando-norris","17":"product_tag-bell-prilba","18":"product_tag-carbon","19":"product_tag-karting","20":"product_tag-karting-shop","21":"product_tag-kc7-cmr","22":"product_tag-motokary","24":"first","25":"onbackorder","26":"taxable","27":"shipping-taxable","28":"purchasable","29":"product-type-variable","30":"customify-col","31":"product-has-gallery"},"aioseo_notices":[],"_links":{"self":[{"href":"https:\/\/motokary-karting.sk\/cz\/wp-json\/wp\/v2\/product\/28307","targetHints":{"allow":["GET"]}}],"collection":[{"href":"https:\/\/motokary-karting.sk\/cz\/wp-json\/wp\/v2\/product"}],"about":[{"href":"https:\/\/motokary-karting.sk\/cz\/wp-json\/wp\/v2\/types\/product"}],"wp:featuredmedia":[{"embeddable":true,"href":"https:\/\/motokary-karting.sk\/cz\/wp-json\/wp\/v2\/media\/30335"}],"wp:attachment":[{"href":"https:\/\/motokary-karting.sk\/cz\/wp-json\/wp\/v2\/media?parent=28307"}],"wp:term":[{"taxonomy":"product_brand","embeddable":true,"href":"https:\/\/motokary-karting.sk\/cz\/wp-json\/wp\/v2\/product_brand?post=28307"},{"taxonomy":"product_cat","embeddable":true,"href":"https:\/\/motokary-karting.sk\/cz\/wp-json\/wp\/v2\/product_cat?post=28307"},{"taxonomy":"product_tag","embeddable":true,"href":"https:\/\/motokary-karting.sk\/cz\/wp-json\/wp\/v2\/product_tag?post=28307"}],"curies":[{"name":"wp","href":"https:\/\/api.w.org\/{rel}","templated":true}]}}