{"id":28592,"date":"2025-05-17T18:19:03","date_gmt":"2025-05-17T18:19:03","guid":{"rendered":"https:\/\/motokary-karting.sk\/?post_type=product&#038;p=28592"},"modified":"2025-08-29T14:12:24","modified_gmt":"2025-08-29T14:12:24","slug":"12dilny-nosic-zadni-napravy","status":"publish","type":"product","link":"https:\/\/motokary-karting.sk\/cz\/produkt\/drziak-na-12ks-zadnych-osi\/","title":{"rendered":"Dr\u017e\u00e1k pro 12ks zadn\u00edch n\u00e1prav"},"content":{"rendered":"","protected":false},"excerpt":{"rendered":"","protected":false},"featured_media":28594,"template":"","meta":[],"product_brand":[],"product_cat":[3360,58],"product_tag":[142,81,1663,1662],"class_list":{"0":"post-28592","1":"product","2":"type-product","3":"status-publish","4":"has-post-thumbnail","6":"product_cat-ostatne-vybava-do-garaze","7":"product_cat-vybava-do-garaze","8":"product_tag-karting","9":"product_tag-motokary","10":"product_tag-nasadzac-ventilu-na-disk","11":"product_tag-pomocnik-na-nasadzanie-bezdusoveho-ventilu","13":"first","14":"onbackorder","15":"taxable","16":"shipping-taxable","17":"purchasable","18":"product-type-simple","19":"customify-col"},"aioseo_notices":[],"_links":{"self":[{"href":"https:\/\/motokary-karting.sk\/cz\/wp-json\/wp\/v2\/product\/28592","targetHints":{"allow":["GET"]}}],"collection":[{"href":"https:\/\/motokary-karting.sk\/cz\/wp-json\/wp\/v2\/product"}],"about":[{"href":"https:\/\/motokary-karting.sk\/cz\/wp-json\/wp\/v2\/types\/product"}],"wp:featuredmedia":[{"embeddable":true,"href":"https:\/\/motokary-karting.sk\/cz\/wp-json\/wp\/v2\/media\/28594"}],"wp:attachment":[{"href":"https:\/\/motokary-karting.sk\/cz\/wp-json\/wp\/v2\/media?parent=28592"}],"wp:term":[{"taxonomy":"product_brand","embeddable":true,"href":"https:\/\/motokary-karting.sk\/cz\/wp-json\/wp\/v2\/product_brand?post=28592"},{"taxonomy":"product_cat","embeddable":true,"href":"https:\/\/motokary-karting.sk\/cz\/wp-json\/wp\/v2\/product_cat?post=28592"},{"taxonomy":"product_tag","embeddable":true,"href":"https:\/\/motokary-karting.sk\/cz\/wp-json\/wp\/v2\/product_tag?post=28592"}],"curies":[{"name":"wp","href":"https:\/\/api.w.org\/{rel}","templated":true}]}}