{"id":28839,"date":"2025-06-27T09:06:53","date_gmt":"2025-06-27T09:06:53","guid":{"rendered":"https:\/\/motokary-karting.sk\/?post_type=product&#038;p=28839"},"modified":"2025-06-27T09:07:14","modified_gmt":"2025-06-27T09:07:14","slug":"ram-croc-promotion-mc01-kz","status":"publish","type":"product","link":"https:\/\/motokary-karting.sk\/cz\/produkt\/ram-croc-promotion-mc01-kz\/","title":{"rendered":"R\u00e1m CROC Propagace MC01 KZ"},"content":{"rendered":"<p>Hol\u00fd r\u00e1m podvozku<\/p>\n<p>&nbsp;<\/p>","protected":false},"excerpt":{"rendered":"<p>Hol\u00fd r\u00e1m podvozku &nbsp;<\/p>","protected":false},"featured_media":28837,"template":"","meta":[],"product_brand":[],"product_cat":[2485,16],"product_tag":[2477,2494,2495,2492,2493,2486,2491,2501,2497,2500,142,1344,2388,34,2487,2386,2499,2489,2488,2496,2490,1698,2498],"class_list":{"0":"post-28839","1":"product","2":"type-product","3":"status-publish","4":"has-post-thumbnail","6":"product_cat-croc-promotion","7":"product_cat-motokary","8":"product_tag-croc","9":"product_tag-croc-mini-kart","10":"product_tag-croc-mini-kart-predaj","11":"product_tag-croc-motokara","12":"product_tag-croc-motokary","13":"product_tag-croc-poromotion","14":"product_tag-croc-promotion-motokary","15":"product_tag-croc-promotion-x30","16":"product_tag-croc-rotax","17":"product_tag-croc-x30","18":"product_tag-karting","19":"product_tag-karting-shop","20":"product_tag-minikart","21":"product_tag-motokara","22":"product_tag-motokara-croc","23":"product_tag-nova-motokara-na-predaj","24":"product_tag-podvozok-croc-promotion-rotax","25":"product_tag-predaj-croc-promotion","26":"product_tag-predaj-motokar-croc","27":"product_tag-predaj-motokary-croc","28":"product_tag-predajca-croc-promotion","29":"product_tag-predajna-motokar","30":"product_tag-rotax-croc-promotion","32":"first","33":"onbackorder","34":"taxable","35":"shipping-taxable","36":"purchasable","37":"product-type-simple","38":"customify-col"},"aioseo_notices":[],"_links":{"self":[{"href":"https:\/\/motokary-karting.sk\/cz\/wp-json\/wp\/v2\/product\/28839","targetHints":{"allow":["GET"]}}],"collection":[{"href":"https:\/\/motokary-karting.sk\/cz\/wp-json\/wp\/v2\/product"}],"about":[{"href":"https:\/\/motokary-karting.sk\/cz\/wp-json\/wp\/v2\/types\/product"}],"wp:featuredmedia":[{"embeddable":true,"href":"https:\/\/motokary-karting.sk\/cz\/wp-json\/wp\/v2\/media\/28837"}],"wp:attachment":[{"href":"https:\/\/motokary-karting.sk\/cz\/wp-json\/wp\/v2\/media?parent=28839"}],"wp:term":[{"taxonomy":"product_brand","embeddable":true,"href":"https:\/\/motokary-karting.sk\/cz\/wp-json\/wp\/v2\/product_brand?post=28839"},{"taxonomy":"product_cat","embeddable":true,"href":"https:\/\/motokary-karting.sk\/cz\/wp-json\/wp\/v2\/product_cat?post=28839"},{"taxonomy":"product_tag","embeddable":true,"href":"https:\/\/motokary-karting.sk\/cz\/wp-json\/wp\/v2\/product_tag?post=28839"}],"curies":[{"name":"wp","href":"https:\/\/api.w.org\/{rel}","templated":true}]}}