{"id":28841,"date":"2025-06-27T09:17:36","date_gmt":"2025-06-27T09:17:36","guid":{"rendered":"https:\/\/motokary-karting.sk\/?post_type=product&#038;p=28841"},"modified":"2025-06-27T09:19:59","modified_gmt":"2025-06-27T09:19:59","slug":"predni-stabilizacni-tyc-ocel-croc","status":"publish","type":"product","link":"https:\/\/motokary-karting.sk\/cz\/produkt\/predny-stabilizator-ocel-croc\/","title":{"rendered":"P\u0159edn\u00ed stabiliz\u00e1tor Steel Croc"},"content":{"rendered":"","protected":false},"excerpt":{"rendered":"","protected":false},"featured_media":28837,"template":"","meta":[],"product_brand":[],"product_cat":[2474,399,271,3389,3402,646],"product_tag":[400,142,1344,81,297,640,641,642,298,639],"class_list":{"0":"post-28841","1":"product","2":"type-product","3":"status-publish","4":"has-post-thumbnail","6":"product_cat-croc","7":"product_cat-naboje-a-unasace","8":"product_cat-nahradne-diely-na-podvozky","9":"product_cat-nd-rotax-kz-dd2","10":"product_cat-ostatne-nd-rotax-kz","11":"product_cat-o-50mm","12":"product_tag-50mm","13":"product_tag-karting","14":"product_tag-karting-shop","15":"product_tag-motokary","16":"product_tag-naboj","17":"product_tag-rear-axle-hub","18":"product_tag-rear-hub","19":"product_tag-zadni-neboj-kola","20":"product_tag-zadny-naboj","21":"product_tag-zadny-nabojk-kolesa","23":"first","24":"onbackorder","25":"taxable","26":"shipping-taxable","27":"purchasable","28":"product-type-simple","29":"customify-col"},"aioseo_notices":[],"_links":{"self":[{"href":"https:\/\/motokary-karting.sk\/cz\/wp-json\/wp\/v2\/product\/28841","targetHints":{"allow":["GET"]}}],"collection":[{"href":"https:\/\/motokary-karting.sk\/cz\/wp-json\/wp\/v2\/product"}],"about":[{"href":"https:\/\/motokary-karting.sk\/cz\/wp-json\/wp\/v2\/types\/product"}],"wp:featuredmedia":[{"embeddable":true,"href":"https:\/\/motokary-karting.sk\/cz\/wp-json\/wp\/v2\/media\/28837"}],"wp:attachment":[{"href":"https:\/\/motokary-karting.sk\/cz\/wp-json\/wp\/v2\/media?parent=28841"}],"wp:term":[{"taxonomy":"product_brand","embeddable":true,"href":"https:\/\/motokary-karting.sk\/cz\/wp-json\/wp\/v2\/product_brand?post=28841"},{"taxonomy":"product_cat","embeddable":true,"href":"https:\/\/motokary-karting.sk\/cz\/wp-json\/wp\/v2\/product_cat?post=28841"},{"taxonomy":"product_tag","embeddable":true,"href":"https:\/\/motokary-karting.sk\/cz\/wp-json\/wp\/v2\/product_tag?post=28841"}],"curies":[{"name":"wp","href":"https:\/\/api.w.org\/{rel}","templated":true}]}}