{"id":28861,"date":"2025-06-27T09:47:33","date_gmt":"2025-06-27T09:47:33","guid":{"rendered":"https:\/\/motokary-karting.sk\/?post_type=product&#038;p=28861"},"modified":"2026-01-31T18:56:33","modified_gmt":"2026-01-31T18:56:33","slug":"croc-kz-dd2-nosic-predniho-brzdoveho-kotouce","status":"publish","type":"product","link":"https:\/\/motokary-karting.sk\/cz\/produkt\/unasac-predneho-brzdoveho-kotuca-croc-kz-dd2\/","title":{"rendered":"P\u0159edn\u00ed brzdov\u00fd t\u0159men Croc - KZ\/DD2"},"content":{"rendered":"","protected":false},"excerpt":{"rendered":"","protected":false},"featured_media":28837,"template":"","meta":[],"product_brand":[],"product_cat":[3401,2474,271,3389,3396],"product_tag":[2477,3404,142,1344,2487,81,3405,640],"class_list":{"0":"post-28861","1":"product","2":"type-product","3":"status-publish","4":"has-post-thumbnail","6":"product_cat-brzdovy-system-croc","7":"product_cat-croc","8":"product_cat-nahradne-diely-na-podvozky","9":"product_cat-nd-rotax-kz-dd2","10":"product_cat-predna-naprava-croc","11":"product_tag-croc","12":"product_tag-croc-promotion","13":"product_tag-karting","14":"product_tag-karting-shop","15":"product_tag-motokara-croc","16":"product_tag-motokary","17":"product_tag-nahradne-diely-croc","18":"product_tag-rear-axle-hub","20":"first","21":"onbackorder","22":"taxable","23":"shipping-taxable","24":"purchasable","25":"product-type-simple","26":"customify-col"},"aioseo_notices":[],"_links":{"self":[{"href":"https:\/\/motokary-karting.sk\/cz\/wp-json\/wp\/v2\/product\/28861","targetHints":{"allow":["GET"]}}],"collection":[{"href":"https:\/\/motokary-karting.sk\/cz\/wp-json\/wp\/v2\/product"}],"about":[{"href":"https:\/\/motokary-karting.sk\/cz\/wp-json\/wp\/v2\/types\/product"}],"wp:featuredmedia":[{"embeddable":true,"href":"https:\/\/motokary-karting.sk\/cz\/wp-json\/wp\/v2\/media\/28837"}],"wp:attachment":[{"href":"https:\/\/motokary-karting.sk\/cz\/wp-json\/wp\/v2\/media?parent=28861"}],"wp:term":[{"taxonomy":"product_brand","embeddable":true,"href":"https:\/\/motokary-karting.sk\/cz\/wp-json\/wp\/v2\/product_brand?post=28861"},{"taxonomy":"product_cat","embeddable":true,"href":"https:\/\/motokary-karting.sk\/cz\/wp-json\/wp\/v2\/product_cat?post=28861"},{"taxonomy":"product_tag","embeddable":true,"href":"https:\/\/motokary-karting.sk\/cz\/wp-json\/wp\/v2\/product_tag?post=28861"}],"curies":[{"name":"wp","href":"https:\/\/api.w.org\/{rel}","templated":true}]}}