{"id":28869,"date":"2025-06-27T09:58:29","date_gmt":"2025-06-27T09:58:29","guid":{"rendered":"https:\/\/motokary-karting.sk\/?post_type=product&#038;p=28869"},"modified":"2026-04-13T09:08:04","modified_gmt":"2026-04-13T09:08:04","slug":"zadni-naprava-o50-croc-rotax-x30-ok","status":"publish","type":"product","link":"https:\/\/motokary-karting.sk\/cz\/produkt\/zadna-os-o50-croc-rotax-x30-ok\/","title":{"rendered":"Zadn\u00ed n\u00e1prava \u00d850 Croc - Rotax\/X30\/OK"},"content":{"rendered":"","protected":false},"excerpt":{"rendered":"","protected":false},"featured_media":28837,"template":"","meta":[],"product_brand":[],"product_cat":[2474,271,3389,3397],"product_tag":[2477,3404,142,1344,2487,81,3405,640,3406],"class_list":{"0":"post-28869","1":"product","2":"type-product","3":"status-publish","4":"has-post-thumbnail","6":"product_cat-croc","7":"product_cat-nahradne-diely-na-podvozky","8":"product_cat-nd-rotax-kz-dd2","9":"product_cat-zadna-os-croc","10":"product_tag-croc","11":"product_tag-croc-promotion","12":"product_tag-karting","13":"product_tag-karting-shop","14":"product_tag-motokara-croc","15":"product_tag-motokary","16":"product_tag-nahradne-diely-croc","17":"product_tag-rear-axle-hub","18":"product_tag-zadna-os-croc","20":"first","21":"onbackorder","22":"taxable","23":"shipping-taxable","24":"purchasable","25":"product-type-variable","26":"customify-col"},"aioseo_notices":[],"_links":{"self":[{"href":"https:\/\/motokary-karting.sk\/cz\/wp-json\/wp\/v2\/product\/28869","targetHints":{"allow":["GET"]}}],"collection":[{"href":"https:\/\/motokary-karting.sk\/cz\/wp-json\/wp\/v2\/product"}],"about":[{"href":"https:\/\/motokary-karting.sk\/cz\/wp-json\/wp\/v2\/types\/product"}],"wp:featuredmedia":[{"embeddable":true,"href":"https:\/\/motokary-karting.sk\/cz\/wp-json\/wp\/v2\/media\/28837"}],"wp:attachment":[{"href":"https:\/\/motokary-karting.sk\/cz\/wp-json\/wp\/v2\/media?parent=28869"}],"wp:term":[{"taxonomy":"product_brand","embeddable":true,"href":"https:\/\/motokary-karting.sk\/cz\/wp-json\/wp\/v2\/product_brand?post=28869"},{"taxonomy":"product_cat","embeddable":true,"href":"https:\/\/motokary-karting.sk\/cz\/wp-json\/wp\/v2\/product_cat?post=28869"},{"taxonomy":"product_tag","embeddable":true,"href":"https:\/\/motokary-karting.sk\/cz\/wp-json\/wp\/v2\/product_tag?post=28869"}],"curies":[{"name":"wp","href":"https:\/\/api.w.org\/{rel}","templated":true}]}}