{"id":29356,"date":"2025-08-29T09:08:50","date_gmt":"2025-08-29T09:08:50","guid":{"rendered":"https:\/\/motokary-karting.sk\/?post_type=product&#038;p=29356"},"modified":"2026-02-11T10:08:59","modified_gmt":"2026-02-11T10:08:59","slug":"prilba-bell-hp77-evo-iv","status":"publish","type":"product","link":"https:\/\/motokary-karting.sk\/cz\/produkt\/bell-prilba-hp77-evo-iv\/","title":{"rendered":"P\u0159ilba Bell HP77 EVO IV"},"content":{"rendered":"<p>Model HP77 vych\u00e1z\u00ed z velmi \u00fasp\u011b\u0161n\u00e9ho designu HP7 spole\u010dnosti Bell, kter\u00fd se ji\u017e osv\u011bd\u010dil v historii sv\u011btov\u00fdch \u0161ampion\u016f Formule 1, a poskytuje nejnov\u011bj\u0161\u00ed ochranu proti n\u00e1razu d\u00edky zmen\u0161en\u00ed otvoru hled\u00ed o 12 mm a zes\u00edlen\u00ed p\u0159edn\u00ed \u010d\u00e1sti p\u0159ilby s pokro\u010dilou balistickou ochranou. HP77 je nejpokro\u010dilej\u0161\u00ed p\u0159ilba s certifikac\u00ed FIA8860-2018 v produktov\u00e9 \u0159ad\u011b Bell a stanovuje nov\u00fd standard pro lehk\u00e9, aerodynamicky dokonal\u00e9 p\u0159ilby z uhl\u00edkov\u00fdch vl\u00e1ken pro intenzivn\u00ed po\u017eadavky z\u00e1vod\u016f s otev\u0159en\u00fdmi koly a otev\u0159en\u00fdmi kokpity. HP77 je homologov\u00e1na podle <strong>FIA8860-2018 ABP<\/strong>, co\u017e je nejp\u0159\u00edsn\u011bj\u0161\u00ed norma pro sportovn\u00ed p\u0159ilby na sv\u011bt\u011b, navr\u017een\u00e1 pro profesion\u00e1ln\u00ed jezdce Formule 1, kte\u0159\u00ed se \u00fa\u010dastn\u00ed z\u00e1vod\u016f na nejvy\u0161\u0161\u00ed \u00farovni.<\/p>","protected":false},"excerpt":{"rendered":"<p>Model HP77 vych\u00e1z\u00ed z velmi \u00fasp\u011b\u0161n\u00e9 konstrukce HP7 spole\u010dnosti Bell, kter\u00e1 se ji\u017e osv\u011bd\u010dila v historii sv\u011btov\u00fdch \u0161ampion\u016f Formule 1, a poskytuje nejnov\u011bj\u0161\u00ed ochranu...<\/p>","protected":false},"featured_media":29373,"template":"","meta":[],"product_brand":[],"product_cat":[962,21,18],"product_tag":[963,964,3372,965,1689,967,1728,142,2019,2018,984,2022,81,1690,985,1675],"class_list":{"0":"post-29356","1":"product","2":"type-product","3":"status-publish","4":"has-post-thumbnail","6":"product_cat-bell","7":"product_cat-prilby","8":"product_cat-vybava-pretekara","9":"product_tag-bell","10":"product_tag-bell-helmets","11":"product_tag-bell-hp7-iv-evo","12":"product_tag-bell-prilba","13":"product_tag-bell-prilba-rs7-k","14":"product_tag-bell-rs7-k","15":"product_tag-kart-shop","16":"product_tag-karting","17":"product_tag-kartingova-helma","18":"product_tag-kartingovs-prilba","19":"product_tag-motokarova-prilba","20":"product_tag-motokarova-prilba-bell","21":"product_tag-motokary","22":"product_tag-prilba-bell-rs7-k","23":"product_tag-prilba-na-motokary","24":"product_tag-prilby-bell","26":"first","27":"onbackorder","28":"taxable","29":"shipping-taxable","30":"purchasable","31":"product-type-variable","32":"customify-col","33":"product-has-gallery"},"aioseo_notices":[],"_links":{"self":[{"href":"https:\/\/motokary-karting.sk\/cz\/wp-json\/wp\/v2\/product\/29356","targetHints":{"allow":["GET"]}}],"collection":[{"href":"https:\/\/motokary-karting.sk\/cz\/wp-json\/wp\/v2\/product"}],"about":[{"href":"https:\/\/motokary-karting.sk\/cz\/wp-json\/wp\/v2\/types\/product"}],"wp:featuredmedia":[{"embeddable":true,"href":"https:\/\/motokary-karting.sk\/cz\/wp-json\/wp\/v2\/media\/29373"}],"wp:attachment":[{"href":"https:\/\/motokary-karting.sk\/cz\/wp-json\/wp\/v2\/media?parent=29356"}],"wp:term":[{"taxonomy":"product_brand","embeddable":true,"href":"https:\/\/motokary-karting.sk\/cz\/wp-json\/wp\/v2\/product_brand?post=29356"},{"taxonomy":"product_cat","embeddable":true,"href":"https:\/\/motokary-karting.sk\/cz\/wp-json\/wp\/v2\/product_cat?post=29356"},{"taxonomy":"product_tag","embeddable":true,"href":"https:\/\/motokary-karting.sk\/cz\/wp-json\/wp\/v2\/product_tag?post=29356"}],"curies":[{"name":"wp","href":"https:\/\/api.w.org\/{rel}","templated":true}]}}