{"id":29808,"date":"2025-12-05T10:18:27","date_gmt":"2025-12-05T10:18:27","guid":{"rendered":"https:\/\/motokary-karting.sk\/?post_type=product&#038;p=29808"},"modified":"2026-03-26T15:36:00","modified_gmt":"2026-03-26T15:36:00","slug":"kombineza-omp-pc-4","status":"publish","type":"product","link":"https:\/\/motokary-karting.sk\/cz\/produkt\/omp-kombineza-ks-4\/","title":{"rendered":"Kombin\u00e9za OMP KS-4"},"content":{"rendered":"<p>Motok\u00e1rov\u00e1 kombin\u00e9za OMP je extr\u00e9mn\u011b tenk\u00e1 a lehk\u00e1, ide\u00e1ln\u00ed pro hobby a halov\u00e9 pou\u017eit\u00ed a ide\u00e1ln\u00ed pro situace, kdy homologace nen\u00ed povinn\u00e1. Kombinace prody\u0161n\u00e9 s\u00ed\u0165ovan\u00e9 pod\u0161\u00edvky a strategicky um\u00edst\u011bn\u00fdch laserem \u0159ezan\u00fdch mikroperforac\u00ed (syst\u00e9m AirFlow) zaji\u0161\u0165uje vynikaj\u00edc\u00ed ventilaci a optim\u00e1ln\u00ed regulaci teploty. Vizu\u00e1ln\u011b je kombin\u00e9za inspirov\u00e1na profesion\u00e1ln\u00edmi z\u00e1vodn\u00edmi kombin\u00e9zami: s kontrastn\u00edmi ramenn\u00edmi popruhy, pruhy a lemov\u00e1n\u00edm, bo\u010dn\u00edmi kapsami a zap\u00edn\u00e1n\u00edm na p\u00e1sek a krk v typick\u00e9m motoristick\u00e9m stylu. Pleten\u00e9 man\u017eety na ruk\u00e1vech a nohavic\u00edch dotv\u00e1\u0159ej\u00ed sportovn\u00ed vzhled.<\/p>","protected":false},"excerpt":{"rendered":"<p>Motok\u00e1rov\u00e1 kombin\u00e9za OMP je extr\u00e9mn\u011b tenk\u00e1 a lehk\u00e1, ide\u00e1ln\u00ed pro hobby a halov\u00e9 pou\u017eit\u00ed a ide\u00e1ln\u00ed pro situace, kdy homologace nen\u00ed povinn\u00e1. Kombinace prody\u0161n\u00e9ho materi\u00e1lu a...<\/p>","protected":false},"featured_media":29935,"template":"","meta":[],"product_brand":[],"product_cat":[22,91,18],"product_tag":[142,1344,2117,1258,2118,81,2119,2116,3412,3413,1825],"class_list":{"0":"post-29808","1":"product","2":"type-product","3":"status-publish","4":"has-post-thumbnail","6":"product_cat-kombinezy","7":"product_cat-omp-kombinezy","8":"product_cat-vybava-pretekara","9":"product_tag-karting","10":"product_tag-karting-shop","11":"product_tag-kombinezqa-na-motokary","12":"product_tag-motokarova-kombineza","13":"product_tag-motokarovy-shop","14":"product_tag-motokary","15":"product_tag-motokary-obchod","16":"product_tag-omp-karting-kombineza","17":"product_tag-omp-kombineza-ks-4","18":"product_tag-omp-ks-4","19":"product_tag-omp-shop","21":"first","22":"onbackorder","23":"taxable","24":"shipping-taxable","25":"purchasable","26":"product-type-variable","27":"customify-col","28":"product-has-gallery"},"aioseo_notices":[],"_links":{"self":[{"href":"https:\/\/motokary-karting.sk\/cz\/wp-json\/wp\/v2\/product\/29808","targetHints":{"allow":["GET"]}}],"collection":[{"href":"https:\/\/motokary-karting.sk\/cz\/wp-json\/wp\/v2\/product"}],"about":[{"href":"https:\/\/motokary-karting.sk\/cz\/wp-json\/wp\/v2\/types\/product"}],"wp:featuredmedia":[{"embeddable":true,"href":"https:\/\/motokary-karting.sk\/cz\/wp-json\/wp\/v2\/media\/29935"}],"wp:attachment":[{"href":"https:\/\/motokary-karting.sk\/cz\/wp-json\/wp\/v2\/media?parent=29808"}],"wp:term":[{"taxonomy":"product_brand","embeddable":true,"href":"https:\/\/motokary-karting.sk\/cz\/wp-json\/wp\/v2\/product_brand?post=29808"},{"taxonomy":"product_cat","embeddable":true,"href":"https:\/\/motokary-karting.sk\/cz\/wp-json\/wp\/v2\/product_cat?post=29808"},{"taxonomy":"product_tag","embeddable":true,"href":"https:\/\/motokary-karting.sk\/cz\/wp-json\/wp\/v2\/product_tag?post=29808"}],"curies":[{"name":"wp","href":"https:\/\/api.w.org\/{rel}","templated":true}]}}