{"id":29942,"date":"2025-12-05T11:04:35","date_gmt":"2025-12-05T11:04:35","guid":{"rendered":"https:\/\/motokary-karting.sk\/?post_type=product&#038;p=29942"},"modified":"2026-01-28T18:06:23","modified_gmt":"2026-01-28T18:06:23","slug":"rukavice-omp-ks-3nove","status":"publish","type":"product","link":"https:\/\/motokary-karting.sk\/cz\/produkt\/omp-rukavice-ks-3new\/","title":{"rendered":"Rukavice OMP KS-3"},"content":{"rendered":"<p>KS-3 jsou ultratenk\u00e9 motok\u00e1rov\u00e9 rukavice OMP vyroben\u00e9 z inovativn\u00ed tkaniny Ricegrain AirFlow pro v\u00fdrazn\u011b lep\u0161\u00ed ventilaci a vynikaj\u00edc\u00ed pohodl\u00ed. Speci\u00e1ln\u00ed vn\u011bj\u0161\u00ed \u0161vy, ergonomicky tvarovan\u00e1 konstrukce a elastick\u00fd z\u00e1p\u011bstn\u00ed p\u00e1sek s rovn\u00fdm okrajem zaji\u0161\u0165uj\u00ed vynikaj\u00edc\u00ed p\u0159izp\u016fsoben\u00ed.<\/p>\n<p>Velk\u00e9 silikonov\u00e9 potisky zaji\u0161\u0165uj\u00ed optim\u00e1ln\u00ed p\u0159ilnavost a p\u0159esn\u00e9 \u0159\u00edzen\u00ed.<\/p>","protected":false},"excerpt":{"rendered":"<p>KS-3 jsou ultratenk\u00e9 motok\u00e1rov\u00e9 rukavice OMP vyroben\u00e9 z inovativn\u00ed tkaniny Ricegrain AirFlow pro v\u00fdrazn\u011b lep\u0161\u00ed ventilaci a vynikaj\u00edc\u00ed pohodl\u00ed. Speci\u00e1ln\u00ed vn\u011bj\u0161\u00ed \u0161vy, ergonomicky tvarovan\u00e9 a...<\/p>","protected":false},"featured_media":29994,"template":"","meta":[],"product_brand":[],"product_cat":[90,15,18],"product_tag":[2774,142,1344,2776,1084,81,25,2778,2775,2779,1825,83,1083,2777],"class_list":{"0":"post-29942","1":"product","2":"type-product","3":"status-publish","4":"has-post-thumbnail","6":"product_cat-omp","7":"product_cat-rukavice","8":"product_cat-vybava-pretekara","9":"product_tag-diler-omp","10":"product_tag-karting","11":"product_tag-karting-shop","12":"product_tag-motokarove-omp-rukavice","13":"product_tag-motokarove-rukavice","14":"product_tag-motokary","15":"product_tag-omp","16":"product_tag-omp-ks-3-rukavice","17":"product_tag-omp-rukavice","18":"product_tag-omp-rukavice-ks-3","19":"product_tag-omp-shop","20":"product_tag-rukavice","21":"product_tag-rukavice-na-motokary","22":"product_tag-rukavice-omp-na-motokary","24":"first","25":"onbackorder","26":"taxable","27":"shipping-taxable","28":"purchasable","29":"product-type-variable","30":"customify-col","31":"product-has-gallery"},"aioseo_notices":[],"_links":{"self":[{"href":"https:\/\/motokary-karting.sk\/cz\/wp-json\/wp\/v2\/product\/29942","targetHints":{"allow":["GET"]}}],"collection":[{"href":"https:\/\/motokary-karting.sk\/cz\/wp-json\/wp\/v2\/product"}],"about":[{"href":"https:\/\/motokary-karting.sk\/cz\/wp-json\/wp\/v2\/types\/product"}],"wp:featuredmedia":[{"embeddable":true,"href":"https:\/\/motokary-karting.sk\/cz\/wp-json\/wp\/v2\/media\/29994"}],"wp:attachment":[{"href":"https:\/\/motokary-karting.sk\/cz\/wp-json\/wp\/v2\/media?parent=29942"}],"wp:term":[{"taxonomy":"product_brand","embeddable":true,"href":"https:\/\/motokary-karting.sk\/cz\/wp-json\/wp\/v2\/product_brand?post=29942"},{"taxonomy":"product_cat","embeddable":true,"href":"https:\/\/motokary-karting.sk\/cz\/wp-json\/wp\/v2\/product_cat?post=29942"},{"taxonomy":"product_tag","embeddable":true,"href":"https:\/\/motokary-karting.sk\/cz\/wp-json\/wp\/v2\/product_tag?post=29942"}],"curies":[{"name":"wp","href":"https:\/\/api.w.org\/{rel}","templated":true}]}}