{"id":30001,"date":"2025-12-05T11:27:54","date_gmt":"2025-12-05T11:27:54","guid":{"rendered":"https:\/\/motokary-karting.sk\/?post_type=product&#038;p=30001"},"modified":"2026-02-11T10:50:21","modified_gmt":"2026-02-11T10:50:21","slug":"rukavice-sparco-k-arrow-wp-vodotesne","status":"publish","type":"product","link":"https:\/\/motokary-karting.sk\/cz\/produkt\/sparco-rukavice-k-arrow-wp-waterproof\/","title":{"rendered":"Rukavice Sparco K-ARROW+ WP (vodot\u011bsn\u00e9)"},"content":{"rendered":"<p>Prvn\u00ed volba profesion\u00e1l\u016f pro chladn\u00e9 a mokr\u00e9 z\u00e1vodn\u00ed dny: motok\u00e1rov\u00e9 rukavice Sparco K-Arrow+ WP, homologovan\u00e9 podle FIA 8877-2022, nab\u00edzej\u00ed d\u00edky nepromokav\u00e9 membr\u00e1n\u011b rozs\u00e1hlou ochranu proti vlhkosti a udr\u017euj\u00ed ruce ve viditeln\u00e9m teple.<\/p>\n<p>P\u0159edtvarovan\u00e1 dla\u0148 s \u010d\u00e1ste\u010dn\u00fdm potahem Sparco HTX zaji\u0161\u0165uje optim\u00e1ln\u00ed dr\u017een\u00ed volantu i za nep\u0159\u00edzniv\u00fdch podm\u00ednek. Jsou tak\u00e9 vybaveny citliv\u00fdm ukazov\u00e1\u010dkem kompatibiln\u00edm s dotykovou obrazovkou.<\/p>","protected":false},"excerpt":{"rendered":"<p>Prvn\u00ed volba profesion\u00e1l\u016f pro chladn\u00e9 a mokr\u00e9 z\u00e1vodn\u00ed dny: motok\u00e1rov\u00e9 rukavice Sparco K-Arrow+ WP, homologovan\u00e9 podle FIA 8877-2022, nab\u00edzej\u00ed rozs\u00e1hlou ochranu proti vlhkosti d\u00edky nepromokav\u00e9mu...<\/p>","protected":false},"featured_media":30038,"template":"","meta":[],"product_brand":[],"product_cat":[15,93,18],"product_tag":[142,1344,1084,81,97,83,1083,472,26,2772,2773,3414,3364],"class_list":{"0":"post-30001","1":"product","2":"type-product","3":"status-publish","4":"has-post-thumbnail","6":"product_cat-rukavice","7":"product_cat-sparco","8":"product_cat-vybava-pretekara","9":"product_tag-karting","10":"product_tag-karting-shop","11":"product_tag-motokarove-rukavice","12":"product_tag-motokary","13":"product_tag-record","14":"product_tag-rukavice","15":"product_tag-rukavice-na-motokary","16":"product_tag-rukavice-sparco","17":"product_tag-sparco","18":"product_tag-sparco-arrow-k","19":"product_tag-sparco-arrow-k-rukavice","20":"product_tag-sparco-arrow-wp","21":"product_tag-sparco-k-arrow","23":"first","24":"onbackorder","25":"taxable","26":"shipping-taxable","27":"purchasable","28":"product-type-variable","29":"customify-col","30":"product-has-gallery"},"aioseo_notices":[],"_links":{"self":[{"href":"https:\/\/motokary-karting.sk\/cz\/wp-json\/wp\/v2\/product\/30001","targetHints":{"allow":["GET"]}}],"collection":[{"href":"https:\/\/motokary-karting.sk\/cz\/wp-json\/wp\/v2\/product"}],"about":[{"href":"https:\/\/motokary-karting.sk\/cz\/wp-json\/wp\/v2\/types\/product"}],"wp:featuredmedia":[{"embeddable":true,"href":"https:\/\/motokary-karting.sk\/cz\/wp-json\/wp\/v2\/media\/30038"}],"wp:attachment":[{"href":"https:\/\/motokary-karting.sk\/cz\/wp-json\/wp\/v2\/media?parent=30001"}],"wp:term":[{"taxonomy":"product_brand","embeddable":true,"href":"https:\/\/motokary-karting.sk\/cz\/wp-json\/wp\/v2\/product_brand?post=30001"},{"taxonomy":"product_cat","embeddable":true,"href":"https:\/\/motokary-karting.sk\/cz\/wp-json\/wp\/v2\/product_cat?post=30001"},{"taxonomy":"product_tag","embeddable":true,"href":"https:\/\/motokary-karting.sk\/cz\/wp-json\/wp\/v2\/product_tag?post=30001"}],"curies":[{"name":"wp","href":"https:\/\/api.w.org\/{rel}","templated":true}]}}