{"id":30284,"date":"2025-12-05T16:04:57","date_gmt":"2025-12-05T16:04:57","guid":{"rendered":"https:\/\/motokary-karting.sk\/?post_type=product&#038;p=30284"},"modified":"2026-01-28T17:36:29","modified_gmt":"2026-01-28T17:36:29","slug":"chladici-vesta-sparco","status":"publish","type":"product","link":"https:\/\/motokary-karting.sk\/cz\/produkt\/sparco-chladiaca-vesta\/","title":{"rendered":"Chladic\u00ed vesta Sparco"},"content":{"rendered":"<p>Tuto inovativn\u00ed chladic\u00ed vestu vyvinula spole\u010dnost Sparco, aby jezdc\u016fm a mechanik\u016fm poskytla maxim\u00e1ln\u00ed pohodl\u00ed a optim\u00e1ln\u00ed v\u00fdkon p\u0159i vysok\u00fdch teplot\u00e1ch na trati i v paddocku. Pom\u00e1h\u00e1 sni\u017eovat riziko dehydratace, udr\u017eovat krevn\u00ed tlak a energetick\u00e9 rezervy mozku a zvy\u0161uje odolnost v\u016f\u010di stresu.<\/p>\n<p>Neho\u0159lav\u00fd materi\u00e1l, odn\u00edmateln\u00e9 a opakovan\u011b pou\u017eiteln\u00e9 chladic\u00ed podlo\u017eky.<\/p>","protected":false},"excerpt":{"rendered":"<p>Tuto inovativn\u00ed chladic\u00ed vestu vyvinula spole\u010dnost Sparco, aby jezdc\u016fm a mechanik\u016fm poskytla maxim\u00e1ln\u00ed pohodl\u00ed a optim\u00e1ln\u00ed v\u00fdkon p\u0159i vysok\u00fdch teplot\u00e1ch na trati a...<\/p>","protected":false},"featured_media":30295,"template":"","meta":[],"product_brand":[],"product_cat":[22,32,88,742,98,158,465,1045,18],"product_tag":[3354,3352,3355,3353,81,3308],"class_list":{"0":"post-30284","1":"product","2":"type-product","3":"status-publish","4":"has-post-thumbnail","6":"product_cat-kombinezy","7":"product_cat-lifestyle-oblecenie-a-produkty-na-volny-cas","8":"product_cat-ochrana-rebier","9":"product_cat-ostatne-lifestyloblecenieadoplnky","10":"product_cat-sparco-kombinezy","11":"product_cat-tip-na-darcek","12":"product_cat-tricka-a-spodne-pradlo","13":"product_cat-vesty","14":"product_cat-vybava-pretekara","15":"product_tag-alpinestars-chladiaca-vesta","16":"product_tag-alpinestars-cooling-vest","17":"product_tag-chladiaca-vesta-alpinestars","18":"product_tag-chladica-vesta","19":"product_tag-motokary","20":"product_tag-omp-chladiaca-vesta","22":"first","23":"onbackorder","24":"taxable","25":"shipping-taxable","26":"purchasable","27":"product-type-variable","28":"customify-col","29":"product-has-gallery"},"aioseo_notices":[],"_links":{"self":[{"href":"https:\/\/motokary-karting.sk\/cz\/wp-json\/wp\/v2\/product\/30284","targetHints":{"allow":["GET"]}}],"collection":[{"href":"https:\/\/motokary-karting.sk\/cz\/wp-json\/wp\/v2\/product"}],"about":[{"href":"https:\/\/motokary-karting.sk\/cz\/wp-json\/wp\/v2\/types\/product"}],"wp:featuredmedia":[{"embeddable":true,"href":"https:\/\/motokary-karting.sk\/cz\/wp-json\/wp\/v2\/media\/30295"}],"wp:attachment":[{"href":"https:\/\/motokary-karting.sk\/cz\/wp-json\/wp\/v2\/media?parent=30284"}],"wp:term":[{"taxonomy":"product_brand","embeddable":true,"href":"https:\/\/motokary-karting.sk\/cz\/wp-json\/wp\/v2\/product_brand?post=30284"},{"taxonomy":"product_cat","embeddable":true,"href":"https:\/\/motokary-karting.sk\/cz\/wp-json\/wp\/v2\/product_cat?post=30284"},{"taxonomy":"product_tag","embeddable":true,"href":"https:\/\/motokary-karting.sk\/cz\/wp-json\/wp\/v2\/product_tag?post=30284"}],"curies":[{"name":"wp","href":"https:\/\/api.w.org\/{rel}","templated":true}]}}