{"id":30301,"date":"2025-12-05T16:26:19","date_gmt":"2025-12-05T16:26:19","guid":{"rendered":"https:\/\/motokary-karting.sk\/?post_type=product&#038;p=30301"},"modified":"2026-01-29T19:15:33","modified_gmt":"2026-01-29T19:15:33","slug":"popruh-na-krk-alpinestars","status":"publish","type":"product","link":"https:\/\/motokary-karting.sk\/cz\/produkt\/alpinestars-satka-na-krk\/","title":{"rendered":"\u0160\u00e1tek na krk Alpinestars"},"content":{"rendered":"<p>Lehk\u00fd n\u00e1kr\u010dn\u00edk od spole\u010dnosti Alpinestars pro optim\u00e1ln\u00ed ochranu p\u0159ed v\u011btrem. Vyroben ze super m\u011bkk\u00e9ho, elastick\u00e9ho mikrofleecu s otev\u0159enou s\u00ed\u0165ovanou pod\u0161\u00edvkou a beze\u0161v\u00fdm l\u00edmcem.<\/p>","protected":false},"excerpt":{"rendered":"<p>Lehk\u00fd n\u00e1kr\u010dn\u00edk od spole\u010dnosti Alpinestars pro optim\u00e1ln\u00ed ochranu p\u0159ed v\u011btrem. Vyroben ze super m\u011bkk\u00e9ho, elastick\u00e9ho mikrofleecu s otev\u0159enou s\u00ed\u0165ovanou pod\u0161\u00edvkou a beze\u0161v\u00fdm l\u00edmcem.<\/p>","protected":false},"featured_media":30304,"template":"","meta":[],"product_brand":[],"product_cat":[32,742,158],"product_tag":[142,81,945,26,1425,946,955],"class_list":{"0":"post-30301","1":"product","2":"type-product","3":"status-publish","4":"has-post-thumbnail","6":"product_cat-lifestyle-oblecenie-a-produkty-na-volny-cas","7":"product_cat-ostatne-lifestyloblecenieadoplnky","8":"product_cat-tip-na-darcek","9":"product_tag-karting","10":"product_tag-motokary","11":"product_tag-predajna-sparco","12":"product_tag-sparco","13":"product_tag-sparco-dazdnik","14":"product_tag-sparco-dealer","15":"product_tag-sparco-predajna","17":"first","18":"onbackorder","19":"taxable","20":"shipping-taxable","21":"purchasable","22":"product-type-variable","23":"customify-col","24":"product-has-gallery"},"aioseo_notices":[],"_links":{"self":[{"href":"https:\/\/motokary-karting.sk\/cz\/wp-json\/wp\/v2\/product\/30301","targetHints":{"allow":["GET"]}}],"collection":[{"href":"https:\/\/motokary-karting.sk\/cz\/wp-json\/wp\/v2\/product"}],"about":[{"href":"https:\/\/motokary-karting.sk\/cz\/wp-json\/wp\/v2\/types\/product"}],"wp:featuredmedia":[{"embeddable":true,"href":"https:\/\/motokary-karting.sk\/cz\/wp-json\/wp\/v2\/media\/30304"}],"wp:attachment":[{"href":"https:\/\/motokary-karting.sk\/cz\/wp-json\/wp\/v2\/media?parent=30301"}],"wp:term":[{"taxonomy":"product_brand","embeddable":true,"href":"https:\/\/motokary-karting.sk\/cz\/wp-json\/wp\/v2\/product_brand?post=30301"},{"taxonomy":"product_cat","embeddable":true,"href":"https:\/\/motokary-karting.sk\/cz\/wp-json\/wp\/v2\/product_cat?post=30301"},{"taxonomy":"product_tag","embeddable":true,"href":"https:\/\/motokary-karting.sk\/cz\/wp-json\/wp\/v2\/product_tag?post=30301"}],"curies":[{"name":"wp","href":"https:\/\/api.w.org\/{rel}","templated":true}]}}